{"id":8443,"date":"2025-03-24T15:05:50","date_gmt":"2025-03-24T14:05:50","guid":{"rendered":"https:\/\/cleopatra.nl\/?post_type=product&#038;p=8443"},"modified":"2026-04-26T08:55:42","modified_gmt":"2026-04-26T06:55:42","slug":"accu-tbv-poolmaster-afstandsbediening","status":"publish","type":"product","link":"https:\/\/cleopatra.nl\/fr\/spare-parts\/accu-tbv-poolmaster-afstandsbediening\/","title":{"rendered":"T\u00e9l\u00e9commande Poolmaster \u00e0 pile"},"content":{"rendered":"<p>Batterie de charge pour la t\u00e9l\u00e9commande Poolmaster.<\/p>\n<p>Let op; deze accu kunt u niet retourneren. Dit is een uitlopend product.<\/p>","protected":false},"excerpt":{"rendered":"<p>Oplaad accu ten behoeve van de Poolmaster afstandsbediening. Let op; deze accu kunt u niet retourneren. Dit is een uitlopend product.<\/p>","protected":false},"featured_media":8454,"template":"","format":"standard","meta":{"_acf_changed":false},"product_brand":[347],"product_cat":[60,102,107],"product_tag":[],"class_list":{"0":"post-8443","1":"product","2":"type-product","3":"status-publish","4":"format-standard","5":"has-post-thumbnail","7":"product_brand-cleopatra","8":"product_cat-spare-parts","9":"product_cat-baden-onderdelen","10":"product_cat-elektronica","11":"product_shipping_class-gratis-verzending","13":"first","14":"instock","15":"taxable","16":"shipping-taxable","17":"purchasable","18":"product-type-simple"},"acf":[],"_links":{"self":[{"href":"https:\/\/cleopatra.nl\/fr\/wp-json\/wp\/v2\/product\/8443","targetHints":{"allow":["GET"]}}],"collection":[{"href":"https:\/\/cleopatra.nl\/fr\/wp-json\/wp\/v2\/product"}],"about":[{"href":"https:\/\/cleopatra.nl\/fr\/wp-json\/wp\/v2\/types\/product"}],"wp:featuredmedia":[{"embeddable":true,"href":"https:\/\/cleopatra.nl\/fr\/wp-json\/wp\/v2\/media\/8454"}],"wp:attachment":[{"href":"https:\/\/cleopatra.nl\/fr\/wp-json\/wp\/v2\/media?parent=8443"}],"wp:term":[{"taxonomy":"product_brand","embeddable":true,"href":"https:\/\/cleopatra.nl\/fr\/wp-json\/wp\/v2\/product_brand?post=8443"},{"taxonomy":"product_cat","embeddable":true,"href":"https:\/\/cleopatra.nl\/fr\/wp-json\/wp\/v2\/product_cat?post=8443"},{"taxonomy":"product_tag","embeddable":true,"href":"https:\/\/cleopatra.nl\/fr\/wp-json\/wp\/v2\/product_tag?post=8443"}],"curies":[{"name":"wp","href":"https:\/\/api.w.org\/{rel}","templated":true}]}}