{"id":8577,"date":"2025-05-16T20:14:16","date_gmt":"2025-05-16T18:14:16","guid":{"rendered":"https:\/\/cleopatra.nl\/?post_type=product&#038;p=8577"},"modified":"2026-04-26T21:18:52","modified_gmt":"2026-04-26T19:18:52","slug":"dakdouche-600-x-300-mm-4-straalsoorten","status":"publish","type":"product","link":"https:\/\/cleopatra.nl\/fr\/shop\/wellness-shower\/dakdouche-600-x-300-mm-4-straalsoorten\/","title":{"rendered":"Douche Aquafun 600 x 300 mm | 4 types de jets"},"content":{"rendered":"<p>Vous recherchez un plaisir de douche suppl\u00e9mentaire ? Avec les douches de toit Aquafun, vous avez trouv\u00e9 ce que vous cherchiez. Gr\u00e2ce \u00e0 des jets judicieusement plac\u00e9s, vous pouvez profiter de pas moins de 4 types de jets diff\u00e9rents.<\/p>\n<p>&nbsp;<\/p>\n<h4>STREAMS<\/h4>\n<p>- Le faiseur de pluie<\/p>\n<p>- Cascade<\/p>\n<p>- Colonne d'eau<\/p>\n<p>- Brouillard de pulv\u00e9risation<\/p>\n<p>&nbsp;<\/p>\n<h4>MONTAGE<\/h4>\n<p>Cette douche de toit peut \u00eatre encastr\u00e9e dans un toit ou un plafond.<\/p>\n<p>&nbsp;<\/p>\n<h4>DIMENSION<\/h4>\n<p>600 x 300 mm<\/p>\n<p>&nbsp;<\/p>\n<h4>COULEURS<\/h4>\n<p>Cette douche de toit Aqaufun est disponible en diff\u00e9rentes couleurs PVD ; ces couleurs ont un co\u00fbt suppl\u00e9mentaire. Vous trouverez ci-dessous un aper\u00e7u des couleurs disponibles.<\/p>\n<p>Chrome (standard)<\/p>\n<p>Optique or<\/p>\n<p>Rose d'or optique<\/p>\n<p>Optique chrom\u00e9e noire<\/p>\n<p>&nbsp;<\/p>\n<p>Acier inoxydable bross\u00e9<\/p>\n<p>Bronze bross\u00e9<\/p>\n<p>Chrome noir bross\u00e9<\/p>\n<p>Nickel bross\u00e9<\/p>\n<p>&nbsp;<\/p>\n<h4>ADRESSE<\/h4>\n<p>Cette douche de toit peut \u00eatre raccord\u00e9e \u00e0 un robinet thermostatique conventionnel et \u00e0 des distributeurs. Il est possible de combiner cette douche de toit Aquafun avec la douche de bien-\u00eatre Cleopatra. La douche de bien-\u00eatre Cleopatra est une douche \u00e9lectronique qui vous permet de contr\u00f4ler tous les types de jets via un \u00e9cran de luxe.<\/p>","protected":false},"excerpt":{"rendered":"<p>Bent u op zoek naar extra doucheplezier? Dan heet u met de Aquafun dakdouches gevonden wat u zoekt. Middels slim geplaatste jets kunt u genieten van maar liefst 4 verschillende straalsoorten. &nbsp; STRAALSOORTEN &#8211; Rainmaker &#8211; Waterval &#8211; Water kolom &#8211; Nevel spray &nbsp; MONTAGE Deze dakdouche kan in een dak of plafond worden ingebouwd [&hellip;]<\/p>\n","protected":false},"featured_media":8633,"template":"","format":"standard","meta":{"_acf_changed":false},"product_brand":[347],"product_cat":[275],"product_tag":[],"class_list":{"0":"post-8577","1":"product","2":"type-product","3":"status-publish","4":"format-standard","5":"has-post-thumbnail","7":"product_brand-cleopatra","8":"product_cat-wellness-shower","10":"first","11":"instock","12":"taxable","13":"shipping-taxable","14":"purchasable","15":"product-type-simple"},"acf":[],"_links":{"self":[{"href":"https:\/\/cleopatra.nl\/fr\/wp-json\/wp\/v2\/product\/8577","targetHints":{"allow":["GET"]}}],"collection":[{"href":"https:\/\/cleopatra.nl\/fr\/wp-json\/wp\/v2\/product"}],"about":[{"href":"https:\/\/cleopatra.nl\/fr\/wp-json\/wp\/v2\/types\/product"}],"wp:featuredmedia":[{"embeddable":true,"href":"https:\/\/cleopatra.nl\/fr\/wp-json\/wp\/v2\/media\/8633"}],"wp:attachment":[{"href":"https:\/\/cleopatra.nl\/fr\/wp-json\/wp\/v2\/media?parent=8577"}],"wp:term":[{"taxonomy":"product_brand","embeddable":true,"href":"https:\/\/cleopatra.nl\/fr\/wp-json\/wp\/v2\/product_brand?post=8577"},{"taxonomy":"product_cat","embeddable":true,"href":"https:\/\/cleopatra.nl\/fr\/wp-json\/wp\/v2\/product_cat?post=8577"},{"taxonomy":"product_tag","embeddable":true,"href":"https:\/\/cleopatra.nl\/fr\/wp-json\/wp\/v2\/product_tag?post=8577"}],"curies":[{"name":"wp","href":"https:\/\/api.w.org\/{rel}","templated":true}]}}