{"id":8593,"date":"2025-05-16T20:42:24","date_gmt":"2025-05-16T18:42:24","guid":{"rendered":"https:\/\/cleopatra.nl\/?post_type=product&#038;p=8593"},"modified":"2026-04-26T21:18:52","modified_gmt":"2026-04-26T19:18:52","slug":"aquafun-shower-500x500-mm-1-straalsoort","status":"publish","type":"product","link":"https:\/\/cleopatra.nl\/fr\/shop\/wellness-shower\/aquafun-shower-500x500-mm-1-straalsoort\/","title":{"rendered":"Aquafun Douche 500\u00d7500 mm | 1 type de jet"},"content":{"rendered":"<p>Vous recherchez un plaisir de douche suppl\u00e9mentaire ? Alors vous avez trouv\u00e9 ce que vous cherchiez avec les douches de toit Aquafun. Gr\u00e2ce \u00e0 son format unique, vous vous trouvez juste sous une abondance d'eau.<\/p>\n<p>&nbsp;<\/p>\n<h4>STREAMS<\/h4>\n<p>- Le faiseur de pluie<\/p>\n<p>&nbsp;<\/p>\n<h4>MONTAGE<\/h4>\n<p>Cette douche de toit peut \u00eatre encastr\u00e9e dans un toit ou un plafond.<\/p>\n<p>&nbsp;<\/p>\n<h4>DIMENSION<\/h4>\n<p>500 x 500 mm<\/p>\n<p>&nbsp;<\/p>\n<h4>COULEURS<\/h4>\n<p>Cette douche de toit Aqaufun est disponible en diff\u00e9rentes couleurs PVD ; ces couleurs ont un co\u00fbt suppl\u00e9mentaire. Vous trouverez ci-dessous un aper\u00e7u des couleurs disponibles.<\/p>\n<p>Chrome (standard)<\/p>\n<p>Optique or<\/p>\n<p>Rose d'or optique<\/p>\n<p>Optique chrom\u00e9e noire<\/p>\n<p>&nbsp;<\/p>\n<p>Acier inoxydable bross\u00e9<\/p>\n<p>Bronze bross\u00e9<\/p>\n<p>Chrome noir bross\u00e9<\/p>\n<p>Nickel bross\u00e9<\/p>\n<p>&nbsp;<\/p>\n<h4>ADRESSE<\/h4>\n<p>Cette douche de toit peut \u00eatre raccord\u00e9e \u00e0 un robinet thermostatique conventionnel et \u00e0 des distributeurs. Il est possible de combiner cette douche de toit Aquafun avec la douche de bien-\u00eatre Cleopatra. La douche de bien-\u00eatre Cleopatra est une douche \u00e9lectronique qui vous permet de contr\u00f4ler tous les types de jets via un \u00e9cran de luxe.<\/p>","protected":false},"excerpt":{"rendered":"<p>Bent u op zoek naar extra doucheplezier? Dan heet u met de Aquafun dakdouches gevonden wat u zoekt. Door zijn unieke formaat staat u met recht onder een overvloed van water. &nbsp; STRAALSOORTEN &#8211; Rainmaker &nbsp; MONTAGE Deze dakdouche kan in een dak of plafond worden ingebouwd &nbsp; AFMETING 500 x 500 mm &nbsp; KLEUREN [&hellip;]<\/p>\n","protected":false},"featured_media":8580,"template":"","format":"standard","meta":{"_acf_changed":false},"product_brand":[347],"product_cat":[275],"product_tag":[],"class_list":{"0":"post-8593","1":"product","2":"type-product","3":"status-publish","4":"format-standard","5":"has-post-thumbnail","7":"product_brand-cleopatra","8":"product_cat-wellness-shower","10":"first","11":"instock","12":"taxable","13":"shipping-taxable","14":"purchasable","15":"product-type-simple"},"acf":[],"_links":{"self":[{"href":"https:\/\/cleopatra.nl\/fr\/wp-json\/wp\/v2\/product\/8593","targetHints":{"allow":["GET"]}}],"collection":[{"href":"https:\/\/cleopatra.nl\/fr\/wp-json\/wp\/v2\/product"}],"about":[{"href":"https:\/\/cleopatra.nl\/fr\/wp-json\/wp\/v2\/types\/product"}],"wp:featuredmedia":[{"embeddable":true,"href":"https:\/\/cleopatra.nl\/fr\/wp-json\/wp\/v2\/media\/8580"}],"wp:attachment":[{"href":"https:\/\/cleopatra.nl\/fr\/wp-json\/wp\/v2\/media?parent=8593"}],"wp:term":[{"taxonomy":"product_brand","embeddable":true,"href":"https:\/\/cleopatra.nl\/fr\/wp-json\/wp\/v2\/product_brand?post=8593"},{"taxonomy":"product_cat","embeddable":true,"href":"https:\/\/cleopatra.nl\/fr\/wp-json\/wp\/v2\/product_cat?post=8593"},{"taxonomy":"product_tag","embeddable":true,"href":"https:\/\/cleopatra.nl\/fr\/wp-json\/wp\/v2\/product_tag?post=8593"}],"curies":[{"name":"wp","href":"https:\/\/api.w.org\/{rel}","templated":true}]}}