{"id":8712,"date":"2025-07-07T08:42:18","date_gmt":"2025-07-07T06:42:18","guid":{"rendered":"https:\/\/cleopatra.nl\/?post_type=product&#038;p=8712"},"modified":"2026-04-26T08:55:41","modified_gmt":"2026-04-26T06:55:41","slug":"fixfit-muuraansluitbocht-e-zonder-terugslagklep","status":"publish","type":"product","link":"https:\/\/cleopatra.nl\/fr\/spare-parts\/fixfit-muuraansluitbocht-e-zonder-terugslagklep\/","title":{"rendered":"FixFit coude de raccordement mural E | Hansgrohe | sans clapet anti-retour"},"content":{"rendered":"<p><strong>Caract\u00e9ristiques de l'article :<\/strong><br \/>\npour tuyau de douche avec \u00e9crou conique des deux c\u00f4t\u00e9s<br \/>\ncoude de raccordement mural en plastique<br \/>\nmat\u00e9riau du couvercle : plastique<br \/>\nconnexion : G\u00bd<\/p>","protected":false},"excerpt":{"rendered":"<p>Vous voulez savoir comment remplacer ce produit ? <a href=\"https:\/\/cleopatra.nl\/wp-content\/uploads\/27454000.pdf\" target=\"_blank\" rel=\"noopener\">Cliquez ensuite sur le manuel de service<\/a><\/p>","protected":false},"featured_media":8713,"template":"","format":"standard","meta":{"_acf_changed":false},"product_brand":[347],"product_cat":[60,112,103],"product_tag":[],"class_list":{"0":"post-8712","1":"product","2":"type-product","3":"status-publish","4":"format-standard","5":"has-post-thumbnail","7":"product_brand-cleopatra","8":"product_cat-spare-parts","9":"product_cat-kraan-onderdelen","10":"product_cat-stoomcabine-onderdelen","11":"product_shipping_class-gratis-verzending","13":"first","14":"instock","15":"taxable","16":"shipping-taxable","17":"purchasable","18":"product-type-simple"},"acf":[],"_links":{"self":[{"href":"https:\/\/cleopatra.nl\/fr\/wp-json\/wp\/v2\/product\/8712","targetHints":{"allow":["GET"]}}],"collection":[{"href":"https:\/\/cleopatra.nl\/fr\/wp-json\/wp\/v2\/product"}],"about":[{"href":"https:\/\/cleopatra.nl\/fr\/wp-json\/wp\/v2\/types\/product"}],"wp:featuredmedia":[{"embeddable":true,"href":"https:\/\/cleopatra.nl\/fr\/wp-json\/wp\/v2\/media\/8713"}],"wp:attachment":[{"href":"https:\/\/cleopatra.nl\/fr\/wp-json\/wp\/v2\/media?parent=8712"}],"wp:term":[{"taxonomy":"product_brand","embeddable":true,"href":"https:\/\/cleopatra.nl\/fr\/wp-json\/wp\/v2\/product_brand?post=8712"},{"taxonomy":"product_cat","embeddable":true,"href":"https:\/\/cleopatra.nl\/fr\/wp-json\/wp\/v2\/product_cat?post=8712"},{"taxonomy":"product_tag","embeddable":true,"href":"https:\/\/cleopatra.nl\/fr\/wp-json\/wp\/v2\/product_tag?post=8712"}],"curies":[{"name":"wp","href":"https:\/\/api.w.org\/{rel}","templated":true}]}}