{"id":8716,"date":"2025-07-07T11:33:59","date_gmt":"2025-07-07T09:33:59","guid":{"rendered":"https:\/\/cleopatra.nl\/?post_type=product&#038;p=8716"},"modified":"2026-04-26T10:26:04","modified_gmt":"2026-04-26T08:26:04","slug":"abonnement-onderhoud-professioneel-jaarlijks","status":"publish","type":"product","link":"https:\/\/cleopatra.nl\/fr\/spare-parts\/analyse-bezoek\/abonnement-onderhoud-professioneel-jaarlijks\/","title":{"rendered":"Abonnement maintenance professionnelle | annuel"},"content":{"rendered":"<p>Vous souhaitez continuer \u00e0 utiliser votre produit Cleopatra en toute tranquillit\u00e9 ? Avec cet abonnement de maintenance, nous enregistrons votre produit et programmons une maintenance annuelle. En effectuant l'entretien annuel, vous prolongez la dur\u00e9e de vie de votre produit Cleopatra.<\/p>\n<p><strong>Entretien des cabines \u00e0 vapeur<\/strong><\/p>\n<ol>\n<li>Entretien annuel (y compris les frais d'intervention + la main-d'\u0153uvre)<\/li>\n<li>Nettoyage de la technologie<\/li>\n<li>Remplir l'odorisant (le cas \u00e9ch\u00e9ant)<\/li>\n<li>V\u00e9rification du bon fonctionnement<\/li>\n<li>Explication possible de l'utilisation<\/li>\n<li>Gestion administrative de la maintenance.<\/li>\n<\/ol>\n<p><strong>Maintenance Whirlpool<\/strong><\/p>\n<ol>\n<li>Entretien annuel (y compris les frais d'intervention + la main-d'\u0153uvre)<\/li>\n<li>Nettoyage du syst\u00e8me d'hydromassage<\/li>\n<li>V\u00e9rification du bon fonctionnement<\/li>\n<li>Explication possible de l'utilisation<\/li>\n<li>Gestion administrative de la maintenance.<\/li>\n<\/ol>\n<p><strong>Entretien du sauna<\/strong><\/p>\n<ol>\n<li>Entretien annuel (y compris les frais d'intervention + la main-d'\u0153uvre)<\/li>\n<li>Remplacement des pierres de sauna<\/li>\n<li>V\u00e9rification du bon fonctionnement<\/li>\n<li>Explication possible de l'utilisation<\/li>\n<li>Gestion administrative de la maintenance.<\/li>\n<\/ol>\n<p><strong>NOTES :<\/strong><\/p>\n<ol>\n<li>Cet abonnement est valable un an<\/li>\n<li>Vous devez renouveler cet abonnement vous-m\u00eame<\/li>\n<li>Le mat\u00e9riel est exclu de cet abonnement<\/li>\n<li>Cleopatra peut d\u00e9cider que votre produit n'est pas \u00e9ligible \u00e0 l'abonnement.<\/li>\n<li>Les produits de plus de 10 ans qui n'ont pas \u00e9t\u00e9 entretenus auparavant ne peuvent pas faire l'objet d'un abonnement.<\/li>\n<\/ol>","protected":false},"excerpt":{"rendered":"<p>Wilt u zorgeloos gebruik blijven maken van uw Cleopatra product? Met dit onderhoudsabonnement registreren we uw product en plannen we jaarlijks onderhoud. Door jaarlijks onderhoud uit te voeren verlengd u de levensduur van uw Cleopatra product. Onderhoud Stoomcabine Jaarlijks onderhoud (incl. voorrijkosten + arbeidsloon) Schoonmaken de techniek Bijvullen geurstof (indien van toepassen) Controleren op goede [&hellip;]<\/p>\n","protected":false},"featured_media":8247,"template":"","format":"standard","meta":{"_acf_changed":false},"product_brand":[347],"product_cat":[297],"product_tag":[],"class_list":{"0":"post-8716","1":"product","2":"type-product","3":"status-publish","4":"format-standard","5":"has-post-thumbnail","7":"product_brand-cleopatra","8":"product_cat-analyse-bezoek","9":"product_shipping_class-gratis-verzending","11":"first","12":"instock","13":"sold-individually","14":"taxable","15":"shipping-taxable","16":"purchasable","17":"product-type-simple"},"acf":[],"_links":{"self":[{"href":"https:\/\/cleopatra.nl\/fr\/wp-json\/wp\/v2\/product\/8716","targetHints":{"allow":["GET"]}}],"collection":[{"href":"https:\/\/cleopatra.nl\/fr\/wp-json\/wp\/v2\/product"}],"about":[{"href":"https:\/\/cleopatra.nl\/fr\/wp-json\/wp\/v2\/types\/product"}],"wp:featuredmedia":[{"embeddable":true,"href":"https:\/\/cleopatra.nl\/fr\/wp-json\/wp\/v2\/media\/8247"}],"wp:attachment":[{"href":"https:\/\/cleopatra.nl\/fr\/wp-json\/wp\/v2\/media?parent=8716"}],"wp:term":[{"taxonomy":"product_brand","embeddable":true,"href":"https:\/\/cleopatra.nl\/fr\/wp-json\/wp\/v2\/product_brand?post=8716"},{"taxonomy":"product_cat","embeddable":true,"href":"https:\/\/cleopatra.nl\/fr\/wp-json\/wp\/v2\/product_cat?post=8716"},{"taxonomy":"product_tag","embeddable":true,"href":"https:\/\/cleopatra.nl\/fr\/wp-json\/wp\/v2\/product_tag?post=8716"}],"curies":[{"name":"wp","href":"https:\/\/api.w.org\/{rel}","templated":true}]}}