{"id":8717,"date":"2025-07-07T11:36:51","date_gmt":"2025-07-07T09:36:51","guid":{"rendered":"https:\/\/cleopatra.nl\/?post_type=product&#038;p=8717"},"modified":"2026-04-26T10:25:43","modified_gmt":"2026-04-26T08:25:43","slug":"abonnement-onderhoud-professioneel-kwartaal","status":"publish","type":"product","link":"https:\/\/cleopatra.nl\/fr\/spare-parts\/analyse-bezoek\/abonnement-onderhoud-professioneel-kwartaal\/","title":{"rendered":"Abonnement maintenance professionnelle | trimestre"},"content":{"rendered":"<p>Vous souhaitez continuer \u00e0 utiliser votre produit Cleopatra en toute tranquillit\u00e9 ? Avec cet abonnement de maintenance, nous enregistrons votre produit et programmons une maintenance trimestrielle. En effectuant un entretien intensif, vous prolongez la dur\u00e9e de vie de votre produit Cleopatra. Le montant indiqu\u00e9 correspond au prix de 4 entretiens par an.<\/p>\n<p><strong>Avantage de cet abonnement :<\/strong><\/p>\n<ul>\n<li>20% - Remise sur les pi\u00e8ces de rechange<\/li>\n<li>20% r\u00e9duction sur tous les parfums<\/li>\n<li><\/li>\n<\/ul>\n<p><strong>Entretien des cabines \u00e0 vapeur<\/strong><\/p>\n<ol>\n<li>Entretien (y compris les frais d'intervention + la main-d'\u0153uvre)<\/li>\n<li>Nettoyage de la technologie<\/li>\n<li>Remplir l'odorisant (le cas \u00e9ch\u00e9ant)<\/li>\n<li>V\u00e9rification du bon fonctionnement<\/li>\n<li>Explication possible de l'utilisation<\/li>\n<li>Gestion administrative de la maintenance.<\/li>\n<\/ol>\n<p><strong>Maintenance Whirlpool<\/strong><\/p>\n<ol>\n<li>Entretien (y compris les frais d'intervention + la main-d'\u0153uvre)<\/li>\n<li>Nettoyage du syst\u00e8me d'hydromassage<\/li>\n<li>V\u00e9rification du bon fonctionnement<\/li>\n<li>Explication possible de l'utilisation<\/li>\n<li>Gestion administrative de la maintenance.<\/li>\n<\/ol>\n<p><strong>Entretien du sauna<\/strong><\/p>\n<ol>\n<li>Entretien (y compris les frais d'intervention + la main-d'\u0153uvre)<\/li>\n<li>Remplacement des pierres de sauna<\/li>\n<li>V\u00e9rification du bon fonctionnement<\/li>\n<li>Explication possible de l'utilisation<\/li>\n<li>Gestion administrative de la maintenance.<\/li>\n<\/ol>\n<p><strong>Maintenance infrarouge<\/strong><\/p>\n<ol>\n<li>Entretien (y compris les frais d'intervention + la main-d'\u0153uvre)<\/li>\n<li>Remplacement des radiateurs (en fonction du nombre d'heures de combustion)<\/li>\n<li>V\u00e9rification du bon fonctionnement<\/li>\n<li>Explication possible de l'utilisation<\/li>\n<li>Gestion administrative de la maintenance.<\/li>\n<\/ol>\n<p><strong>NOTES :<\/strong><\/p>\n<ol>\n<li>Cet abonnement est valable un an<\/li>\n<li>Vous devez renouveler cet abonnement vous-m\u00eame<\/li>\n<li>Le mat\u00e9riel est exclu de cet abonnement<\/li>\n<li>Cleopatra peut d\u00e9cider que votre produit n'est pas \u00e9ligible \u00e0 l'abonnement.<\/li>\n<li>Les produits de plus de 10 ans qui n'ont pas \u00e9t\u00e9 entretenus auparavant ne peuvent pas faire l'objet d'un abonnement.<\/li>\n<\/ol>","protected":false},"excerpt":{"rendered":"<p>Wilt u zorgeloos gebruik blijven maken van uw Cleopatra product? Met dit onderhoudsabonnement registreren we uw product en plannen we per kwartaal onderhoud. Door intensief onderhoud uit te voeren verlengd u de levensduur van uw Cleopatra product. Het getoonde bedrag is de prijs voor 4x onderhoud per jaar. Voordeel van dit abonnement: 20% korting op [&hellip;]<\/p>\n","protected":false},"featured_media":8247,"template":"","format":"standard","meta":{"_acf_changed":false},"product_brand":[347],"product_cat":[297],"product_tag":[],"class_list":{"0":"post-8717","1":"product","2":"type-product","3":"status-publish","4":"format-standard","5":"has-post-thumbnail","7":"product_brand-cleopatra","8":"product_cat-analyse-bezoek","9":"product_shipping_class-gratis-verzending","11":"first","12":"instock","13":"sold-individually","14":"taxable","15":"shipping-taxable","16":"purchasable","17":"product-type-simple"},"acf":[],"_links":{"self":[{"href":"https:\/\/cleopatra.nl\/fr\/wp-json\/wp\/v2\/product\/8717","targetHints":{"allow":["GET"]}}],"collection":[{"href":"https:\/\/cleopatra.nl\/fr\/wp-json\/wp\/v2\/product"}],"about":[{"href":"https:\/\/cleopatra.nl\/fr\/wp-json\/wp\/v2\/types\/product"}],"wp:featuredmedia":[{"embeddable":true,"href":"https:\/\/cleopatra.nl\/fr\/wp-json\/wp\/v2\/media\/8247"}],"wp:attachment":[{"href":"https:\/\/cleopatra.nl\/fr\/wp-json\/wp\/v2\/media?parent=8717"}],"wp:term":[{"taxonomy":"product_brand","embeddable":true,"href":"https:\/\/cleopatra.nl\/fr\/wp-json\/wp\/v2\/product_brand?post=8717"},{"taxonomy":"product_cat","embeddable":true,"href":"https:\/\/cleopatra.nl\/fr\/wp-json\/wp\/v2\/product_cat?post=8717"},{"taxonomy":"product_tag","embeddable":true,"href":"https:\/\/cleopatra.nl\/fr\/wp-json\/wp\/v2\/product_tag?post=8717"}],"curies":[{"name":"wp","href":"https:\/\/api.w.org\/{rel}","templated":true}]}}