{"id":9277,"date":"2025-11-04T16:16:00","date_gmt":"2025-11-04T15:16:00","guid":{"rendered":"https:\/\/cleopatra.nl\/?post_type=product&#038;p=9277"},"modified":"2026-04-26T21:18:53","modified_gmt":"2026-04-26T19:18:53","slug":"geheimen-van-zouttherapie","status":"publish","type":"product","link":"https:\/\/cleopatra.nl\/fr\/shop\/ebooks\/geheimen-van-zouttherapie\/","title":{"rendered":"Les secrets de la th\u00e9rapie par le sel"},"content":{"rendered":"<p><strong>Les secrets de la th\u00e9rapie par le sel, d\u00e9couvrez les bienfaits des salles de sel pour la sant\u00e9<\/strong><\/p>\n<p><i>La th\u00e9rapie par le sel, \u00e9galement connue sous le nom d'haloth\u00e9rapie, trouve son origine dans la m\u00e9decine naturelle. <\/i><i>les mines de sel d'Europe de l'Est, notamment en Pologne et en Ukraine. Les bienfaits th\u00e9rapeutiques\u00a0<\/i><i>Les vertus du sel sont reconnues depuis des si\u00e8cles. Dans l'Antiquit\u00e9, le sel \u00e9tait utilis\u00e9 pour fabriquer divers produits. <\/i><i>traiter des troubles. Cette pratique s'est popularis\u00e9e au 20e si\u00e8cle, lorsque les gens ont commenc\u00e9 \u00e0 s'int\u00e9resser \u00e0 la sant\u00e9 publique. <\/i><i>cherchaient des m\u00e9thodes alternatives pour am\u00e9liorer leur sant\u00e9, en particulier <\/i><i>pour les maladies respiratoires. Le microclimat unique des mines de sel, o\u00f9 les <\/i><i>L'air satur\u00e9 de particules de sel pr\u00e9sente de nombreux avantages pour la sant\u00e9. <\/i><i>a conduit \u00e0 la cr\u00e9ation de salles modernes de th\u00e9rapie par le sel.<\/i><\/p>\n<p>&nbsp;<\/p>\n<p><strong>Ce livre \u00e9lectronique comprend les chapitres suivants<\/strong><\/p>\n<p><i>Chapitre 1 : Introduction \u00e0 la salinoth\u00e9rapie\u00a0<\/i><\/p>\n<p><i>Chapitre 2 : La th\u00e9rapie par le sel pour les maladies respiratoires\u00a0<\/i><\/p>\n<p><i>Chapitre 3 : Avantages de l'haloth\u00e9rapie dans les traitements de la peau\u00a0<\/i><\/p>\n<p><i>Chapitre 4 : Salles de sel pour la r\u00e9cup\u00e9ration apr\u00e8s la pratique d'un sport\u00a0<\/i><\/p>\n<p><i>Chapitre 5 : Comment choisir une chambre saline ?<\/i><\/p>\n<p><i>Chapitre 6 : Int\u00e9grer la salinoth\u00e9rapie \u00e0 votre routine\u00a0<\/i><\/p>\n<p><i>Chapitre 7 : Mythes et id\u00e9es fausses sur la salinoth\u00e9rapie\u00a0<\/i><\/p>\n<p><i>Chapitre 8 : L'avenir de la salinoth\u00e9rapie\u00a0<\/i><\/p>\n<p><i>Chapitre 9 : Conclusion\u00a0<\/i><\/p>","protected":false},"excerpt":{"rendered":"<p><img loading=\"lazy\" decoding=\"async\" class=\"alignnone size-medium wp-image-9310\" src=\"https:\/\/cleopatra.nl\/wp-content\/uploads\/woocommerce_uploads\/Scherm\u00adafbeelding-2025-11-08-om-14.17.09-7wfrxt-212x300.webp\" alt=\"Geheimen van zouttherapie\" width=\"212\" height=\"300\" srcset=\"https:\/\/cleopatra.nl\/wp-content\/uploads\/woocommerce_uploads\/Scherm\u00adafbeelding-2025-11-08-om-14.17.09-7wfrxt-212x300.webp 212w, https:\/\/cleopatra.nl\/wp-content\/uploads\/woocommerce_uploads\/Scherm\u00adafbeelding-2025-11-08-om-14.17.09-7wfrxt-723x1024.webp 723w, https:\/\/cleopatra.nl\/wp-content\/uploads\/woocommerce_uploads\/Scherm\u00adafbeelding-2025-11-08-om-14.17.09-7wfrxt-768x1087.webp 768w, https:\/\/cleopatra.nl\/wp-content\/uploads\/woocommerce_uploads\/Scherm\u00adafbeelding-2025-11-08-om-14.17.09-7wfrxt-8x12.webp 8w, https:\/\/cleopatra.nl\/wp-content\/uploads\/woocommerce_uploads\/Scherm\u00adafbeelding-2025-11-08-om-14.17.09-7wfrxt-600x849.webp 600w, https:\/\/cleopatra.nl\/wp-content\/uploads\/woocommerce_uploads\/Scherm\u00adafbeelding-2025-11-08-om-14.17.09-7wfrxt.webp 907w\" sizes=\"auto, (max-width: 212px) 100vw, 212px\" \/><\/p>","protected":false},"featured_media":9310,"template":"","format":"standard","meta":{"_acf_changed":false},"product_brand":[347],"product_cat":[321],"product_tag":[],"class_list":{"0":"post-9277","1":"product","2":"type-product","3":"status-publish","4":"format-standard","5":"has-post-thumbnail","7":"product_brand-cleopatra","8":"product_cat-ebooks","9":"product_shipping_class-gratis-verzending","11":"first","12":"instock","13":"downloadable","14":"taxable","15":"shipping-taxable","16":"purchasable","17":"product-type-simple"},"acf":[],"_links":{"self":[{"href":"https:\/\/cleopatra.nl\/fr\/wp-json\/wp\/v2\/product\/9277","targetHints":{"allow":["GET"]}}],"collection":[{"href":"https:\/\/cleopatra.nl\/fr\/wp-json\/wp\/v2\/product"}],"about":[{"href":"https:\/\/cleopatra.nl\/fr\/wp-json\/wp\/v2\/types\/product"}],"wp:featuredmedia":[{"embeddable":true,"href":"https:\/\/cleopatra.nl\/fr\/wp-json\/wp\/v2\/media\/9310"}],"wp:attachment":[{"href":"https:\/\/cleopatra.nl\/fr\/wp-json\/wp\/v2\/media?parent=9277"}],"wp:term":[{"taxonomy":"product_brand","embeddable":true,"href":"https:\/\/cleopatra.nl\/fr\/wp-json\/wp\/v2\/product_brand?post=9277"},{"taxonomy":"product_cat","embeddable":true,"href":"https:\/\/cleopatra.nl\/fr\/wp-json\/wp\/v2\/product_cat?post=9277"},{"taxonomy":"product_tag","embeddable":true,"href":"https:\/\/cleopatra.nl\/fr\/wp-json\/wp\/v2\/product_tag?post=9277"}],"curies":[{"name":"wp","href":"https:\/\/api.w.org\/{rel}","templated":true}]}}