{"id":9303,"date":"2025-11-08T10:51:14","date_gmt":"2025-11-08T09:51:14","guid":{"rendered":"https:\/\/cleopatra.nl\/?post_type=product&#038;p=9303"},"modified":"2026-04-26T21:18:54","modified_gmt":"2026-04-26T19:18:54","slug":"herstel-in-een-cool-down-room","status":"publish","type":"product","link":"https:\/\/cleopatra.nl\/fr\/shop\/ebooks\/herstel-in-een-cool-down-room\/","title":{"rendered":"R\u00e9cup\u00e9ration dans une chambre froide"},"content":{"rendered":"<p><strong>R\u00e9cup\u00e9ration dans une salle de refroidissement \u00e0 des temp\u00e9ratures inf\u00e9rieures \u00e0 z\u00e9ro<\/strong><\/p>\n<p><i>L'exposition au froid est devenue un sujet de pr\u00e9occupation majeur pour les athl\u00e8tes et les personnes \u00e2g\u00e9es. <\/i><i>les adeptes du bien-\u00eatre, notamment en raison des b\u00e9n\u00e9fices potentiels pour la sant\u00e9. La recherche <\/i><i>montre que l'exposition \u00e0 des temp\u00e9ratures inf\u00e9rieures \u00e0 z\u00e9ro, en particulier autour de moins 20<\/i><\/p>\n<p><i>degr\u00e9s Celsius, peut induire diverses r\u00e9actions physiologiques susceptibles d'affecter la r\u00e9cup\u00e9ration. <\/i><i>promouvoir et am\u00e9liorer les performances. Le corps humain r\u00e9agit \u00e0 ces <\/i><i>Les conditions de vie en activant les m\u00e9canismes de thermor\u00e9gulation, ce qui peut conduire \u00e0 une augmentation de la temp\u00e9rature de la pi\u00e8ce.<\/i><\/p>\n<p><i>Meilleure circulation, moins d'inflammation et r\u00e9cup\u00e9ration musculaire plus rapide. Athl\u00e8tes <\/i><i>Les personnes qui utilisent la th\u00e9rapie par chambre froide font souvent \u00e9tat d'une gu\u00e9rison plus rapide et d'une r\u00e9duction des co\u00fbts. <\/i><i>l'am\u00e9lioration de la r\u00e9sistance physique. Les athl\u00e8tes utilisant la th\u00e9rapie en chambre froide ont rapport\u00e9 <\/i><i>souvent des temps de gu\u00e9rison plus rapides et une meilleure r\u00e9sistance physique.<\/i><\/p>\n<p>&nbsp;<\/p>\n<p><strong>Ce livre \u00e9lectronique comprend les chapitres suivants<\/strong><\/p>\n<p>Chapitre 1 : Introduction \u00e0 la r\u00e9cup\u00e9ration en chambre froide<\/p>\n<p>Chapitre 2 : L'effet de la r\u00e9frig\u00e9ration sur le corps humain<\/p>\n<p>Chapitre 3 : Comprendre les temp\u00e9ratures de moins 20 degr\u00e9s Celsius<\/p>\n<p>Chapitre 4 : R\u00e9ponses physiologiques \u00e0 l'exposition au froid extr\u00eame<\/p>\n<p>Chapitre 5 : Impact des temp\u00e9ratures n\u00e9gatives sur la sant\u00e9 mentale<\/p>\n<p>Chapitre 6 : Effets des environnements froids sur la qualit\u00e9 du sommeil<\/p>\n<p>Chapitre 7 : La th\u00e9rapie en chambre froide pour la r\u00e9\u00e9ducation<\/p>\n<p>Chapitre 8 : Conclusion et perspectives d'avenir<\/p>\n<p>&nbsp;<\/p>","protected":false},"excerpt":{"rendered":"<p><img loading=\"lazy\" decoding=\"async\" class=\"alignnone size-medium wp-image-9305\" src=\"https:\/\/cleopatra.nl\/wp-content\/uploads\/woocommerce_uploads\/Scherm\u00adafbeelding-2025-11-08-om-10.54.49-bqkex8-212x300.webp\" alt=\"\" width=\"212\" height=\"300\" srcset=\"https:\/\/cleopatra.nl\/wp-content\/uploads\/woocommerce_uploads\/Scherm\u00adafbeelding-2025-11-08-om-10.54.49-bqkex8-212x300.webp 212w, https:\/\/cleopatra.nl\/wp-content\/uploads\/woocommerce_uploads\/Scherm\u00adafbeelding-2025-11-08-om-10.54.49-bqkex8-8x12.webp 8w, https:\/\/cleopatra.nl\/wp-content\/uploads\/woocommerce_uploads\/Scherm\u00adafbeelding-2025-11-08-om-10.54.49-bqkex8-600x848.webp 600w, https:\/\/cleopatra.nl\/wp-content\/uploads\/woocommerce_uploads\/Scherm\u00adafbeelding-2025-11-08-om-10.54.49-bqkex8.webp 681w\" sizes=\"auto, (max-width: 212px) 100vw, 212px\" \/><\/p>","protected":false},"featured_media":9305,"template":"","format":"standard","meta":{"_acf_changed":false},"product_brand":[347],"product_cat":[321],"product_tag":[],"class_list":{"0":"post-9303","1":"product","2":"type-product","3":"status-publish","4":"format-standard","5":"has-post-thumbnail","7":"product_brand-cleopatra","8":"product_cat-ebooks","9":"product_shipping_class-gratis-verzending","11":"first","12":"instock","13":"downloadable","14":"taxable","15":"shipping-taxable","16":"purchasable","17":"product-type-simple"},"acf":[],"_links":{"self":[{"href":"https:\/\/cleopatra.nl\/fr\/wp-json\/wp\/v2\/product\/9303","targetHints":{"allow":["GET"]}}],"collection":[{"href":"https:\/\/cleopatra.nl\/fr\/wp-json\/wp\/v2\/product"}],"about":[{"href":"https:\/\/cleopatra.nl\/fr\/wp-json\/wp\/v2\/types\/product"}],"wp:featuredmedia":[{"embeddable":true,"href":"https:\/\/cleopatra.nl\/fr\/wp-json\/wp\/v2\/media\/9305"}],"wp:attachment":[{"href":"https:\/\/cleopatra.nl\/fr\/wp-json\/wp\/v2\/media?parent=9303"}],"wp:term":[{"taxonomy":"product_brand","embeddable":true,"href":"https:\/\/cleopatra.nl\/fr\/wp-json\/wp\/v2\/product_brand?post=9303"},{"taxonomy":"product_cat","embeddable":true,"href":"https:\/\/cleopatra.nl\/fr\/wp-json\/wp\/v2\/product_cat?post=9303"},{"taxonomy":"product_tag","embeddable":true,"href":"https:\/\/cleopatra.nl\/fr\/wp-json\/wp\/v2\/product_tag?post=9303"}],"curies":[{"name":"wp","href":"https:\/\/api.w.org\/{rel}","templated":true}]}}