{"id":9306,"date":"2025-11-08T12:35:26","date_gmt":"2025-11-08T11:35:26","guid":{"rendered":"https:\/\/cleopatra.nl\/?post_type=product&#038;p=9306"},"modified":"2026-04-26T21:18:53","modified_gmt":"2026-04-26T19:18:53","slug":"geneeskrachtig-water","status":"publish","type":"product","link":"https:\/\/cleopatra.nl\/fr\/shop\/ebooks\/geneeskrachtig-water\/","title":{"rendered":"L'eau de gu\u00e9rison"},"content":{"rendered":"<p><strong><i>L'eau curative : comment Roman <\/i><i>bains sant\u00e9 et bien-\u00eatre <\/i><i>ont form\u00e9<\/i><\/strong><\/p>\n<p><i>Les thermes romains, connus sous le nom de thermae, \u00e9taient des merveilles architecturales. <\/i><i>mettaient l'accent sur la sant\u00e9 et le bien-\u00eatre dans la soci\u00e9t\u00e9 antique. Ces bains \u00e9taient plus <\/i><i>Plus que de simples lieux de lavage, ils \u00e9taient des centres d'interaction sociale et des lieux d'accueil pour les enfants. <\/i><i>la d\u00e9tente. Les familles passaient souvent des journ\u00e9es enti\u00e8res dans les thermes, o\u00f9 elles profitaient de <\/i><i>les diff\u00e9rentes salles chauff\u00e9es, les piscines froides et les espaces communs. <\/i><i>La conception de ces bains refl\u00e8te une profonde compr\u00e9hension de l'environnement. <\/i><i>et l'eau pourraient favoriser le bien-\u00eatre, en jouant un r\u00f4le central dans l'\u00e9conomie de la connaissance. <\/i><i>La culture romaine.\u00a0<\/i><i>Le r\u00f4le des bains publics dans la promotion de la sant\u00e9 semble \u00e9vident <\/i><i>de la vari\u00e9t\u00e9 des services qu'ils proposent. Les visiteurs pouvaient faire du sport, s'amuser\u00a0<\/i><i>de massages et la participation \u00e0 des activit\u00e9s sociales, qui ont toutes contribu\u00e9 \u00e0 une <\/i><i>une approche holistique du bien-\u00eatre. Cette utilisation polyvalente de l'espace n'\u00e9tait pas seulement un moyen d'am\u00e9liorer la qualit\u00e9 de vie. <\/i><i>Les programmes de sant\u00e9 publique sont ax\u00e9s sur la sant\u00e9 physique, mais ils favorisent \u00e9galement le bien-\u00eatre mental, comme c'est le cas dans les pays de l'UE. <\/i><i>un environnement commun, des contacts ont \u00e9t\u00e9 \u00e9tablis. <\/i><i>Les spas et les centres de bien-\u00eatre d'aujourd'hui peuvent s'inspirer de ce mod\u00e8le en partageant des \u00e9l\u00e9ments communs. <\/i><i>cr\u00e9er des espaces qui favorisent l'interaction sociale et le bien-\u00eatre g\u00e9n\u00e9ral.<\/i><\/p>\n<p>&nbsp;<\/p>\n<p><strong>Ce livre \u00e9lectronique comprend les chapitres suivants<\/strong><\/p>\n<p><i>Chapitre 1 : Introduction aux thermes romains<\/i><\/p>\n<p><i>Chapitre 2 : Conception architecturale et caract\u00e9ristiques des bains romains<\/i><\/p>\n<p><i>Chapitre 3 : Le r\u00f4le des bains dans les pratiques romaines en mati\u00e8re de sant\u00e9 et de bien-\u00eatre<\/i><\/p>\n<p><i>Chapitre 4 : Comparaison entre les thermes romains et les centres de spa et de bien-\u00eatre modernes<\/i><\/p>\n<p><i>Chapitre 5 : L'influence des thermes romains sur les traditions baln\u00e9aires europ\u00e9ennes<\/i><\/p>\n<p><i>Chapitre 6 : L'ing\u00e9nierie et la technologie des syst\u00e8mes de chauffage romains<\/i><\/p>\n<p><i>Chapitre 7 : Conclusion<\/i><\/p>\n<p>&nbsp;<\/p>","protected":false},"excerpt":{"rendered":"<p><img loading=\"lazy\" decoding=\"async\" class=\"alignnone size-medium wp-image-9308\" src=\"https:\/\/cleopatra.nl\/wp-content\/uploads\/woocommerce_uploads\/Scherm\u00adafbeelding-2025-11-08-om-12.34.04-xkc9p4-213x300.webp\" alt=\"Geneeskrachtig water\" width=\"213\" height=\"300\" srcset=\"https:\/\/cleopatra.nl\/wp-content\/uploads\/woocommerce_uploads\/Scherm\u00adafbeelding-2025-11-08-om-12.34.04-xkc9p4-213x300.webp 213w, https:\/\/cleopatra.nl\/wp-content\/uploads\/woocommerce_uploads\/Scherm\u00adafbeelding-2025-11-08-om-12.34.04-xkc9p4-728x1024.webp 728w, https:\/\/cleopatra.nl\/wp-content\/uploads\/woocommerce_uploads\/Scherm\u00adafbeelding-2025-11-08-om-12.34.04-xkc9p4-768x1080.webp 768w, https:\/\/cleopatra.nl\/wp-content\/uploads\/woocommerce_uploads\/Scherm\u00adafbeelding-2025-11-08-om-12.34.04-xkc9p4-9x12.webp 9w, https:\/\/cleopatra.nl\/wp-content\/uploads\/woocommerce_uploads\/Scherm\u00adafbeelding-2025-11-08-om-12.34.04-xkc9p4-600x844.webp 600w, https:\/\/cleopatra.nl\/wp-content\/uploads\/woocommerce_uploads\/Scherm\u00adafbeelding-2025-11-08-om-12.34.04-xkc9p4.webp 913w\" sizes=\"auto, (max-width: 213px) 100vw, 213px\" \/><\/p>","protected":false},"featured_media":9308,"template":"","format":"standard","meta":{"_acf_changed":false},"product_brand":[347],"product_cat":[321],"product_tag":[],"class_list":{"0":"post-9306","1":"product","2":"type-product","3":"status-publish","4":"format-standard","5":"has-post-thumbnail","7":"product_brand-cleopatra","8":"product_cat-ebooks","9":"product_shipping_class-gratis-verzending","11":"first","12":"instock","13":"downloadable","14":"taxable","15":"shipping-taxable","16":"purchasable","17":"product-type-simple"},"acf":[],"_links":{"self":[{"href":"https:\/\/cleopatra.nl\/fr\/wp-json\/wp\/v2\/product\/9306","targetHints":{"allow":["GET"]}}],"collection":[{"href":"https:\/\/cleopatra.nl\/fr\/wp-json\/wp\/v2\/product"}],"about":[{"href":"https:\/\/cleopatra.nl\/fr\/wp-json\/wp\/v2\/types\/product"}],"wp:featuredmedia":[{"embeddable":true,"href":"https:\/\/cleopatra.nl\/fr\/wp-json\/wp\/v2\/media\/9308"}],"wp:attachment":[{"href":"https:\/\/cleopatra.nl\/fr\/wp-json\/wp\/v2\/media?parent=9306"}],"wp:term":[{"taxonomy":"product_brand","embeddable":true,"href":"https:\/\/cleopatra.nl\/fr\/wp-json\/wp\/v2\/product_brand?post=9306"},{"taxonomy":"product_cat","embeddable":true,"href":"https:\/\/cleopatra.nl\/fr\/wp-json\/wp\/v2\/product_cat?post=9306"},{"taxonomy":"product_tag","embeddable":true,"href":"https:\/\/cleopatra.nl\/fr\/wp-json\/wp\/v2\/product_tag?post=9306"}],"curies":[{"name":"wp","href":"https:\/\/api.w.org\/{rel}","templated":true}]}}