{"id":9325,"date":"2025-11-11T21:24:03","date_gmt":"2025-11-11T20:24:03","guid":{"rendered":"https:\/\/cleopatra.nl\/?post_type=product&#038;p=9325"},"modified":"2026-04-26T21:18:54","modified_gmt":"2026-04-26T19:18:54","slug":"geurmarketing-in-de-sportschool","status":"publish","type":"product","link":"https:\/\/cleopatra.nl\/fr\/shop\/ebooks\/geurmarketing-in-de-sportschool\/","title":{"rendered":"Le marketing des parfums dans les salles de sport"},"content":{"rendered":"<p><i>Le marketing des parfums est une strat\u00e9gie innovante qui <\/i><i>est de plus en plus utilis\u00e9 dans les salles de sport. Les <\/i><i>Il s'agit de s\u00e9lectionner avec soin et de <\/i><i>d\u00e9ployer des parfums pour am\u00e9liorer l'atmosph\u00e8re et l'exp\u00e9rience g\u00e9n\u00e9rales <\/i><i>des membres. En utilisant <\/i><i>d'ar\u00f4mes sp\u00e9cifiques, les propri\u00e9taires de salles de sport peuvent <\/i><i>l'exp\u00e9rience pendant les cours de fitness de mani\u00e8re significative <\/i><i>l'augmentation. Ce n'est pas seulement gr\u00e2ce \u00e0 une <\/i><i>mais aussi par des senteurs que les<\/i><i>promouvoir la motivation et la performance des athl\u00e8tes. <\/i><i>Dans le monde du sport et de la remise en forme, il est important <\/i><i>que les membres se sentent \u00e0 l'aise et motiv\u00e9s <\/i><i>sont. Les parfums tels que le citron ou la menthe poivr\u00e9e <\/i><i>peut avoir un effet rafra\u00eechissant et am\u00e9liorer la concentration <\/i><i>augmentation. Le marketing olfactif est donc un <\/i><i>un outil puissant pour les salles de sport qui veulent <\/i><i>se distinguent et veulent offrir une exp\u00e9rience unique. <\/i><i>En int\u00e9grant les odeurs dans l'environnement, <\/i><i>propri\u00e9taires de salles de sport l'attrait de <\/i><i>augmenter leurs installations.<\/i><\/p>\n<p>&nbsp;<\/p>\n<p><strong>Ce livre \u00e9lectronique comprend les chapitres suivants<\/strong><\/p>\n<p><i>Chapitre 1 : Introduction \u00e0 la commercialisation des parfums\u00a0<\/i><\/p>\n<p><i>Chapitre 2 : Marketing olfactif pour les salles de sport\u00a0<\/i><\/p>\n<p><i>Chapitre 3 : Perception des odeurs pendant les cours de fitness\u00a0<\/i><\/p>\n<p><i>Chapitre 4 : L'aromath\u00e9rapie dans les salles de sport\u00a0<\/i><\/p>\n<p><i>Chapitre 5 : Odeur et motivation : L'effet de l'ar\u00f4me sur la performance\u00a0<\/i><\/p>\n<p><i>Chapitre 6 : Marketing olfactif pour les zones de spa dans les salles de sport\u00a0<\/i><\/p>\n<p><i>Chapitre 7 : Mise en \u0153uvre du marketing par les parfums dans votre salle de sport\u00a0<\/i><\/p>\n<p><i>Chapitre 8 : L'avenir du marketing olfactif dans le secteur du sport\u00a0<\/i><\/p>\n<p>&nbsp;<\/p>","protected":false},"excerpt":{"rendered":"<p><img loading=\"lazy\" decoding=\"async\" class=\"alignnone size-medium wp-image-9326\" src=\"https:\/\/cleopatra.nl\/wp-content\/uploads\/Scherm\u00adafbeelding-2025-11-11-om-21.23.13-213x300.webp\" alt=\"deurmarketing voor sportscholen\" width=\"213\" height=\"300\" srcset=\"https:\/\/cleopatra.nl\/wp-content\/uploads\/Scherm\u00adafbeelding-2025-11-11-om-21.23.13-213x300.webp 213w, https:\/\/cleopatra.nl\/wp-content\/uploads\/Scherm\u00adafbeelding-2025-11-11-om-21.23.13-9x12.webp 9w, https:\/\/cleopatra.nl\/wp-content\/uploads\/Scherm\u00adafbeelding-2025-11-11-om-21.23.13-600x847.webp 600w, https:\/\/cleopatra.nl\/wp-content\/uploads\/Scherm\u00adafbeelding-2025-11-11-om-21.23.13.webp 685w\" sizes=\"auto, (max-width: 213px) 100vw, 213px\" \/><\/p>","protected":false},"featured_media":9326,"template":"","format":"standard","meta":{"_acf_changed":false},"product_brand":[347],"product_cat":[321],"product_tag":[],"class_list":{"0":"post-9325","1":"product","2":"type-product","3":"status-publish","4":"format-standard","5":"has-post-thumbnail","7":"product_brand-cleopatra","8":"product_cat-ebooks","9":"product_shipping_class-gratis-verzending","11":"first","12":"instock","13":"downloadable","14":"taxable","15":"shipping-taxable","16":"purchasable","17":"product-type-simple"},"acf":[],"_links":{"self":[{"href":"https:\/\/cleopatra.nl\/fr\/wp-json\/wp\/v2\/product\/9325","targetHints":{"allow":["GET"]}}],"collection":[{"href":"https:\/\/cleopatra.nl\/fr\/wp-json\/wp\/v2\/product"}],"about":[{"href":"https:\/\/cleopatra.nl\/fr\/wp-json\/wp\/v2\/types\/product"}],"wp:featuredmedia":[{"embeddable":true,"href":"https:\/\/cleopatra.nl\/fr\/wp-json\/wp\/v2\/media\/9326"}],"wp:attachment":[{"href":"https:\/\/cleopatra.nl\/fr\/wp-json\/wp\/v2\/media?parent=9325"}],"wp:term":[{"taxonomy":"product_brand","embeddable":true,"href":"https:\/\/cleopatra.nl\/fr\/wp-json\/wp\/v2\/product_brand?post=9325"},{"taxonomy":"product_cat","embeddable":true,"href":"https:\/\/cleopatra.nl\/fr\/wp-json\/wp\/v2\/product_cat?post=9325"},{"taxonomy":"product_tag","embeddable":true,"href":"https:\/\/cleopatra.nl\/fr\/wp-json\/wp\/v2\/product_tag?post=9325"}],"curies":[{"name":"wp","href":"https:\/\/api.w.org\/{rel}","templated":true}]}}