{"id":9663,"date":"2026-01-18T14:44:06","date_gmt":"2026-01-18T13:44:06","guid":{"rendered":"https:\/\/cleopatra.nl\/?post_type=product&#038;p=9663"},"modified":"2026-01-18T14:53:27","modified_gmt":"2026-01-18T13:53:27","slug":"aquafun-wellness-shower-pro","status":"publish","type":"product","link":"https:\/\/cleopatra.nl\/fr\/shop\/aquafun-wellness-shower-pro\/","title":{"rendered":"Aquafun Wellness Shower | Pro"},"content":{"rendered":"<h3>AQUAFUN WELLNESS SHOWER | PRO<\/h3>\n<p>&nbsp;<\/p>\n<div id=\"text_block-17-2375\" class=\"ct-text-block archive_text_section_text\">\n<p>De AquaFun Wellness Shower Pro geeft de ultieme douchebeleving en is speciaal ontwikkeld voor professionele gelegenheden. Via de diverse straalsoorten in de dakdouche, handdouche en zijdouches \u00a0kunt u genieten van:<\/p>\n<ul>\n<li>Douche de pluie<\/li>\n<li>Cascade<\/li>\n<li>Colonne d'eau<\/li>\n<li>Brouillard<\/li>\n<\/ul>\n<p>&nbsp;<\/p>\n<p>Via de Shower Deluxe bediening kunnen de verschillende douches geactiveerd worden; de nieuw ontwikkelde Quatro bediening is niet alleen functioneel maar ook esthetisch een lust voor het oog. De drukknoppen kunnen in verschillen finishes geleverd worden. De temperatuur regeling geschied via bijgeleverd inbouw thermostaat.<\/p>\n<p>&nbsp;<\/p>\n<p>Veillez \u00e0 ce que la pression et la quantit\u00e9 d'eau (d\u00e9bit) soient connues \u00e0 l'avance et que le syst\u00e8me d'eau soit r\u00e9gl\u00e9 en cons\u00e9quence. La douche Wellness n\u00e9cessite toujours une vanne thermostatique s\u00e9par\u00e9e ; la version Essential en est \u00e9quip\u00e9e de s\u00e9rie.<\/p>\n<p>&nbsp;<\/p>\n<p>Voir le <strong>vid\u00e9o<\/strong> De la douche de bien-\u00eatre : <a href=\"https:\/\/cleopatra.nl\/fr\/wellness-shower\/wellness-shower\/\">cliquez ici<\/a><\/p>\n<p>&nbsp;<\/p>\n<h3><strong>CARACT\u00c9RISTIQUES <\/strong><\/h3>\n<p><strong>\u00a0<\/strong><\/p>\n<p><strong>FONCTIONS DE LA DOUCHE<\/strong><\/p>\n<p>Les types de jets suivants peuvent \u00eatre activ\u00e9s via la douche de toit : douche de pluie, douche en colonne, cascade et brume. La douchette \u00e0 main et les douches lat\u00e9rales peuvent \u00eatre command\u00e9es s\u00e9par\u00e9ment via l'\u00e9cran.<\/p>\n<p><strong>AFFICHAGE TOUCH<\/strong><\/p>\n<p>Les fonctions de la douche (douche de toit avec 4 types de jets) sont faciles \u00e0 contr\u00f4ler gr\u00e2ce \u00e0 un \u00e9cran tactile, qui est accompagn\u00e9 d'un insert permettant de l'installer dans le mur.<\/p>\n<p><strong>FONCTION D'\u00c9CHAUFFEMENT<\/strong><\/p>\n<p>Cette fonction permet de rincer le syst\u00e8me de canalisations pendant 60 secondes, en \u00e9vacuant l'eau froide contenue dans les canalisations.<\/p>\n<p><strong>FAN<\/strong><\/p>\n<p>Il est possible de raccorder un ventilateur tubulaire \u00e0 la douche de bien-\u00eatre AqauFun afin de pouvoir le commander via l'\u00e9cran.<\/p>\n<p><strong>L'EAU FROIDE DIRECTEMENT<\/strong><\/p>\n<p>Cette fonction fournit instantan\u00e9ment de l'eau froide par l'interm\u00e9diaire de l'une des douches connect\u00e9es. Vous pouvez ainsi profiter imm\u00e9diatement d'une merveilleuse douche froide.<\/p>\n<p>&nbsp;<\/p>\n<h3><strong>OPTIONNEL<\/strong><\/h3>\n<p>&nbsp;<\/p>\n<p><strong>TH\u00c9RAPIE DES COULEURS<\/strong><br \/>\nDes spots d'\u00e9clairage pour le toit ou une bande LED pour le mur, une niche ou sous un banc. Ces \u00e9clairages sont faciles \u00e0 commander via le contr\u00f4leur Shower Deluxe. Rotation automatique des couleurs, gradation et mode lumi\u00e8re blanche.<\/p>\n<p>&nbsp;<\/p>\n<p><strong>MODULE SON<\/strong><br \/>\n\u00c9coutez votre musique pr\u00e9f\u00e9r\u00e9e sous la douche. Il suffit de se connecter via Bluetooth et de contr\u00f4ler le volume, la lecture et la s\u00e9lection des pistes via l'\u00e9cran. Les enceintes sont \u00e9tanches et peuvent \u00eatre plac\u00e9es dans le toit.<\/p>\n<p>&nbsp;<\/p>\n<p><strong>MODULE D'ODEUR\u00a0 <\/strong><\/p>\n<p>Gr\u00e2ce \u00e0 un diffuseur, un parfum est diffus\u00e9 dans la zone de douche. Ce module de parfum doit \u00eatre plac\u00e9 \u00e0 l'ext\u00e9rieur de la zone de douche. Facile \u00e0 remplir et \u00e0 contr\u00f4ler via l'\u00e9cran tactile.<\/p>\n<p>&nbsp;<\/p>\n<p><strong>FINITIONS SP\u00c9CIALES<\/strong><\/p>\n<p>Vous envisagez d'opter pour une couleur autre que le chrome pour toutes les parties color\u00e9es de la douche wellness ? Dans ce cas, demandez-nous quelles sont les possibilit\u00e9s. Nos finitions sp\u00e9ciales consistent en 12 couleurs PVD diff\u00e9rentes (brillantes ou mates). Elles sont disponibles moyennant un suppl\u00e9ment de prix.<\/p>\n<p>&nbsp;<\/p>\n<p><strong>PAROI DE DOUCHE<\/strong><\/p>\n<p>Un mur de photos derri\u00e8re lequel se trouve une bande LED WW RVB qui peut \u00eatre r\u00e9gl\u00e9e sur diff\u00e9rentes couleurs \u00e0 l'aide de l'\u00e9cran tactile. Il conf\u00e8re \u00e0 chaque salle de bien-\u00eatre et \u00e0 chaque salle de bains un aspect unique.<\/p>\n<p>&nbsp;<\/p>\n<h3><strong>\u00c9TENDUE DE LA LIVRAISON AQUAFUN WELLNESS SHOWER <\/strong><\/h3>\n<p>- Afficheur avec bo\u00eetier d'installation<\/p>\n<p>- Douche de bien-\u00eatre bloc de connexion 4 utilisateurs<\/p>\n<p>- Bo\u00eete \u00e9lectronique<\/p>\n<p>- Ibox incl. Pi\u00e8ce de garniture douche select thermostat<\/p>\n<p>- Aquafun douche 300 x 600 mm | douche de toit<\/p>\n<p>&nbsp;<\/p>\n<h3><strong>BROCHURE<\/strong><\/h3>\n<\/div>\n<div>Pour plus d'informations <a href=\"https:\/\/cleopatra.nl\/wp-content\/uploads\/CLEOPATRA-WELLNESS-SHOWER-NL.pdf\">t\u00e9l\u00e9charger la brochure.<\/a><\/div>\n<h3><\/h3>\n<h3><strong>MANUEL<\/strong><\/h3>","protected":false},"excerpt":{"rendered":"<p>La douche Wellness peut \u00eatre raccord\u00e9e \u00e0 diff\u00e9rentes marques de robinets et de douches. La commande Shower Deluxe permet d'activer les diff\u00e9rentes douches. Le nombre de douches d\u00e9termine le nombre d'utilisateurs de la douche Wellness. Voir les <strong>vid\u00e9o<\/strong> De la douche de bien-\u00eatre : <a href=\"https:\/\/cleopatra.nl\/fr\/wellness-shower\/wellness-shower\/\" target=\"_blank\" rel=\"noopener\">cliquez ici<\/a><\/p>","protected":false},"featured_media":9667,"template":"","format":"standard","meta":{"_acf_changed":false},"product_brand":[],"product_cat":[71,275],"product_tag":[],"class_list":{"0":"post-9663","1":"product","2":"type-product","3":"status-publish","4":"format-standard","5":"has-post-thumbnail","7":"product_cat-shop","8":"product_cat-wellness-shower","10":"first","11":"instock","12":"taxable","13":"shipping-taxable","14":"purchasable","15":"product-type-simple"},"acf":[],"_links":{"self":[{"href":"https:\/\/cleopatra.nl\/fr\/wp-json\/wp\/v2\/product\/9663","targetHints":{"allow":["GET"]}}],"collection":[{"href":"https:\/\/cleopatra.nl\/fr\/wp-json\/wp\/v2\/product"}],"about":[{"href":"https:\/\/cleopatra.nl\/fr\/wp-json\/wp\/v2\/types\/product"}],"wp:featuredmedia":[{"embeddable":true,"href":"https:\/\/cleopatra.nl\/fr\/wp-json\/wp\/v2\/media\/9667"}],"wp:attachment":[{"href":"https:\/\/cleopatra.nl\/fr\/wp-json\/wp\/v2\/media?parent=9663"}],"wp:term":[{"taxonomy":"product_brand","embeddable":true,"href":"https:\/\/cleopatra.nl\/fr\/wp-json\/wp\/v2\/product_brand?post=9663"},{"taxonomy":"product_cat","embeddable":true,"href":"https:\/\/cleopatra.nl\/fr\/wp-json\/wp\/v2\/product_cat?post=9663"},{"taxonomy":"product_tag","embeddable":true,"href":"https:\/\/cleopatra.nl\/fr\/wp-json\/wp\/v2\/product_tag?post=9663"}],"curies":[{"name":"wp","href":"https:\/\/api.w.org\/{rel}","templated":true}]}}