{"id":9679,"date":"2026-01-21T13:53:25","date_gmt":"2026-01-21T12:53:25","guid":{"rendered":"https:\/\/cleopatra.nl\/?post_type=product&#038;p=9679"},"modified":"2026-03-06T11:45:45","modified_gmt":"2026-03-06T10:45:45","slug":"serviceset-ombouw-poolmaster-afstandsbediening","status":"publish","type":"product","link":"https:\/\/cleopatra.nl\/fr\/uncategorized\/serviceset-ombouw-poolmaster-afstandsbediening\/","title":{"rendered":"Service set Touch | conversion T\u00e9l\u00e9commande Poolmaster"},"content":{"rendered":"<h3 data-start=\"87\" data-end=\"181\">Kit de conversion : remplacez votre t\u00e9l\u00e9commande Cleopatra Poolmaster par la t\u00e9l\u00e9commande Whirlpool Touch.<\/h3>\n<p data-start=\"183\" data-end=\"425\">Avec ce kit de conversion innovant, vous pouvez facilement remplacer votre t\u00e9l\u00e9commande Cleopatra Poolmaster existante par une commande tactile Whirlpool moderne. Id\u00e9al pour ceux qui souhaitent une plus grande facilit\u00e9 d'utilisation, un design \u00e9l\u00e9gant et une fonctionnalit\u00e9 am\u00e9lior\u00e9e.<\/p>\n<p data-start=\"427\" data-end=\"813\">Ce kit a \u00e9t\u00e9 sp\u00e9cialement con\u00e7u pour remplacer la t\u00e9l\u00e9commande Poolmaster. La piscine doit \u00eatre exempte d'\u00e9lectronique et de commandes courantes afin que notre technicien puisse facilement remplacer et tester les c\u00e2bles, les commandes, les capteurs et l'\u00e9lectronique.<\/p>\n<p data-start=\"815\" data-end=\"829\"><strong data-start=\"815\" data-end=\"829\">Avantages :<\/strong><\/p>\n<ul data-start=\"830\" data-end=\"1085\">\n<li data-start=\"830\" data-end=\"885\">\n<p data-start=\"832\" data-end=\"885\">Remplace la t\u00e9l\u00e9commande obsol\u00e8te de Poolmaster<\/p>\n<\/li>\n<li data-start=\"886\" data-end=\"932\">\n<p data-start=\"888\" data-end=\"932\">Commande tactile moderne avec affichage clair<\/p>\n<\/li>\n<li data-start=\"933\" data-end=\"984\">\n<p data-start=\"935\" data-end=\"984\">Nouvelle \u00e9lectronique<\/p>\n<\/li>\n<li data-start=\"985\" data-end=\"1030\">\n<p data-start=\"987\" data-end=\"1030\">Fonctionnement fiable et qualit\u00e9 durable<\/p>\n<\/li>\n<li data-start=\"1031\" data-end=\"1085\">\n<p data-start=\"1033\" data-end=\"1085\">Une apparence \u00e9l\u00e9gante et luxueuse qui s'harmonise avec n'importe quel bain \u00e0 remous.<\/p>\n<\/li>\n<\/ul>\n<p data-start=\"1087\" data-end=\"1186\">Am\u00e9liorez votre exp\u00e9rience du bain \u00e0 remous et profitez de plus de confort et de contr\u00f4le gr\u00e2ce \u00e0 ce kit de conversion.<\/p>\n<p data-start=\"1087\" data-end=\"1186\"><strong>Contient :<\/strong><\/p>\n<ul>\n<li data-start=\"1087\" data-end=\"1186\">Commandes tactiles Whirlpool<\/li>\n<li data-start=\"1087\" data-end=\"1186\">Bo\u00eetier \u00e9lectronique<\/li>\n<li data-start=\"1087\" data-end=\"1186\">3 x capteur de bain<\/li>\n<li data-start=\"1087\" data-end=\"1186\">Anneau chrom\u00e9 en saillie<\/li>\n<\/ul>\n<p data-start=\"1087\" data-end=\"1186\"><strong>Exclusif :<\/strong><\/p>\n<ul>\n<li data-start=\"1087\" data-end=\"1186\">Ce kit de conversion ne comprend pas les frais d'intervention et les heures de travail.<\/li>\n<li data-start=\"1087\" data-end=\"1186\">Veuillez noter que toutes les fonctions du Poolmaster ne sont pas disponibles sur le nouvel \u00e9cran tactile.<\/li>\n<\/ul>","protected":false},"excerpt":{"rendered":"<p>Ombouwset: Vervang uw Cleopatra Poolmaster afstandbediening door Whirlpool Touch bediening Met deze innovatieve ombouwset kunt u eenvoudig uw bestaande Cleopatra Poolmaster afstandbediening vervangen door een moderne Whirlpool touch bediening. Ideaal voor wie meer gebruiksgemak, een strak design en verbeterde functionaliteit wenst. De set is speciaal ontwikkeld ter vervanging van de Poolmaster afstandbediening. Het bad dient [&hellip;]<\/p>\n","protected":false},"featured_media":9680,"template":"","format":"standard","meta":{"_acf_changed":false},"product_brand":[],"product_cat":[102,109],"product_tag":[],"class_list":{"0":"post-9679","1":"product","2":"type-product","3":"status-publish","4":"format-standard","5":"has-post-thumbnail","7":"product_cat-onderdelen-baden","8":"product_cat-overige","10":"first","11":"instock","12":"taxable","13":"shipping-taxable","14":"purchasable","15":"product-type-simple"},"acf":[],"_links":{"self":[{"href":"https:\/\/cleopatra.nl\/fr\/wp-json\/wp\/v2\/product\/9679","targetHints":{"allow":["GET"]}}],"collection":[{"href":"https:\/\/cleopatra.nl\/fr\/wp-json\/wp\/v2\/product"}],"about":[{"href":"https:\/\/cleopatra.nl\/fr\/wp-json\/wp\/v2\/types\/product"}],"wp:featuredmedia":[{"embeddable":true,"href":"https:\/\/cleopatra.nl\/fr\/wp-json\/wp\/v2\/media\/9680"}],"wp:attachment":[{"href":"https:\/\/cleopatra.nl\/fr\/wp-json\/wp\/v2\/media?parent=9679"}],"wp:term":[{"taxonomy":"product_brand","embeddable":true,"href":"https:\/\/cleopatra.nl\/fr\/wp-json\/wp\/v2\/product_brand?post=9679"},{"taxonomy":"product_cat","embeddable":true,"href":"https:\/\/cleopatra.nl\/fr\/wp-json\/wp\/v2\/product_cat?post=9679"},{"taxonomy":"product_tag","embeddable":true,"href":"https:\/\/cleopatra.nl\/fr\/wp-json\/wp\/v2\/product_tag?post=9679"}],"curies":[{"name":"wp","href":"https:\/\/api.w.org\/{rel}","templated":true}]}}