{"id":2490,"date":"2022-03-30T14:45:19","date_gmt":"2022-03-30T12:45:19","guid":{"rendered":"https:\/\/cleopatra.medialoods.com\/?page_id=2490"},"modified":"2024-01-08T14:42:00","modified_gmt":"2024-01-08T13:42:00","slug":"klachten-garanties","status":"publish","type":"page","link":"https:\/\/cleopatra.nl\/pl\/klachten-garanties\/","title":{"rendered":"Reklamacje i gwarancje"},"content":{"rendered":"<h2>Uszkodzenie? Co dalej?<\/h2>\n<p>Uszkodzenia s\u0105 bardzo irytuj\u0105ce i niestety nie zawsze mo\u017cna im zapobiec. Cho\u0107 oczywi\u015bcie zawsze staramy si\u0119 to robi\u0107.<\/p>\n<p>Po otrzymaniu zam\u00f3wienia nale\u017cy zawsze dok\u0142adnie sprawdzi\u0107 produkty. W ma\u0142o prawdopodobnym przypadku uszkodzenia kt\u00f3regokolwiek z produkt\u00f3w w zam\u00f3wieniu, nale\u017cy zg\u0142osi\u0107 to e-mailem do sklepu, kt\u00f3ry dostarczy\u0142 produkty Cleopatra w ci\u0105gu 48 godzin od otrzymania zam\u00f3wienia.<\/p>\n<p>Prosimy, je\u015bli to mo\u017cliwe, o przes\u0142anie zdj\u0119\u0107, aby mo\u017cna by\u0142o oceni\u0107 uszkodzenia, a my mo\u017cemy r\u00f3wnie\u017c zapyta\u0107 naszego przewo\u017anika w przypadku uszkodze\u0144 transportowych.<\/p>\n<p>&nbsp;<\/p>\n<h2>Obs\u0142uga reklamacji<\/h2>\n<p>W Cleopatra wszystko kr\u0119ci si\u0119 wok\u00f3\u0142 zadowolonego klienta! W ma\u0142o prawdopodobnym przypadku, gdy masz z\u0142e do\u015bwiadczenia z zam\u00f3wieniem lub naszymi us\u0142ugami, daj nam zna\u0107. Zrobimy wszystko, co w naszej mocy, aby rozwi\u0105za\u0107 Twoje skargi i zadowoli\u0107 Ci\u0119 w granicach rozs\u0105dku.<\/p>\n<p>Je\u015bli produkt Cleopatra zosta\u0142 zakupiony lub zainstalowany przez firm\u0119 instalacyjn\u0105, reklamacj\u0119 nale\u017cy przes\u0142a\u0107 bezpo\u015brednio do tej firmy.<\/p>\n<p>Je\u015bli reklamacja dotyczy produktu zakupionego bezpo\u015brednio od www.cleopatra.nl, nale\u017cy j\u0105 skierowa\u0107 na adres <a href=\"mailto:in**@*******ra.nl\" data-original-string=\"QPSswG5YU\/Qrg0T86F7SCw==9f15RUn4yJl4YZ18NBQYwzM2dK90J6il7AzxbTC5QCaC30=\" title=\"Ten kontakt zosta\u0142 zakodowany przez Anti-Spam by CleanTalk. Kliknij, aby zdekodowa\u0107. Aby zako\u0144czy\u0107 dekodowanie, upewnij si\u0119, \u017ce w przegl\u0105darce w\u0142\u0105czona jest obs\u0142uga JavaScript.\"><span \n                data-original-string='V2hEPH7b+1lkbTIaKXbqsg==9f1wJ5\/X7EAHw5zrOUDOdK8SurlSJgYGk5UZK5bbY9ZUas='\n                class='apbct-email-encoder'\n                title='Ten kontakt zosta\u0142 zakodowany przez Anti-Spam by CleanTalk. Kliknij, aby zdekodowa\u0107. Aby zako\u0144czy\u0107 dekodowanie, upewnij si\u0119, \u017ce w przegl\u0105darce w\u0142\u0105czona jest obs\u0142uga JavaScript.'>na<span class=\"apbct-blur\">**<\/span>@<span class=\"apbct-blur\">*******<\/span>ra.co.uk<\/span><\/a>. Nast\u0119pnie procedura wygl\u0105da nast\u0119puj\u0105co:<\/p>\n<ul>\n<li>Najp\u00f3\u017aniej w ci\u0105gu 2 dni roboczych otrzymasz potwierdzenie z\u0142o\u017cenia skargi oraz sposobu, w jaki Cleopatra rozpatrzy i spr\u00f3buje rozwi\u0105za\u0107 Twoj\u0105 skarg\u0119.<\/li>\n<li>Odpowiemy na Twoj\u0105 reklamacj\u0119 w ci\u0105gu 14 dni od jej otrzymania, a je\u015bli potrwa to d\u0142u\u017cej, powiadomimy Ci\u0119 o tym.<\/li>\n<li>Je\u015bli nie uda nam si\u0119 rozwi\u0105za\u0107 skargi w spos\u00f3b satysfakcjonuj\u0105cy, u\u017cytkownik mo\u017ce skontaktowa\u0107 si\u0119 z <a href=\"https:\/\/www.keurmerk.info\/nl\/home\/\" target=\"_blank\" rel=\"noopener nofollow\">Stichting Webshop Keurmerkverzoeken<\/a> mediacji w celu rozwi\u0105zania sporu.<\/li>\n<li>Je\u015bli mediacja Stichting Webshop Keurmerk nie doprowadzi do po\u017c\u0105danego rezultatu, sp\u00f3r mo\u017ce zosta\u0107 przed\u0142o\u017cony niezale\u017cnej komisji rozjemczej Stichting Webshop Keurmerk, zarz\u0105dzanej przez Teurlings &amp; Ellens Advocaten w Amsterdamie. Wi\u0119cej informacji na temat komisji rozjemczej Stichting Webshop Keurmerk mo\u017cna znale\u017a\u0107 pod adresem: <a href=\"https:\/\/www.keurmerk.info\/Home\/Klacht\" target=\"_blank\" rel=\"noopener nofollow\">https:\/\/www.keurmerk.info\/Home\/Klacht<\/a>.<\/li>\n<\/ul>\n<p>&nbsp;<\/p>\n<h2>Gwarancja<\/h2>\n<p>Cleopatra oferuje gwarancj\u0119 na wady produkcyjne i materia\u0142owe swoich wanien, wanien z hydromasa\u017cem, saun i \u0142a\u017ani parowych.<\/p>\n<p>Je\u015bli chcesz skorzysta\u0107 z gwarancji, skontaktuj si\u0119 z nami pod adresem <a href=\"mailto:in**@*******ra.nl\" data-original-string=\"h\/rtbMk3zRQ87n\/cl3VaYA==9f1TxR7vI5bH7sPRwDdof6fvP6wvdtYFaYgmoSwWalDaWU=\" title=\"Ten kontakt zosta\u0142 zakodowany przez Anti-Spam by CleanTalk. Kliknij, aby zdekodowa\u0107. Aby zako\u0144czy\u0107 dekodowanie, upewnij si\u0119, \u017ce w przegl\u0105darce w\u0142\u0105czona jest obs\u0142uga JavaScript.\"><span \n                data-original-string='MSOiMBFxn3U2faaHiNd6Aw==9f1ckRTny9i1qA3tMsioZZ8Fmu0UsZ2i54BA8B75CjAuQE='\n                class='apbct-email-encoder'\n                title='Ten kontakt zosta\u0142 zakodowany przez Anti-Spam by CleanTalk. Kliknij, aby zdekodowa\u0107. Aby zako\u0144czy\u0107 dekodowanie, upewnij si\u0119, \u017ce w przegl\u0105darce w\u0142\u0105czona jest obs\u0142uga JavaScript.'>na<span class=\"apbct-blur\">**<\/span>@<span class=\"apbct-blur\">*******<\/span>ra.co.uk<\/span><\/a>.<\/p>\n<p>Opr\u00f3cz gwarancji producenta, bez uszczerbku obowi\u0105zuj\u0105 prawa dotycz\u0105ce gwarancji i zgodno\u015bci.<\/p>","protected":false},"excerpt":{"rendered":"<p>Schade? Wat nu? Schade is een zeer vervelende kwestie en helaas niet altijd te voorkomen. Al streven we daar natuurlijk altijd wel naar. Controleer bij ontvangst van uw bestelling altijd goed de producten. Mocht er onverhoopt schade zijn ontstaan aan een van de artikelen uit uw bestelling, meld deze dan binnen 48 uur na ontvangst [&hellip;]<\/p>\n","protected":false},"author":1,"featured_media":0,"parent":0,"menu_order":0,"comment_status":"closed","ping_status":"closed","template":"","meta":{"_acf_changed":false,"footnotes":""},"hf_cat_page":[35],"class_list":["post-2490","page","type-page","status-publish","format-standard","hentry"],"acf":[],"_links":{"self":[{"href":"https:\/\/cleopatra.nl\/pl\/wp-json\/wp\/v2\/pages\/2490","targetHints":{"allow":["GET"]}}],"collection":[{"href":"https:\/\/cleopatra.nl\/pl\/wp-json\/wp\/v2\/pages"}],"about":[{"href":"https:\/\/cleopatra.nl\/pl\/wp-json\/wp\/v2\/types\/page"}],"author":[{"embeddable":true,"href":"https:\/\/cleopatra.nl\/pl\/wp-json\/wp\/v2\/users\/1"}],"replies":[{"embeddable":true,"href":"https:\/\/cleopatra.nl\/pl\/wp-json\/wp\/v2\/comments?post=2490"}],"version-history":[{"count":0,"href":"https:\/\/cleopatra.nl\/pl\/wp-json\/wp\/v2\/pages\/2490\/revisions"}],"wp:attachment":[{"href":"https:\/\/cleopatra.nl\/pl\/wp-json\/wp\/v2\/media?parent=2490"}],"wp:term":[{"taxonomy":"hf_cat_page","embeddable":true,"href":"https:\/\/cleopatra.nl\/pl\/wp-json\/wp\/v2\/hf_cat_page?post=2490"}],"curies":[{"name":"wp","href":"https:\/\/api.w.org\/{rel}","templated":true}]}}