{"id":2498,"date":"2022-03-30T15:02:55","date_gmt":"2022-03-30T13:02:55","guid":{"rendered":"https:\/\/cleopatra.medialoods.com\/?page_id=2498"},"modified":"2024-01-08T14:42:55","modified_gmt":"2024-01-08T13:42:55","slug":"privacy","status":"publish","type":"page","link":"https:\/\/cleopatra.nl\/pl\/privacy\/","title":{"rendered":"Prywatno\u015b\u0107"},"content":{"rendered":"<div class=\"mkdf-container mkdf-default-page-template\">\n<div class=\"mkdf-container-inner clearfix\">\n<div class=\"mkdf-grid-row\">\n<div class=\"mkdf-page-content-holder mkdf-grid-col-12\">\n<div class=\"vc_row wpb_row vc_row-fluid\">\n<div class=\"wpb_column vc_column_container vc_col-sm-12\">\n<div class=\"vc_column-inner\">\n<div class=\"wpb_wrapper\">\n<div class=\"wpb_text_column wpb_content_element\">\n<div class=\"wpb_wrapper\">\n<h2>1. Wprowadzenie<\/h2>\n<p>Cleopatra B.V. bardzo powa\u017cnie traktuje ochron\u0119 danych osobowych u\u017cytkownik\u00f3w. Chcieliby\u015bmy poinformowa\u0107 u\u017cytkownika o tym, o jakie dane osobowe prosimy, w jakim celu, w jaki spos\u00f3b przetwarzamy jego dane osobowe i jakie prawa mu przys\u0142uguj\u0105.<\/p>\n<p><strong>Dane kontaktowe<\/strong><br \/>\nCleopatra B.V. Oostzijde 295 1508 PL Zaandam<br \/>\nTel: 075-647 8200<br \/>\nE-mail: <a href=\"mailto:in**@*******ra.nl\" data-original-string=\"sGt9npWLZQK7WD8xp9s72w==9f1edGcMHr\/9B8tPm9OZsoUNsSne43C4a5vIO2Pw7MSQdQ=\" title=\"Ten kontakt zosta\u0142 zakodowany przez Anti-Spam by CleanTalk. Kliknij, aby zdekodowa\u0107. Aby zako\u0144czy\u0107 dekodowanie, upewnij si\u0119, \u017ce w przegl\u0105darce w\u0142\u0105czona jest obs\u0142uga JavaScript.\"><span \n                data-original-string='0gcMIYXh7o48pYZg3OTNhg==9f1j6qeoGN2hTJxqAeCln7zF2sUphSSXRpWSOiezS+l5uY='\n                class='apbct-email-encoder'\n                title='Ten kontakt zosta\u0142 zakodowany przez Anti-Spam by CleanTalk. Kliknij, aby zdekodowa\u0107. Aby zako\u0144czy\u0107 dekodowanie, upewnij si\u0119, \u017ce w przegl\u0105darce w\u0142\u0105czona jest obs\u0142uga JavaScript.'>na<span class=\"apbct-blur\">**<\/span>@<span class=\"apbct-blur\">*******<\/span>ra.co.uk<\/span><\/a><br \/>\nStrona internetowa: <a href=\"https:\/\/cleopatra.nl\/pl\/\">www.cleopatra.nl<\/a> i powi\u0105zane strony<br \/>\nNumer Izby Handlowej: 66250501<br \/>\nNumer identyfikacyjny VAT: NL856462779B01<\/p>\n<p>&nbsp;<\/p>\n<h2>2. Przetwarzane przez nas dane osobowe<\/h2>\n<p>Podczas korzystania z naszych us\u0142ug i produkt\u00f3w potrzebujemy Twoich danych osobowych. Poni\u017cej znajduje si\u0119 przegl\u0105d danych osobowych, kt\u00f3re mo\u017cemy przetwarza\u0107:<\/p>\n<ul>\n<li>Twoje imi\u0119, nazwisko i inicja\u0142y<\/li>\n<li>Dane kontaktowe, w tym numer telefonu i adres e-mail<\/li>\n<li>Twoja funkcja<\/li>\n<li>Data urodzenia<\/li>\n<li>Dane osobowe, kt\u00f3re u\u017cytkownik przekazuje Cleopatra B.V. w ramach us\u0142ug i produkt\u00f3w, kt\u00f3re dla niego \u015bwiadczymy, takie jak mi\u0119dzy innymi (specjalne) dane osobowe wymagane na przyk\u0142ad do stworzenia odpowiednich produkt\u00f3w na macie.<\/li>\n<li>Dalsze dane osobowe, w zale\u017cno\u015bci od charakteru relacji \u0142\u0105cz\u0105cych Cleopatra B.V. z u\u017cytkownikiem.<\/li>\n<\/ul>\n<p>Podczas korzystania z naszych witryn internetowych lub aplikacji mog\u0105 by\u0107 przetwarzane nast\u0119puj\u0105ce dodatkowe informacje:<\/p>\n<ul>\n<li>Adres IP (ewentualnie w anonimowej, skr\u00f3conej formie)<\/li>\n<li>Data, godzina i czas trwania wizyty online<\/li>\n<li>Numer konta bankowego (w przypadku zakupu produkt\u00f3w online)<\/li>\n<li>Status dost\u0119pu\/kod statusu HTTP<\/li>\n<li>Ka\u017cda przes\u0142ana ilo\u015b\u0107 danych<\/li>\n<li>Strona internetowa, z kt\u00f3rej pochodzi \u017c\u0105danie<\/li>\n<li>Typ przegl\u0105darki<\/li>\n<li>System operacyjny i jego interfejs<\/li>\n<li>J\u0119zyk i wersja oprogramowania przegl\u0105darki<\/li>\n<li>Zachowanie podczas klikania<\/li>\n<li>Dane dotycz\u0105ce aktywno\u015bci u\u017cytkownika w naszych witrynach internetowych lub aplikacjach<\/li>\n<li>Zakupione produkty<\/li>\n<li>Informacje profilowe, przegl\u0105dane i publikowane tre\u015bci i posty oraz przechowywane metadane za po\u015brednictwem kana\u0142\u00f3w medi\u00f3w spo\u0142eczno\u015bciowych Cleopatry (m.in. Facebook i Pinterest)<\/li>\n<\/ul>\n<p>Przetwarzane przez nas specjalne i\/lub wra\u017cliwe dane osobowe<\/p>\n<p>Nasza witryna i\/lub us\u0142ugi nie s\u0105 tworzone z zamiarem gromadzenia danych os\u00f3b odwiedzaj\u0105cych witryn\u0119, kt\u00f3re nie uko\u0144czy\u0142y 16 roku \u017cycia. Nie mo\u017cemy jednak zweryfikowa\u0107, czy odwiedzaj\u0105cy ma wi\u0119cej ni\u017c 16 lat.<\/p>\n<p>&nbsp;<\/p>\n<h2>3. Cel przetwarzania danych<\/h2>\n<p>Cleopatra przetwarza dane osobowe u\u017cytkownika w nast\u0119puj\u0105cych celach:<\/p>\n<ul>\n<li>Aby \u015bwiadczy\u0107 nasze us\u0142ugi, wystawia\u0107 faktury i obs\u0142ugiwa\u0107 p\u0142atno\u015bci<\/li>\n<li>Przetwarzanie ofert, zlece\u0144 serwisowych i innych wniosk\u00f3w oraz informowanie u\u017cytkownika o post\u0119pach w ich realizacji<\/li>\n<li>Dostarczanie u\u017cytkownikowi towar\u00f3w i\/lub us\u0142ug<\/li>\n<li>Przygotowanie prawid\u0142owych deklaracji podatkowych<\/li>\n<li>Pomiar satysfakcji u\u017cytkownika, np. poprzez ankiety satysfakcji klienta<\/li>\n<li>Informowanie u\u017cytkownika o zmianach w naszych us\u0142ugach i produktach (w tym za po\u015brednictwem Facebooka, Pinteresta lub innych kana\u0142\u00f3w medi\u00f3w spo\u0142eczno\u015bciowych)<\/li>\n<li>Aby poprosi\u0107 o recenzj\u0119 produktu lub us\u0142ugi Cleopatra<\/li>\n<li>Aby poprawi\u0107 komfort korzystania z naszych witryn internetowych i aplikacji ev.<\/li>\n<li>Aby dostosowa\u0107 nasz\u0105 komunikacj\u0119 do potrzeb i preferencji u\u017cytkownika<\/li>\n<\/ul>\n<p>&nbsp;<\/p>\n<h2>4. Okres przechowywania<\/h2>\n<p>Cleopatra B.V. nie przechowuje danych osobowych d\u0142u\u017cej ni\u017c jest to konieczne do realizacji cel\u00f3w, dla kt\u00f3rych dane s\u0105 gromadzone.<\/p>\n<h3>26 miesi\u0119cy<\/h3>\n<p>Dane osobowe zebrane podczas korzystania z naszej strony internetowej (stron internetowych), kt\u00f3re mo\u017cna prze\u015bledzi\u0107 wstecz do osoby fizycznej, s\u0105 usuwane po 26 miesi\u0105cach; dotyczy to w szczeg\u00f3lno\u015bci:<\/p>\n<ul>\n<li>Adres IP (ewentualnie w anonimowej, skr\u00f3conej formie)<\/li>\n<li>Data, godzina i czas trwania wizyty online<\/li>\n<li>Status dost\u0119pu\/kod statusu HTTP<\/li>\n<li>Ka\u017cda przes\u0142ana ilo\u015b\u0107 danych<\/li>\n<li>Strona internetowa, z kt\u00f3rej pochodzi \u017c\u0105danie<\/li>\n<li>Typ przegl\u0105darki<\/li>\n<li>System operacyjny i jego interfejs<\/li>\n<li>J\u0119zyk i wersja oprogramowania przegl\u0105darki<\/li>\n<li>Zachowanie podczas klikania<\/li>\n<li>Dane dotycz\u0105ce aktywno\u015bci u\u017cytkownika w naszych witrynach internetowych lub aplikacjach<\/li>\n<\/ul>\n<h3>5 lat<\/h3>\n<p>Ten okres przechowywania dotyczy skarg sk\u0142adanych przez u\u017cytkownik\u00f3w. Liczymy od dnia rozpatrzenia skargi.<\/p>\n<h3>7 lat<\/h3>\n<p>Kupuj\u0105c produkt lub us\u0142ug\u0119, musimy zachowa\u0107 7-letni okres przechowywania danych przez Urz\u0105d Skarbowy.<\/p>\n<ul>\n<li>Twoje imi\u0119, nazwisko i inicja\u0142y<\/li>\n<li>Dane kontaktowe, w tym numer telefonu i adres e-mail<\/li>\n<li>Twoja funkcja<\/li>\n<li>Data urodzenia<\/li>\n<li>Tw\u00f3j adres e-mail<\/li>\n<li>Dane osobowe, kt\u00f3re u\u017cytkownik przekazuje Cleopatra B.V. w ramach us\u0142ug i produkt\u00f3w, kt\u00f3re dla niego \u015bwiadczymy, takie jak mi\u0119dzy innymi (specjalne) dane osobowe wymagane na przyk\u0142ad do stworzenia odpowiednich produkt\u00f3w na macie.<\/li>\n<li>Dalsze dane osobowe, w zale\u017cno\u015bci od charakteru relacji \u0142\u0105cz\u0105cych Cleopatra B.V. z u\u017cytkownikiem.<\/li>\n<\/ul>\n<p>Korzystanie z kana\u0142\u00f3w medi\u00f3w spo\u0142eczno\u015bciowych podlega warunkom i politykom prywatno\u015bci odpowiednich witryn medi\u00f3w spo\u0142eczno\u015bciowych:<\/p>\n<ul>\n<li>Informacje o profilu<\/li>\n<li>Przegl\u0105dane i publikowane tre\u015bci i posty<\/li>\n<li>Metadane przechowywane na odpowiedniej platformie medi\u00f3w spo\u0142eczno\u015bciowych<\/li>\n<\/ul>\n<p>&nbsp;<\/p>\n<h2>5. Udost\u0119pnianie danych osobowych stronom trzecim<\/h2>\n<p>Aby \u015bwiadczy\u0107 us\u0142ugi, dostarcza\u0107 produkty i wykonywa\u0107 inne czynno\u015bci, korzystamy z pomocy stron trzecich. W zakresie, w jakim te strony trzecie przetwarzaj\u0105 dane u\u017cytkownika w imieniu Cleopatra B.V., robi\u0105 to jako podmioty przetwarzaj\u0105ce. Wszystkie umowy dotycz\u0105ce, mi\u0119dzy innymi, bezpiecze\u0144stwa, poufno\u015bci i praw u\u017cytkownika s\u0105 zawarte w umowach o przetwarzanie danych, kt\u00f3re zawarli\u015bmy z tymi stronami trzecimi.<\/p>\n<p>Wsp\u00f3\u0142pracujemy z zewn\u0119trznymi dostawcami us\u0142ug, kt\u00f3rzy pomagaj\u0105 nam w \u015bwiadczeniu nast\u0119puj\u0105cych us\u0142ug:<\/p>\n<ul>\n<li>Cele logistyczne i operacyjne: na przyk\u0142ad podmioty przetwarzaj\u0105ce poczt\u0119, dostawcy paczek i strony, kt\u00f3re pomagaj\u0105 nam wysy\u0142a\u0107 wiadomo\u015bci e-mail.<\/li>\n<li>Us\u0142ugi w naszym centrum dystrybucyjnym: pomy\u015bl o imprezach sortuj\u0105cych paczki<\/li>\n<li>Us\u0142ugi marketingowe s\u0142u\u017c\u0105ce personalizacji naszego sklepu oraz wy\u015bwietlaniu odpowiednich ofert i reklam na naszych stronach internetowych (np. w aplikacjach) oraz na stronach internetowych\/ w aplikacjach stron trzecich. U\u017cywamy do tego oprogramowania, takiego jak Google Adwords<\/li>\n<li>Us\u0142ugi analityczne do analizy danych dotycz\u0105cych odwiedzin i korzystania z naszego sklepu. U\u017cywamy do tego oprogramowania, takiego jak Google Analytics<\/li>\n<li>Us\u0142ugi IT w zakresie konserwacji i zarz\u0105dzania naszymi systemami oraz przechowywania danych.<\/li>\n<li>U\u0142atwianie specjalnych promocji (oszcz\u0119dno\u015bci, konkursy, kampanie, konkursy i\/lub promocyjne gry losowe)<\/li>\n<li>Przeprowadzanie bada\u0144 satysfakcji klient\u00f3w<\/li>\n<li>Obs\u0142uga zapyta\u0144, reklamacji, napraw i gwarancji we wsp\u00f3\u0142pracy z zewn\u0119trznymi centrami obs\u0142ugi telefonicznej, a czasami z naszymi dostawcami. Dane dotycz\u0105ce zapyta\u0144, reklamacji, napraw i gwarancji s\u0105 przetwarzane przez te zewn\u0119trzne centra obs\u0142ugi telefonicznej<\/li>\n<li>Strony naprawiaj\u0105ce przedmioty<\/li>\n<li>Wsp\u00f3\u0142praca z organami regulacyjnymi, organami podatkowymi i organami \u015bledczymi, takimi jak policja i prokuratura. Przekazujemy dane tym stronom tylko wtedy, gdy jeste\u015bmy do tego prawnie zobowi\u0105zani<\/li>\n<\/ul>\n<p>&nbsp;<\/p>\n<h2>6. Pliki cookie i podobne techniki<\/h2>\n<p>U\u017cywamy r\u00f3\u017cnych rodzaj\u00f3w plik\u00f3w cookie i podobnych technik. S\u0105 one potrzebne mi\u0119dzy innymi do tego, aby nasz sklep dzia\u0142a\u0142 prawid\u0142owo i by\u0142 bardziej przyjazny dla u\u017cytkownika. Wi\u0119cej informacji na temat wszystkich plik\u00f3w cookie, kt\u00f3rych u\u017cywamy i dlaczego ich u\u017cywamy, mo\u017cna znale\u017a\u0107 w naszym o\u015bwiadczeniu dotycz\u0105cym plik\u00f3w cookie (dost\u0119pnym na naszych stronach internetowych).<\/p>\n<p>Nie chcesz plik\u00f3w cookie? Zawsze mo\u017cesz samodzielnie dostosowa\u0107 ustawienia lub usun\u0105\u0107 pliki cookie. Wyja\u015bniamy dok\u0142adnie, jak to zrobi\u0107 w naszym o\u015bwiadczeniu dotycz\u0105cym plik\u00f3w cookie. Warto wiedzie\u0107: je\u015bli wy\u0142\u0105czysz pliki cookie, nasz sklep mo\u017ce nie dzia\u0142a\u0107 tak dobrze.<\/p>\n<p>&nbsp;<\/p>\n<h2>7. Jakie prawa przys\u0142uguj\u0105 klientowi?<\/h2>\n<h3>Prawo do informacji<\/h3>\n<p>Jeste\u015bmy zobowi\u0105zani do informowania u\u017cytkownik\u00f3w o tym, kim jeste\u015bmy, jakie dane przetwarzamy, jak d\u0142ugo przechowujemy dane i w jakim celu, na jakiej podstawie to robimy i komu przekazujemy dane. Wszystkie te informacje mo\u017cna znale\u017a\u0107 w naszej polityce prywatno\u015bci.<\/p>\n<h3>Prawo do inspekcji<\/h3>\n<p>U\u017cytkownik ma prawo sprawdzi\u0107, czy Cleopatra B.V. przetwarza jego dane, a je\u015bli tak, to jakie dane, jakie s\u0105 cele przetwarzania, jakim stronom dane s\u0105 przekazywane, jak d\u0142ugo s\u0105 przechowywane i sk\u0105d pochodz\u0105 (je\u015bli u\u017cytkownik sam ich nie dostarczy\u0142). U\u017cytkownik nie musi podawa\u0107 powodu uzyskania dost\u0119pu do tych informacji.<\/p>\n<h3>Prawo do sprostowania<\/h3>\n<p>U\u017cytkownik mo\u017ce przes\u0142a\u0107 \u017c\u0105danie dost\u0119pu do swoich danych osobowych, ich sprostowania, usuni\u0119cia, przeniesienia, wycofania zgody lub sprzeciwu wobec ich przetwarzania na adres <span \n                data-original-string='LE7rvknMOyyzPCbqV6Q3MA==9f1axeBwQsoLGm0hW0wslt1NC1TmmY98HcXIF7LBjyUijU='\n                class='apbct-email-encoder'\n                title='Ten kontakt zosta\u0142 zakodowany przez Anti-Spam by CleanTalk. Kliknij, aby zdekodowa\u0107. Aby zako\u0144czy\u0107 dekodowanie, upewnij si\u0119, \u017ce w przegl\u0105darce w\u0142\u0105czona jest obs\u0142uga JavaScript.'>na<span class=\"apbct-blur\">**<\/span>@<span class=\"apbct-blur\">*******<\/span>ra.co.uk<\/span> Odpowiemy na Twoj\u0105 pro\u015bb\u0119 tak szybko, jak to mo\u017cliwe - najp\u00f3\u017aniej w ci\u0105gu 4 tygodni.<\/p>\n<h3>Prawo do ograniczenia przetwarzania<\/h3>\n<p>U\u017cytkownik ma prawo do ograniczenia przetwarzania jego danych w nast\u0119puj\u0105cych przypadkach:<\/p>\n<ol>\n<li>Nie zgadzasz si\u0119 z dok\u0142adno\u015bci\u0105 danych<\/li>\n<li>Przetwarzanie jest niezgodne z prawem i u\u017cytkownik chce, aby wykorzystanie jego danych zosta\u0142o ograniczone.<\/li>\n<li>Potrzebujesz swoich danych, aby uzasadni\u0107 roszczenie<\/li>\n<\/ol>\n<p>Prosimy o kontakt <a href=\"mailto:in**@*******ra.nl\" data-original-string=\"zVJMYDvGhl1GLvFtjWG6QA==9f1PALUZkqIbXEofn8fDC1466ROd9StxTjYWO+nl04Tb8o=\" title=\"Ten kontakt zosta\u0142 zakodowany przez Anti-Spam by CleanTalk. Kliknij, aby zdekodowa\u0107. Aby zako\u0144czy\u0107 dekodowanie, upewnij si\u0119, \u017ce w przegl\u0105darce w\u0142\u0105czona jest obs\u0142uga JavaScript.\"><span \n                data-original-string='L4KisMmaGKPH0C3mYZ5IrQ==9f1DHjYE7Kf7zbl3U7N7WKUi+Cd+X8H3INpM84Ocg9R\/lI='\n                class='apbct-email-encoder'\n                title='Ten kontakt zosta\u0142 zakodowany przez Anti-Spam by CleanTalk. Kliknij, aby zdekodowa\u0107. Aby zako\u0144czy\u0107 dekodowanie, upewnij si\u0119, \u017ce w przegl\u0105darce w\u0142\u0105czona jest obs\u0142uga JavaScript.'>na<span class=\"apbct-blur\">**<\/span>@<span class=\"apbct-blur\">*******<\/span>ra.co.uk<\/span><\/a> je\u015bli chcesz uzyska\u0107 wi\u0119cej informacji na ten temat.<\/p>\n<h3>Prawo do przenoszenia danych<\/h3>\n<p>U\u017cytkownik mo\u017ce wys\u0142a\u0107 do nas wniosek o otrzymanie swoich danych. Nast\u0119pnie zestawimy dla Ciebie dane, kt\u00f3re posiadamy od Ciebie, a kt\u00f3re sam dostarczy\u0142e\u015b. U\u017cytkownik mo\u017ce nast\u0119pnie zapisa\u0107 te dane na w\u0142asny u\u017cytek.<\/p>\n<h3>Prawo do sprzeciwu<\/h3>\n<p>Jako klient masz prawo sprzeciwi\u0107 si\u0119 przetwarzaniu Twoich danych. Mo\u017cesz na przyk\u0142ad sprzeciwi\u0107 si\u0119 przetwarzaniu Twoich danych na potrzeby marketingu bezpo\u015bredniego. U\u017cytkownik mo\u017ce r\u00f3wnie\u017c z\u0142o\u017cy\u0107 skarg\u0119 do lokalnego organu regulacyjnego.<\/p>\n<p>&nbsp;<\/p>\n<h2>8. Jak zabezpieczamy dane osobowe<\/h2>\n<p>Cleopatra B.V. podejmuje odpowiednie \u015brodki w celu przeciwdzia\u0142ania nadu\u017cyciom, utracie, nieuprawnionemu dost\u0119powi, niepo\u017c\u0105danemu ujawnieniu i nieuprawnionej modyfikacji danych osobowych u\u017cytkownika.<\/p>\n<p>W zwi\u0105zku z tym stosuje si\u0119 zapor\u0119 sieciow\u0105 i \u015brodki szyfrowania, aby zapobiec dost\u0119powi do danych przez nieupowa\u017cnione osoby trzecie. Dane u\u017cytkownik\u00f3w s\u0105 przechowywane w lokalizacjach zabezpieczonych zar\u00f3wno fizycznie, jak i technicznie. Tylko wybrana grupa pracownik\u00f3w ma dost\u0119p do danych klient\u00f3w w oparciu o ich profil zawodowy.<\/p>\n<p>&nbsp;<\/p>\n<h2>9. Pytania i informacje zwrotne<\/h2>\n<p>Pytania, komentarze i w\u0105tpliwo\u015bci dotycz\u0105ce naszej polityki prywatno\u015bci? Prosimy o kontakt pod adresem: <span \n                data-original-string='7MqFnaz7mH73ATI3bx694Q==9f17tbEzdRKE8FUOXebr5YKUiWx6JInVHogdssKgxmUmzQ='\n                class='apbct-email-encoder'\n                title='Ten kontakt zosta\u0142 zakodowany przez Anti-Spam by CleanTalk. Kliknij, aby zdekodowa\u0107. Aby zako\u0144czy\u0107 dekodowanie, upewnij si\u0119, \u017ce w przegl\u0105darce w\u0142\u0105czona jest obs\u0142uga JavaScript.'>na<span class=\"apbct-blur\">**<\/span>@<span class=\"apbct-blur\">*******<\/span>ra.co.uk<\/span><\/p>\n<p>&nbsp;<\/p>\n<h2>10. Dostosowanie polityki prywatno\u015bci<\/h2>\n<p>Zastrzegamy sobie prawo do zmiany niniejszego o\u015bwiadczenia o ochronie prywatno\u015bci. Zmiany b\u0119d\u0105 publikowane na tej stronie internetowej.<\/p>\n<\/div>\n<\/div>\n<\/div>\n<\/div>\n<\/div>\n<\/div>\n<\/div>\n<\/div>\n<\/div>\n<\/div>","protected":false},"excerpt":{"rendered":"<p>1. Inleiding De bescherming van uw gegevens neemt Cleopatra B.V. zeer serieus. Wij willen u graag informeren over welke persoonsgegevens we opvragen, voor welke doeleinden, hoe we uw persoonsgegevens verwerken en welke rechten u heeft. Contactgegevens Cleopatra B.V. Oostzijde 295 1508 EN Zaandam Tel: 075-647 8200 E-mail: in**@*******ra.nl Website: www.cleopatra.nl en gelieerde sites KvK nummer: [&hellip;]<\/p>\n","protected":false},"author":1,"featured_media":0,"parent":0,"menu_order":0,"comment_status":"closed","ping_status":"closed","template":"","meta":{"_acf_changed":false,"footnotes":""},"hf_cat_page":[35],"class_list":["post-2498","page","type-page","status-publish","format-standard","hentry"],"acf":[],"_links":{"self":[{"href":"https:\/\/cleopatra.nl\/pl\/wp-json\/wp\/v2\/pages\/2498","targetHints":{"allow":["GET"]}}],"collection":[{"href":"https:\/\/cleopatra.nl\/pl\/wp-json\/wp\/v2\/pages"}],"about":[{"href":"https:\/\/cleopatra.nl\/pl\/wp-json\/wp\/v2\/types\/page"}],"author":[{"embeddable":true,"href":"https:\/\/cleopatra.nl\/pl\/wp-json\/wp\/v2\/users\/1"}],"replies":[{"embeddable":true,"href":"https:\/\/cleopatra.nl\/pl\/wp-json\/wp\/v2\/comments?post=2498"}],"version-history":[{"count":2,"href":"https:\/\/cleopatra.nl\/pl\/wp-json\/wp\/v2\/pages\/2498\/revisions"}],"predecessor-version":[{"id":2505,"href":"https:\/\/cleopatra.nl\/pl\/wp-json\/wp\/v2\/pages\/2498\/revisions\/2505"}],"wp:attachment":[{"href":"https:\/\/cleopatra.nl\/pl\/wp-json\/wp\/v2\/media?parent=2498"}],"wp:term":[{"taxonomy":"hf_cat_page","embeddable":true,"href":"https:\/\/cleopatra.nl\/pl\/wp-json\/wp\/v2\/hf_cat_page?post=2498"}],"curies":[{"name":"wp","href":"https:\/\/api.w.org\/{rel}","templated":true}]}}