{"id":5920,"date":"2023-12-19T10:16:03","date_gmt":"2023-12-19T09:16:03","guid":{"rendered":"https:\/\/cleopatra.nl\/?page_id=5920"},"modified":"2024-01-08T14:36:25","modified_gmt":"2024-01-08T13:36:25","slug":"opgietsessie-loyly","status":"publish","type":"page","link":"https:\/\/cleopatra.nl\/pl\/opgietsessie-loyly\/","title":{"rendered":"Sesja infuzyjna L\u00f6yly"},"content":{"rendered":"<h2>Fi\u0144ska tradycja<\/h2>\n<p>L\u00f6yly, aufguss lub opgieten; r\u00f3\u017cne nazwy tego samego zjawiska: polewanie pieca do sauny wod\u0105 i zapachami.<\/p>\n<p>Przy temperaturze +\/- 85 0 C piec sauny jest wy\u0142\u0105czany. Poniewa\u017c kamienie sauny s\u0105 ciep\u0142e i dlatego emituj\u0105 promieniuj\u0105ce ciep\u0142o, daje to mo\u017cliwo\u015b\u0107 wspania\u0142ej sesji moczenia. Odlewanie si\u0119 powoduje natychmiastowy wzrost wilgotno\u015bci. Fi\u0144skie s\u0142owo L\u00f6yly w t\u0142umaczeniu oznacza \"gor\u0105cy wiatr\"; i dok\u0142adnie to odczuwa si\u0119 podczas sesji moczenia.<\/p>\n<p><img loading=\"lazy\" decoding=\"async\" class=\"wp-image-6213 size-full aligncenter\" src=\"https:\/\/cleopatra.nl\/wp-content\/uploads\/iStock-1345447369.webp\" alt=\"\" width=\"800\" height=\"533\" srcset=\"https:\/\/cleopatra.nl\/wp-content\/uploads\/iStock-1345447369.webp 800w, https:\/\/cleopatra.nl\/wp-content\/uploads\/iStock-1345447369-300x200.webp 300w, https:\/\/cleopatra.nl\/wp-content\/uploads\/iStock-1345447369-768x512.webp 768w, https:\/\/cleopatra.nl\/wp-content\/uploads\/iStock-1345447369-18x12.webp 18w, https:\/\/cleopatra.nl\/wp-content\/uploads\/iStock-1345447369-600x400.webp 600w\" sizes=\"auto, (max-width: 800px) 100vw, 800px\" \/><\/p>\n<h3>Dzia\u0142anie sauny Deluxe<\/h3>\n<p>W sterowaniu sauny Deluxe umie\u015bcili\u015bmy to do\u015bwiadczenie \"L\u00f6yly\" jako ustawienie wst\u0119pne na wy\u015bwietlaczu.<\/p>\n<ol>\n<li>\u00a0Po aktywowaniu funkcji L\u00f6yly piec do sauny rozpocznie prac\u0119 do momentu osi\u0105gni\u0119cia ustawionej temperatury.<\/li>\n<li>Po osi\u0105gni\u0119ciu ustawionej temperatury piec do sauny wy\u0142\u0105czy si\u0119 i b\u0119dzie mo\u017cna rozpocz\u0105\u0107 sesj\u0119 nagrzewania sauny.<\/li>\n<li>Przy oko\u0142o 750C piec do sauny w\u0142\u0105czy si\u0119 ponownie i cykl powt\u00f3rzy si\u0119.<\/li>\n<\/ol>\n<p>W zale\u017cno\u015bci od ilo\u015bci wlanej wody, temperatura odczuwalna w kabinie sauny zmienia si\u0119.<\/p>\n<p><img loading=\"lazy\" decoding=\"async\" class=\"wp-image-6098 size-full aligncenter\" src=\"https:\/\/cleopatra.nl\/wp-content\/uploads\/chart-2.webp\" alt=\"\" width=\"800\" height=\"800\" srcset=\"https:\/\/cleopatra.nl\/wp-content\/uploads\/chart-2.webp 800w, https:\/\/cleopatra.nl\/wp-content\/uploads\/chart-2-300x300.webp 300w, https:\/\/cleopatra.nl\/wp-content\/uploads\/chart-2-150x150.webp 150w, https:\/\/cleopatra.nl\/wp-content\/uploads\/chart-2-768x768.webp 768w, https:\/\/cleopatra.nl\/wp-content\/uploads\/chart-2-12x12.webp 12w, https:\/\/cleopatra.nl\/wp-content\/uploads\/chart-2-600x600.webp 600w, https:\/\/cleopatra.nl\/wp-content\/uploads\/chart-2-100x100.webp 100w\" sizes=\"auto, (max-width: 800px) 100vw, 800px\" \/><\/p>","protected":false},"excerpt":{"rendered":"<p>Een Finse traditie L\u00f6yly, aufguss of opgieten; verschillende benaming voor hetzelfde fenomeen: het opgieten van water en geurstof op de saunaoven. Bij een temperatuur van +\/- 85 0 C wordt de saunaoven uitgeschakeld. Doordat de saunastenen warm zijn en daardoor stralingswarmte afgeven biedt dit de mogelijkheid voor een heerlijke opgietsessie. Door het opgieten ervaart u [&hellip;]<\/p>\n","protected":false},"author":1,"featured_media":0,"parent":0,"menu_order":0,"comment_status":"closed","ping_status":"closed","template":"","meta":{"_acf_changed":false,"footnotes":""},"hf_cat_page":[],"class_list":["post-5920","page","type-page","status-publish","format-standard","hentry"],"acf":[],"_links":{"self":[{"href":"https:\/\/cleopatra.nl\/pl\/wp-json\/wp\/v2\/pages\/5920","targetHints":{"allow":["GET"]}}],"collection":[{"href":"https:\/\/cleopatra.nl\/pl\/wp-json\/wp\/v2\/pages"}],"about":[{"href":"https:\/\/cleopatra.nl\/pl\/wp-json\/wp\/v2\/types\/page"}],"author":[{"embeddable":true,"href":"https:\/\/cleopatra.nl\/pl\/wp-json\/wp\/v2\/users\/1"}],"replies":[{"embeddable":true,"href":"https:\/\/cleopatra.nl\/pl\/wp-json\/wp\/v2\/comments?post=5920"}],"version-history":[{"count":3,"href":"https:\/\/cleopatra.nl\/pl\/wp-json\/wp\/v2\/pages\/5920\/revisions"}],"predecessor-version":[{"id":6476,"href":"https:\/\/cleopatra.nl\/pl\/wp-json\/wp\/v2\/pages\/5920\/revisions\/6476"}],"wp:attachment":[{"href":"https:\/\/cleopatra.nl\/pl\/wp-json\/wp\/v2\/media?parent=5920"}],"wp:term":[{"taxonomy":"hf_cat_page","embeddable":true,"href":"https:\/\/cleopatra.nl\/pl\/wp-json\/wp\/v2\/hf_cat_page?post=5920"}],"curies":[{"name":"wp","href":"https:\/\/api.w.org\/{rel}","templated":true}]}}