{"id":5922,"date":"2023-12-19T10:16:47","date_gmt":"2023-12-19T09:16:47","guid":{"rendered":"https:\/\/cleopatra.nl\/?page_id=5922"},"modified":"2024-08-15T15:27:14","modified_gmt":"2024-08-15T13:27:14","slug":"sauna-installatie-checklist","status":"publish","type":"page","link":"https:\/\/cleopatra.nl\/pl\/sauna-installatie-checklist\/","title":{"rendered":"Lista kontrolna instalacji sauny"},"content":{"rendered":"<h3><span style=\"vertical-align: inherit;\"><span style=\"vertical-align: inherit;\"><span style=\"vertical-align: inherit;\"><span style=\"vertical-align: inherit;\">Pomieszczenie techniczne<\/span><\/span><\/span><\/span><\/h3>\n<p><span style=\"vertical-align: inherit;\"><span style=\"vertical-align: inherit;\"><span style=\"vertical-align: inherit;\"><span style=\"vertical-align: inherit;\">Nale\u017cy pami\u0119ta\u0107, \u017ce skrzynka przeka\u017anikowa i sterowanie sauny i kabiny na podczerwie\u0144 musz\u0105 by\u0107 zawsze dost\u0119pne. Nale\u017cy je umie\u015bci\u0107 w pomieszczeniu technicznym lub na przyk\u0142ad za klap\u0105 serwisow\u0105 na g\u00f3rze kabiny.<\/span><\/span><\/span><\/span><\/p>\n<h3><span style=\"vertical-align: inherit;\"><span style=\"vertical-align: inherit;\"><span style=\"vertical-align: inherit;\"><span style=\"vertical-align: inherit;\">Pod\u0142oga i odp\u0142yw<\/span><\/span><\/span><\/span><\/h3>\n<p><span style=\"vertical-align: inherit;\"><span style=\"vertical-align: inherit;\"><span style=\"vertical-align: inherit;\"><span style=\"vertical-align: inherit;\">Pod drzwiami sauny znajduje si\u0119 niewielki otw\u00f3r umo\u017cliwiaj\u0105cy zasysanie powietrza. Nie umieszczaj odp\u0142ywu w pomieszczeniu sauny; ciep\u0142o wysuszy odp\u0142yw. Upewnij si\u0119, \u017ce pod\u0142oga jest r\u00f3wna; nier\u00f3wna pod\u0142oga spowoduje odchylenia wymiarowe.<\/span><\/span><\/span><\/span><\/p>\n<h3><span style=\"vertical-align: inherit;\"><span style=\"vertical-align: inherit;\"><span style=\"vertical-align: inherit;\"><span style=\"vertical-align: inherit;\">Wymagane zaplecze techniczne<\/span><\/span><\/span><\/span><\/h3>\n<p><span style=\"vertical-align: inherit;\"><span style=\"vertical-align: inherit;\"><span style=\"vertical-align: inherit;\"><span style=\"vertical-align: inherit;\">Wyposa\u017cenie techniczne r\u00f3\u017cni si\u0119 w zale\u017cno\u015bci od sauny i kabiny na podczerwie\u0144. Wszystkie niezb\u0119dne udogodnienia s\u0105 okre\u015blone w wycenie\/zam\u00f3wieniu.<\/span><\/span><\/span><\/span><\/p>\n<h3><span style=\"vertical-align: inherit;\"><span style=\"vertical-align: inherit;\"><span style=\"vertical-align: inherit;\"><span style=\"vertical-align: inherit;\">Dostawa energii elektrycznej<\/span><\/span><\/span><\/span><\/h3>\n<p><span style=\"vertical-align: inherit;\"><span style=\"vertical-align: inherit;\"><span style=\"vertical-align: inherit;\"><span style=\"vertical-align: inherit;\">Obliczenie mocy pieca do sauny: d\u0142ugo\u015b\u0107 kabiny x szeroko\u015b\u0107 x wysoko\u015b\u0107 x 1,25.<\/span><\/span><\/span><\/span><\/p>\n<p><span style=\"vertical-align: inherit;\"><span style=\"vertical-align: inherit;\"><span style=\"vertical-align: inherit;\"><span style=\"vertical-align: inherit;\">W przypadku pieca do sauny o mocy do 3,6 kW wystarczaj\u0105ce jest pod\u0142\u0105czenie 230 V. Od 4,5 kW wymagane jest 400 V lub 2 x 230 V. W zale\u017cno\u015bci od wybranego pieca i o\u015bwietlenia nale\u017cy okre\u015bli\u0107, czy o\u015bwietlenie jest sterowane przez piec do sauny, czy te\u017c konieczne jest drugie \u017ar\u00f3d\u0142o zasilania o\u015bwietlenia. Zawsze musi istnie\u0107 prze\u0142\u0105cznik roboczy. Ch\u0119tnie doradzimy w tej kwestii.<\/span><\/span><\/span><\/span><\/p>\n<h3><span style=\"vertical-align: inherit;\"><span style=\"vertical-align: inherit;\"><span style=\"vertical-align: inherit;\"><span style=\"vertical-align: inherit;\">Higiena i konserwacja<\/span><\/span><\/span><\/span><\/h3>\n<p><span style=\"vertical-align: inherit;\"><span style=\"vertical-align: inherit;\"><span style=\"vertical-align: inherit;\"><span style=\"vertical-align: inherit;\">U\u017cycie r\u0119cznika zapobiega spadaniu kropel potu na \u0142awki. Aby chroni\u0107 sw\u00f3j piec: wymieniaj kamienie do sauny co kilka lat, je\u015bli u\u017cywasz ich regularnie, nie wk\u0142adaj ich do pieca i nie uk\u0142adaj ich wysoko na piecu.<\/span><\/span><\/span><\/span><\/p>\n<h3><span style=\"vertical-align: inherit;\"><span style=\"vertical-align: inherit;\"><span style=\"vertical-align: inherit;\"><span style=\"vertical-align: inherit;\">Gwarancja<\/span><\/span><\/span><\/span><\/h3>\n<p><span style=\"vertical-align: inherit;\"><span style=\"vertical-align: inherit;\"><span style=\"vertical-align: inherit;\"><span style=\"vertical-align: inherit;\">Do normalnego u\u017cytku prywatnego 2 lata na kabin\u0119 z wy\u0142\u0105czeniem szklanych drzwi\/okien i lamp. Piec do sauny i elektronika 2 lata, z wyj\u0105tkiem element\u00f3w grzejnych, poniewa\u017c ich \u017cywotno\u015b\u0107 jest silnie uzale\u017cniona od sposobu traktowania pieca.<\/span><\/span><\/span><\/span><\/p>","protected":false},"excerpt":{"rendered":"<p>Technical room Please note that the relay box and control of the sauna and infrared cabin must always remain accessible. Place these in a technical room or for example behind a service hatch on top of the cabin. Floor &amp; Drain A small opening is kept under the door of the sauna to allow air [&hellip;]<\/p>\n","protected":false},"author":1,"featured_media":0,"parent":0,"menu_order":0,"comment_status":"closed","ping_status":"closed","template":"","meta":{"_acf_changed":false,"footnotes":""},"hf_cat_page":[],"class_list":["post-5922","page","type-page","status-publish","format-standard","hentry"],"acf":[],"_links":{"self":[{"href":"https:\/\/cleopatra.nl\/pl\/wp-json\/wp\/v2\/pages\/5922","targetHints":{"allow":["GET"]}}],"collection":[{"href":"https:\/\/cleopatra.nl\/pl\/wp-json\/wp\/v2\/pages"}],"about":[{"href":"https:\/\/cleopatra.nl\/pl\/wp-json\/wp\/v2\/types\/page"}],"author":[{"embeddable":true,"href":"https:\/\/cleopatra.nl\/pl\/wp-json\/wp\/v2\/users\/1"}],"replies":[{"embeddable":true,"href":"https:\/\/cleopatra.nl\/pl\/wp-json\/wp\/v2\/comments?post=5922"}],"version-history":[{"count":0,"href":"https:\/\/cleopatra.nl\/pl\/wp-json\/wp\/v2\/pages\/5922\/revisions"}],"wp:attachment":[{"href":"https:\/\/cleopatra.nl\/pl\/wp-json\/wp\/v2\/media?parent=5922"}],"wp:term":[{"taxonomy":"hf_cat_page","embeddable":true,"href":"https:\/\/cleopatra.nl\/pl\/wp-json\/wp\/v2\/hf_cat_page?post=5922"}],"curies":[{"name":"wp","href":"https:\/\/api.w.org\/{rel}","templated":true}]}}