{"id":5928,"date":"2023-12-19T12:28:32","date_gmt":"2023-12-19T11:28:32","guid":{"rendered":"https:\/\/cleopatra.nl\/?page_id=5928"},"modified":"2024-01-09T10:11:13","modified_gmt":"2024-01-09T09:11:13","slug":"stoomtechniek-installatie-checklist","status":"publish","type":"page","link":"https:\/\/cleopatra.nl\/pl\/stoomtechniek-installatie-checklist\/","title":{"rendered":"Lista kontrolna instalacji technologii parowej"},"content":{"rendered":"<h3>Lista kontrolna rozmieszczenia kabin<\/h3>\n<ul>\n<li>-Przeczytaj instrukcj\u0119 instalacji kabiny, kt\u00f3r\u0105 mo\u017cna znale\u017a\u0107 w Internecie.<\/li>\n<li>Podane rozmiary s\u0105 minimalnymi rozmiarami kabiny netto i podlegaj\u0105 tolerancjom.<\/li>\n<li>Ze wzgl\u0119du na tolerancje, przed monta\u017cem kabiny nale\u017cy uwzgl\u0119dni\u0107 oko\u0142o 100 mm na ca\u0142ym obwodzie w wymiarach netto kabiny.<\/li>\n<li>Sprawd\u017a, czy jest wystarczaj\u0105co du\u017co miejsca na krany i przewody rurowe.<\/li>\n<li>W celu pod\u0142\u0105czenia wentylacji i o\u015bwietlenia nale\u017cy doda\u0107 co najmniej 100-150 mm do wymiaru wysoko\u015bci netto.<\/li>\n<li>Instalator powinien wcze\u015bniej ustali\u0107, czy wydajno\u015b\u0107 instalacji ciep\u0142ej wody jest wystarczaj\u0105ca. Dotyczy to ci\u015bnienia i ilo\u015bci wody, zw\u0142aszcza w przypadku prysznic\u00f3w bocznych.<\/li>\n<li>Zasilanie elektryczne powinno znajdowa\u0107 si\u0119 w odleg\u0142o\u015bci 1 metra od technologii parowej. - Zasilanie: w przypadku generatora pary o mocy od 6,0 kW wzwy\u017c wymagane jest przy\u0142\u0105cze 400 V. Dla 3 kW wystarczaj\u0105ce jest po\u0142\u0105czenie 230 V, 4,5 kW mo\u017cna pod\u0142\u0105czy\u0107 do po\u0142\u0105czenia 400 V lub 2 x 230 V. Nale\u017cy upewni\u0107 si\u0119, \u017ce zawsze dost\u0119pny jest wy\u0142\u0105cznik izolacyjny.<\/li>\n<li>Je\u015bli wybrano opcj\u0119 dozowania py\u0142u zapachowego: Element \u0142\u0105cz\u0105cy py\u0142u zapachowego montuje si\u0119 w cz\u0119\u015bci rury parowej, kt\u00f3ra biegnie w d\u00f3\u0142 zbocza do wlotu pary, w dost\u0119pnym miejscu. Gwarantuje to, \u017ce py\u0142 zapachowy nigdy nie dostanie si\u0119 do generatora pary.<\/li>\n<\/ul>\n<h3>In\u017cynieria parowa<\/h3>\n<p>Produkcja pary jest kontrolowana za pomoc\u0105 jednostki parowej umieszczonej na zewn\u0105trz kabiny. Oznacza to, \u017ce nale\u017cy udost\u0119pni\u0107 przestrze\u0144, w kt\u00f3rej umieszczona jest jednostka parowa i zwi\u0105zana z ni\u0105 technologia (d\u0142ugo\u015b\u0107 rury parowej mo\u017ce wynosi\u0107 do 3,5 m). Przestrze\u0144 ta powinna by\u0107 zawsze dost\u0119pna. Oczywi\u015bcie kompletna technologia jest wyposa\u017cona we wszystkie niezb\u0119dne urz\u0105dzenia zabezpieczaj\u0105ce; przed instalacj\u0105 nale\u017cy zawsze przeczyta\u0107 instrukcj\u0119, kt\u00f3r\u0105 mo\u017cna pobra\u0107 online.<\/p>\n<h3>Urz\u0105dzenia instalacyjne<\/h3>\n<ul>\n<li>Prysznic parowy mo\u017ce by\u0107 zainstalowany jako<\/li>\n<li>W pokoju znajduje si\u0119 przy\u0142\u0105cze ciep\u0142ej i zimnej wody.<\/li>\n<li>Odp\u0142yw wody pod prysznicem.<\/li>\n<li>Istnieje wentylacja naturalna\/mechaniczna.<\/li>\n<li>Upewnij si\u0119, \u017ce pod\u0142ogi i \u015bciany s\u0105 r\u00f3wne. - W przypadku kabiny strukturalnej zaizoluj \u015bciany.<\/li>\n<li>Po\u0142\u0105czenie elektryczne 230V lub 400V znajduje si\u0119 za prze\u0142\u0105cznikiem izolacyjnym.<\/li>\n<li>W pomieszczeniu instalacji technologii parowej znajduje si\u0119 odporny na wysok\u0105 temperatur\u0119 odp\u0142yw.<\/li>\n<\/ul>\n<h3>Gwarancja<\/h3>\n<p>Wszystkie kabiny wellness Cleopatra s\u0105 standardowo obj\u0119te 2-letni\u0105 gwarancj\u0105 producenta.<\/p>","protected":false},"excerpt":{"rendered":"<p>Checklist plaatsing cabines \u2022Lees de montage handleiding van de cabine deze vindt u online. Aangegeven maten zijn minimale netto cabinematen en onderhevig aan toleranties. Reken in verband met toleranties, voordat u de cabine gaat installeren, bij de netto cabinematen ongeveer 100 mm rondom. Controleer of er voldoende ruimte is voor kranen en leidingwerk. Reken voor [&hellip;]<\/p>\n","protected":false},"author":1,"featured_media":0,"parent":0,"menu_order":0,"comment_status":"closed","ping_status":"closed","template":"","meta":{"_acf_changed":false,"footnotes":""},"hf_cat_page":[],"class_list":["post-5928","page","type-page","status-publish","format-standard","hentry"],"acf":[],"_links":{"self":[{"href":"https:\/\/cleopatra.nl\/pl\/wp-json\/wp\/v2\/pages\/5928","targetHints":{"allow":["GET"]}}],"collection":[{"href":"https:\/\/cleopatra.nl\/pl\/wp-json\/wp\/v2\/pages"}],"about":[{"href":"https:\/\/cleopatra.nl\/pl\/wp-json\/wp\/v2\/types\/page"}],"author":[{"embeddable":true,"href":"https:\/\/cleopatra.nl\/pl\/wp-json\/wp\/v2\/users\/1"}],"replies":[{"embeddable":true,"href":"https:\/\/cleopatra.nl\/pl\/wp-json\/wp\/v2\/comments?post=5928"}],"version-history":[{"count":0,"href":"https:\/\/cleopatra.nl\/pl\/wp-json\/wp\/v2\/pages\/5928\/revisions"}],"wp:attachment":[{"href":"https:\/\/cleopatra.nl\/pl\/wp-json\/wp\/v2\/media?parent=5928"}],"wp:term":[{"taxonomy":"hf_cat_page","embeddable":true,"href":"https:\/\/cleopatra.nl\/pl\/wp-json\/wp\/v2\/hf_cat_page?post=5928"}],"curies":[{"name":"wp","href":"https:\/\/api.w.org\/{rel}","templated":true}]}}