{"id":7882,"date":"2024-11-06T11:06:55","date_gmt":"2024-11-06T10:06:55","guid":{"rendered":"https:\/\/cleopatra.nl\/?page_id=7882"},"modified":"2024-11-06T11:20:31","modified_gmt":"2024-11-06T10:20:31","slug":"salt-rooms","status":"publish","type":"page","link":"https:\/\/cleopatra.nl\/pl\/salt-rooms\/","title":{"rendered":"Pomieszczenia solne"},"content":{"rendered":"<p>Terapia solna jest znana od wiek\u00f3w i jest nadal aktualna; nie bez powodu Ta aktywno\u015b\u0107 mo\u017ce pom\u00f3c poprawi\u0107 zdrowie p\u0142uc, depresj\u0119 i l\u0119k.<\/p>\n<div style=\"width:100%; padding-top:56%; position:relative\">\n<iframe loading=\"lazy\" src=\"https:\/\/cleopatra1234.sirv.com\/Salt%20room\/Salt%20room.spin\" width=\"100%\" height=\"100%\" style=\"position: absolute; inset: 0;\" frameborder=\"0\" allowfullscreen><\/iframe>\n<\/div>\n<p>&nbsp;<\/p>\n<h3>Historia haloterapii<\/h3>\n<p>Pierwsze urz\u0105dzenie do haloterapii zosta\u0142o opracowane w 1980 roku przez Odeski Instytut Bada\u0144 Naukowych. Maszyna (halogenerator) zosta\u0142a zaprojektowana do mielenia i rozdrabniania soli oraz uwalniania cz\u0105stek do powietrza w celu na\u015bladowania podziemnego \u015brodowiska kopalni soli.<\/p>\n<h3>Czym jest haloterapia?<\/h3>\n<p>Haloterapia lub terapia solna to dzia\u0142anie polegaj\u0105ce na wdychaniu mikroskopijnych cz\u0105stek soli, kt\u00f3re rzekomo poprawiaj\u0105 problemy z p\u0142ucami, takie jak astma, zapalenie oskrzeli i kaszel. Istniej\u0105 dwa rodzaje kom\u00f3r do haloterapii: aktywne i pasywne.<\/p>\n<h3>Aktywne pomieszczenie solne<\/h3>\n<p>Komora ta wykorzystuje urz\u0105dzenie zwane halogeneratorem. Halogenerator to maszyna, kt\u00f3ra rozdrabnia s\u00f3l na mikroskopijne cz\u0105steczki i uwalnia je do powietrza w komorze. Cz\u0105steczki soli poch\u0142aniaj\u0105 substancje dra\u017cni\u0105ce, w tym alergeny i toksyny, z dr\u00f3g oddechowych, poprawiaj\u0105c og\u00f3lny stan zdrowia p\u0142uc.<\/p>\n<h3>Pasywna komora solna<\/h3>\n<p>W przeciwie\u0144stwie do aktywnych kom\u00f3r solnych, komora ta nie posiada generatora halogenowego. Zamiast tego, komory pasywne s\u0105 wype\u0142nione r\u00f3\u017cnymi rodzajami paneli solnych, takich jak panele Himalayan Salt Wall. Te pasywne komory solne s\u0105 cz\u0119sto zaprojektowane do kontrolowania \u015brodowiska poprzez regulacj\u0119 przep\u0142ywu powietrza, wilgotno\u015bci i temperatury, aby zapewni\u0107 \u015brodowisko wolne od alergen\u00f3w i zanieczyszcze\u0144.<\/p>\n<h2>KORZY\u015aCI ZDROWOTNE<\/h2>\n<h3>Odblokowuje drogi oddechowe<\/h3>\n<p>Kiedy wdychasz suche cz\u0105steczki soli g\u0142\u0119boko do p\u0142uc, Twoje drogi oddechowe wch\u0142aniaj\u0105 je. Proces ten oczyszcza szkodliwe cz\u0105steczki, kt\u00f3re powoduj\u0105 zw\u0119\u017cenie dr\u00f3g oddechowych i u\u0142atwia oddychanie. Dlatego lekarze zalecaj\u0105 haloterapi\u0119 jako \"dodatek\" dla os\u00f3b cierpi\u0105cych na astm\u0119.<\/p>\n<h3>Czy\u015bci bakterie<\/h3>\n<p>S\u00f3l jest niezwyk\u0142ym naturalnym \u015brodkiem przeciwbakteryjnym, przeciwdrobnoustrojowym i przeciwwirusowym. Dlatego te\u017c w przesz\u0142o\u015bci by\u0142a u\u017cywana jako \u015brodek konserwuj\u0105cy. Kiedy s\u00f3l dostaje si\u0119 do p\u0142uc, odwadnia bakterie; bez wody bakterie nie mog\u0105 prawid\u0142owo funkcjonowa\u0107 i ostatecznie umieraj\u0105.<\/p>\n<h3>Doskona\u0142y \u015brodek przeciwzapalny<\/h3>\n<p>Stan zapalny wyst\u0119puje, gdy bia\u0142e krwinki pr\u00f3buj\u0105 chroni\u0107 organizm przed bakteriami, infekcjami lub innymi obcymi organizmami. S\u00f3l jest doskona\u0142ym \u015brodkiem przeciwzapalnym, poniewa\u017c mo\u017ce oczyszcza\u0107 toksyny z jam nosowych i dr\u00f3g oddechowych, zmniejszaj\u0105c obrz\u0119k.<\/p>\n<h3>Poprawia stan sk\u00f3ry<\/h3>\n<p>S\u00f3l mo\u017ce pom\u00f3c ustabilizowa\u0107 poziom pH sk\u00f3ry oraz poprawi\u0107 jej regeneracj\u0119 i elastyczno\u015b\u0107. Co wi\u0119cej, haloterapia mo\u017ce pom\u00f3c zmniejszy\u0107 dolegliwo\u015bci sk\u00f3rne, takie jak zapalenie sk\u00f3ry, tr\u0105dzik i wysypki.<\/p>\n<h3>Zmniejsza niepok\u00f3j i depresj\u0119<\/h3>\n<p>Wdychanie mikroskopijnych cz\u0105steczek soli zalewa cia\u0142o jonami ujemnymi. Jony ujemne wywo\u0142uj\u0105 reakcj\u0119 biochemiczn\u0105, kt\u00f3ra zwi\u0119ksza poziom serotoniny w m\u00f3zgu. Serotonina, znana jako \"substancja chemiczna dobrego samopoczucia\", odpowiada za nasz nastr\u00f3j. Wy\u017cszy poziom serotoniny pomaga z\u0142agodzi\u0107 depresj\u0119 oraz stres i niepok\u00f3j.<\/p>\n<h3>Zastrze\u017cenie<\/h3>\n<p>Chocia\u017c haloterapia jest uwa\u017cana za bezpieczn\u0105 i skuteczn\u0105 metod\u0119 profilaktyki i przywracania zdrowia, nie jest ona leczeniem medycznym i nie zapewnia wyleczenia. Powiniene\u015b skonsultowa\u0107 si\u0119 z lekarzem, czy haloterapia jest odpowiednia dla Ciebie, je\u015bli masz gor\u0105czk\u0119, otwarte rany, raka, wysokie ci\u015bnienie krwi, zaburzenia psychiczne, aktywn\u0105 gru\u017alic\u0119 lub je\u015bli jeste\u015b w ci\u0105\u017cy.<\/p>\n<h2>INFORMACJE TECHNICZNE<\/h2>\n<ul>\n<li>Wymiary Kamienie soli himalajskiej 200x100x50 mm<\/li>\n<li>Komory solne s\u0105 wykonywane na zam\u00f3wienie wed\u0142ug specyfikacji klienta<\/li>\n<li>Opcjonalny rozpylacz 230V (komora aktywna lub pasywna)<\/li>\n<li>W pomieszczeniu zawsze powinna by\u0107 wentylacja i dop\u0142yw ciep\u0142ego powietrza.<\/li>\n<li>Kolorowe o\u015bwietlenie LED za \u015bcian\u0105 soln\u0105 (230 V)<\/li>\n<li>100% Naturalne kamienie soli himalajskiej<\/li>\n<\/ul>","protected":false},"excerpt":{"rendered":"<p>Zouttherapie bestaat al eeuwen en is vandaag de dag nog steeds relevant; met goede reden Deze activiteit kan de gezondheid van de longen, depressie en angst helpen verbeteren. &nbsp; Geschiedenis van halotherapie Het eerste halotherapie apparaat werd in 1980 ontwikkeld door het Odesa Science Research Institute. De machine (halogenerator) is ontworpen voor het malen en [&hellip;]<\/p>\n","protected":false},"author":1,"featured_media":7802,"parent":0,"menu_order":0,"comment_status":"closed","ping_status":"closed","template":"","meta":{"_acf_changed":false,"footnotes":""},"hf_cat_page":[],"class_list":["post-7882","page","type-page","status-publish","format-standard","has-post-thumbnail","hentry"],"acf":[],"_links":{"self":[{"href":"https:\/\/cleopatra.nl\/pl\/wp-json\/wp\/v2\/pages\/7882","targetHints":{"allow":["GET"]}}],"collection":[{"href":"https:\/\/cleopatra.nl\/pl\/wp-json\/wp\/v2\/pages"}],"about":[{"href":"https:\/\/cleopatra.nl\/pl\/wp-json\/wp\/v2\/types\/page"}],"author":[{"embeddable":true,"href":"https:\/\/cleopatra.nl\/pl\/wp-json\/wp\/v2\/users\/1"}],"replies":[{"embeddable":true,"href":"https:\/\/cleopatra.nl\/pl\/wp-json\/wp\/v2\/comments?post=7882"}],"version-history":[{"count":0,"href":"https:\/\/cleopatra.nl\/pl\/wp-json\/wp\/v2\/pages\/7882\/revisions"}],"wp:featuredmedia":[{"embeddable":true,"href":"https:\/\/cleopatra.nl\/pl\/wp-json\/wp\/v2\/media\/7802"}],"wp:attachment":[{"href":"https:\/\/cleopatra.nl\/pl\/wp-json\/wp\/v2\/media?parent=7882"}],"wp:term":[{"taxonomy":"hf_cat_page","embeddable":true,"href":"https:\/\/cleopatra.nl\/pl\/wp-json\/wp\/v2\/hf_cat_page?post=7882"}],"curies":[{"name":"wp","href":"https:\/\/api.w.org\/{rel}","templated":true}]}}