{"id":10124,"date":"2026-03-10T20:26:26","date_gmt":"2026-03-10T19:26:26","guid":{"rendered":"https:\/\/cleopatra.nl\/?post_type=product&#038;p=10124"},"modified":"2026-03-10T20:51:23","modified_gmt":"2026-03-10T19:51:23","slug":"cleos-secret-100ml","status":"publish","type":"product","link":"https:\/\/cleopatra.nl\/pl\/shop\/cleopatra-scents\/cleos-secret-100ml\/","title":{"rendered":"Cleo&#8217;s Secret &#8211; 100ml"},"content":{"rendered":"<p><strong>Specyfikacja<\/strong><\/p>\n<p>Cleopatra Secret prawdopodobnie uosabia aur\u0119 kr\u00f3lewskiej elegancji i tajemniczego powabu. Perfumy mog\u0105 zawiera\u0107 ciep\u0142e, zmys\u0142owe nuty, takie jak bogaty bursztyn i egzotyczne przyprawy, zmieszane z kwiatowymi akcentami, takimi jak ja\u015bmin lub r\u00f3\u017ca, aby przywo\u0142a\u0107 kobieco\u015b\u0107 i urok. Subtelne nuty oudh lub pi\u017cma mog\u0105 doda\u0107 g\u0142\u0119bi i uwodzenia, podczas gdy odrobina miodu lub wanilii mo\u017ce stworzy\u0107 mi\u0119kkie, zach\u0119caj\u0105ce wyko\u0144czenie. Podsumowuj\u0105c, by\u0142by to luksusowy, czaruj\u0105cy zapach, kt\u00f3ry emanuje zar\u00f3wno si\u0142\u0105, jak i kobieco\u015bci\u0105, przypominaj\u0105c ponadczasowy urok staro\u017cytnych kr\u00f3lowych.<\/p>\n<p>&nbsp;<\/p>\n<h4>Opakowanie<\/h4>\n<p>Luksusowe opakowanie z magnetycznym zamkni\u0119ciem. Pojemno\u015b\u0107 butelki wynosi 100 ml. Zar\u00f3wno butelka, jak i opakowanie nadaj\u0105 si\u0119 do recyklingu.<\/p>\n<h4><\/h4>\n<h4>Ostrze\u017cenie<\/h4>\n<p><strong>NL- Dyfuzor perfum z wk\u0142adem<\/strong>.<\/p>\n<p>OSTRZE\u017bENIE: Powoduje podra\u017cnienie sk\u00f3ry. Mo\u017ce powodowa\u0107 reakcj\u0119 alergiczn\u0105 sk\u00f3ry. Powoduje powa\u017cne podra\u017cnienie oczu. Dzia\u0142a toksycznie na organizmy wodne, powoduj\u0105c d\u0142ugotrwa\u0142e skutki. Podczas zasi\u0119gania porady lekarskiej nale\u017cy mie\u0107 pod r\u0119k\u0105 pojemnik lub etykiet\u0119. Przechowywa\u0107 w miejscu niedost\u0119pnym dla dzieci. Unika\u0107 wdychania opar\u00f3w. Unika\u0107 zrzut\u00f3w do \u015brodowiska. W PRZYPADKU KONTAKTU ZE SK\u00d3R\u0104: umy\u0107 du\u017c\u0105 ilo\u015bci\u0105 wody\/myd\u0142a. W PRZYPADKU KONTAKTU Z OCZAMI: ostro\u017cnie p\u0142uka\u0107 wod\u0105 przez kilka minut; usun\u0105\u0107 szk\u0142a kontaktowe, je\u015bli to mo\u017cliwe; kontynuowa\u0107 p\u0142ukanie. W przypadku podra\u017cnienia sk\u00f3ry lub wysypki: skonsultowa\u0107 si\u0119 z lekarzem. Zawarto\u015b\u0107\/opakowanie usuwa\u0107 do autoryzowanego zak\u0142adu utylizacji odpad\u00f3w. Unika\u0107 kontaktu zapachu z meblami, sk\u00f3r\u0105 lub impregnowanymi powierzchniami drewnianymi. W przypadku rozlania p\u0142ynu natychmiast go usun\u0105\u0107.<\/p>","protected":false},"excerpt":{"rendered":"<p>Specificatie Cleopatra Secret belichaamt waarschijnlijk een aura van koninklijke elegantie en mysterieuze allure. Het parfum bevat mogelijk warme, sensuele noten zoals rijke amber en exotische kruiden, vermengd met florale accenten zoals jasmijn of roos om vrouwelijkheid en charme op te roepen. Subtiele hints van oudh of muskus kunnen diepte en verleiding toevoegen, terwijl een vleugje [&hellip;]<\/p>\n","protected":false},"featured_media":10103,"template":"","format":"standard","meta":{"_acf_changed":false},"product_brand":[],"product_cat":[298,328],"product_tag":[],"class_list":{"0":"post-10124","1":"product","2":"type-product","3":"status-publish","4":"format-standard","5":"has-post-thumbnail","7":"product_cat-cleopatra-scents","8":"product_cat-scents-100ml","10":"first","11":"instock","12":"taxable","13":"shipping-taxable","14":"purchasable","15":"product-type-simple"},"acf":[],"_links":{"self":[{"href":"https:\/\/cleopatra.nl\/pl\/wp-json\/wp\/v2\/product\/10124","targetHints":{"allow":["GET"]}}],"collection":[{"href":"https:\/\/cleopatra.nl\/pl\/wp-json\/wp\/v2\/product"}],"about":[{"href":"https:\/\/cleopatra.nl\/pl\/wp-json\/wp\/v2\/types\/product"}],"wp:featuredmedia":[{"embeddable":true,"href":"https:\/\/cleopatra.nl\/pl\/wp-json\/wp\/v2\/media\/10103"}],"wp:attachment":[{"href":"https:\/\/cleopatra.nl\/pl\/wp-json\/wp\/v2\/media?parent=10124"}],"wp:term":[{"taxonomy":"product_brand","embeddable":true,"href":"https:\/\/cleopatra.nl\/pl\/wp-json\/wp\/v2\/product_brand?post=10124"},{"taxonomy":"product_cat","embeddable":true,"href":"https:\/\/cleopatra.nl\/pl\/wp-json\/wp\/v2\/product_cat?post=10124"},{"taxonomy":"product_tag","embeddable":true,"href":"https:\/\/cleopatra.nl\/pl\/wp-json\/wp\/v2\/product_tag?post=10124"}],"curies":[{"name":"wp","href":"https:\/\/api.w.org\/{rel}","templated":true}]}}