{"id":10125,"date":"2026-03-10T20:27:24","date_gmt":"2026-03-10T19:27:24","guid":{"rendered":"https:\/\/cleopatra.nl\/?post_type=product&#038;p=10125"},"modified":"2026-03-10T20:51:18","modified_gmt":"2026-03-10T19:51:18","slug":"eternity-100ml","status":"publish","type":"product","link":"https:\/\/cleopatra.nl\/pl\/shop\/cleopatra-scents\/eternity-100ml\/","title":{"rendered":"Eternity &#8211; 100ml"},"content":{"rendered":"<p><strong>Specyfikacja<\/strong><\/p>\n<p>Eternity to ponadczasowy i romantyczny zapach, kt\u00f3ry uosabia wieczn\u0105 mi\u0142o\u015b\u0107 i spok\u00f3j. Zazwyczaj zawiera harmonijn\u0105 mieszank\u0119 \u015bwie\u017cych i kwiatowych nut, takich jak delikatna r\u00f3\u017ca, konwalia i ja\u015bmin, w po\u0142\u0105czeniu z mi\u0119kkimi zielonymi niuansami i nut\u0105 korzenn\u0105 lub bursztynow\u0105. Elegancki, zr\u00f3wnowa\u017cony i d\u0142ugotrwa\u0142y zapach przywo\u0142uje uczucia nadziei, oddania i pi\u0119kna trwa\u0142ych wspomnie\u0144.<\/p>\n<p>&nbsp;<\/p>\n<h4>Opakowanie<\/h4>\n<p>Luksusowe opakowanie z magnetycznym zamkni\u0119ciem. Pojemno\u015b\u0107 butelki wynosi 100 ml. Zar\u00f3wno butelka, jak i opakowanie nadaj\u0105 si\u0119 do recyklingu.<\/p>\n<h4><\/h4>\n<h4>Ostrze\u017cenie<\/h4>\n<p><strong>NL- Dyfuzor perfum z wk\u0142adem<\/strong>.<\/p>\n<p>OSTRZE\u017bENIE: Powoduje podra\u017cnienie sk\u00f3ry. Mo\u017ce powodowa\u0107 reakcj\u0119 alergiczn\u0105 sk\u00f3ry. Powoduje powa\u017cne podra\u017cnienie oczu. Dzia\u0142a toksycznie na organizmy wodne, powoduj\u0105c d\u0142ugotrwa\u0142e skutki. Podczas zasi\u0119gania porady lekarskiej nale\u017cy mie\u0107 pod r\u0119k\u0105 pojemnik lub etykiet\u0119. Przechowywa\u0107 w miejscu niedost\u0119pnym dla dzieci. Unika\u0107 wdychania opar\u00f3w. Unika\u0107 zrzut\u00f3w do \u015brodowiska. W PRZYPADKU KONTAKTU ZE SK\u00d3R\u0104: umy\u0107 du\u017c\u0105 ilo\u015bci\u0105 wody\/myd\u0142a. W PRZYPADKU KONTAKTU Z OCZAMI: ostro\u017cnie p\u0142uka\u0107 wod\u0105 przez kilka minut; usun\u0105\u0107 szk\u0142a kontaktowe, je\u015bli to mo\u017cliwe; kontynuowa\u0107 p\u0142ukanie. W przypadku podra\u017cnienia sk\u00f3ry lub wysypki: skonsultowa\u0107 si\u0119 z lekarzem. Zawarto\u015b\u0107\/opakowanie usuwa\u0107 do autoryzowanego zak\u0142adu utylizacji odpad\u00f3w. Unika\u0107 kontaktu zapachu z meblami, sk\u00f3r\u0105 lub impregnowanymi powierzchniami drewnianymi. W przypadku rozlania p\u0142ynu natychmiast go usun\u0105\u0107.<\/p>","protected":false},"excerpt":{"rendered":"<p>Specificatie Eternity is een tijdloze en romantische geur die eeuwige liefde en sereniteit belichaamt. Het bevat doorgaans een harmonieuze mix van frisse en bloemige noten, zoals delicate roos, lelietje-van-dalen en jasmijn, gecombineerd met zachte groene nuances en een vleugje kruidige of amberkleurige ondertonen. De geur is elegant, evenwichtig en langdurig en roept gevoelens van hoop, [&hellip;]<\/p>\n","protected":false},"featured_media":10104,"template":"","format":"standard","meta":{"_acf_changed":false},"product_brand":[],"product_cat":[298,328],"product_tag":[],"class_list":{"0":"post-10125","1":"product","2":"type-product","3":"status-publish","4":"format-standard","5":"has-post-thumbnail","7":"product_cat-cleopatra-scents","8":"product_cat-scents-100ml","10":"first","11":"instock","12":"taxable","13":"shipping-taxable","14":"purchasable","15":"product-type-simple"},"acf":[],"_links":{"self":[{"href":"https:\/\/cleopatra.nl\/pl\/wp-json\/wp\/v2\/product\/10125","targetHints":{"allow":["GET"]}}],"collection":[{"href":"https:\/\/cleopatra.nl\/pl\/wp-json\/wp\/v2\/product"}],"about":[{"href":"https:\/\/cleopatra.nl\/pl\/wp-json\/wp\/v2\/types\/product"}],"wp:featuredmedia":[{"embeddable":true,"href":"https:\/\/cleopatra.nl\/pl\/wp-json\/wp\/v2\/media\/10104"}],"wp:attachment":[{"href":"https:\/\/cleopatra.nl\/pl\/wp-json\/wp\/v2\/media?parent=10125"}],"wp:term":[{"taxonomy":"product_brand","embeddable":true,"href":"https:\/\/cleopatra.nl\/pl\/wp-json\/wp\/v2\/product_brand?post=10125"},{"taxonomy":"product_cat","embeddable":true,"href":"https:\/\/cleopatra.nl\/pl\/wp-json\/wp\/v2\/product_cat?post=10125"},{"taxonomy":"product_tag","embeddable":true,"href":"https:\/\/cleopatra.nl\/pl\/wp-json\/wp\/v2\/product_tag?post=10125"}],"curies":[{"name":"wp","href":"https:\/\/api.w.org\/{rel}","templated":true}]}}