{"id":10139,"date":"2026-03-10T20:40:44","date_gmt":"2026-03-10T19:40:44","guid":{"rendered":"https:\/\/cleopatra.nl\/?post_type=product&#038;p=10139"},"modified":"2026-03-10T20:47:32","modified_gmt":"2026-03-10T19:47:32","slug":"wild-rose-100ml","status":"publish","type":"product","link":"https:\/\/cleopatra.nl\/pl\/shop\/cleopatra-scents\/wild-rose-100ml\/","title":{"rendered":"Wild Rose &#8211; 100ml"},"content":{"rendered":"<p><strong>Specyfikacja<\/strong><\/p>\n<p>Wild Rose to romantyczny i zmys\u0142owy zapach, kt\u00f3ry oddaje naturalne pi\u0119kno i nieokie\u0142znanego ducha kwitn\u0105cej r\u00f3\u017cy. Zawiera bujne, kwiatowe nuty \u015bwie\u017cych, kwitn\u0105cych p\u0142atk\u00f3w r\u00f3\u017cy, po\u0142\u0105czone z odrobin\u0105 mi\u0119kkiej zieleni i nut\u0105 s\u0142odkiego, miodowego odcienia. Zapach jest \u017cywy, odurzaj\u0105cy i przypomina dziki ogr\u00f3d w pe\u0142nym rozkwicie, od\u0119 do pasji, wolno\u015bci i ponadczasowej elegancji.<\/p>\n<p>&nbsp;<\/p>\n<h4>Opakowanie<\/h4>\n<p>Luksusowe opakowanie z magnetycznym zamkni\u0119ciem. Pojemno\u015b\u0107 butelki wynosi 100 ml. Zar\u00f3wno butelka, jak i opakowanie nadaj\u0105 si\u0119 do recyklingu.<\/p>\n<h4><\/h4>\n<h4>Ostrze\u017cenie<\/h4>\n<p><strong>NL- Dyfuzor perfum z wk\u0142adem<\/strong>.<\/p>\n<p>OSTRZE\u017bENIE: Powoduje podra\u017cnienie sk\u00f3ry. Mo\u017ce powodowa\u0107 reakcj\u0119 alergiczn\u0105 sk\u00f3ry. Powoduje powa\u017cne podra\u017cnienie oczu. Dzia\u0142a toksycznie na organizmy wodne, powoduj\u0105c d\u0142ugotrwa\u0142e skutki. Podczas zasi\u0119gania porady lekarskiej nale\u017cy mie\u0107 pod r\u0119k\u0105 pojemnik lub etykiet\u0119. Przechowywa\u0107 w miejscu niedost\u0119pnym dla dzieci. Unika\u0107 wdychania opar\u00f3w. Unika\u0107 zrzut\u00f3w do \u015brodowiska. W PRZYPADKU KONTAKTU ZE SK\u00d3R\u0104: umy\u0107 du\u017c\u0105 ilo\u015bci\u0105 wody\/myd\u0142a. W PRZYPADKU KONTAKTU Z OCZAMI: ostro\u017cnie p\u0142uka\u0107 wod\u0105 przez kilka minut; usun\u0105\u0107 szk\u0142a kontaktowe, je\u015bli to mo\u017cliwe; kontynuowa\u0107 p\u0142ukanie. W przypadku podra\u017cnienia sk\u00f3ry lub wysypki: skonsultowa\u0107 si\u0119 z lekarzem. Zawarto\u015b\u0107\/opakowanie usuwa\u0107 do autoryzowanego zak\u0142adu utylizacji odpad\u00f3w. Unika\u0107 kontaktu zapachu z meblami, sk\u00f3r\u0105 lub impregnowanymi powierzchniami drewnianymi. W przypadku rozlania p\u0142ynu natychmiast go usun\u0105\u0107.<\/p>","protected":false},"excerpt":{"rendered":"<p>Specificatie Wild Rose is een romantische en sensuele geur die de natuurlijke schoonheid en ongetemde geest van een bloeiende roos vastlegt. Het bevat weelderige, bloemige tonen van verse, bloeiende rozenblaadjes, gecombineerd met een vleugje zachtgroen en een vleugje zoete, honingachtige ondertonen. De geur is levendig, bedwelmend en doet denken aan een wilde tuin in volle [&hellip;]<\/p>\n","protected":false},"featured_media":10118,"template":"","format":"standard","meta":{"_acf_changed":false},"product_brand":[],"product_cat":[298,328],"product_tag":[],"class_list":{"0":"post-10139","1":"product","2":"type-product","3":"status-publish","4":"format-standard","5":"has-post-thumbnail","7":"product_cat-cleopatra-scents","8":"product_cat-scents-100ml","10":"first","11":"instock","12":"taxable","13":"shipping-taxable","14":"purchasable","15":"product-type-simple"},"acf":[],"_links":{"self":[{"href":"https:\/\/cleopatra.nl\/pl\/wp-json\/wp\/v2\/product\/10139","targetHints":{"allow":["GET"]}}],"collection":[{"href":"https:\/\/cleopatra.nl\/pl\/wp-json\/wp\/v2\/product"}],"about":[{"href":"https:\/\/cleopatra.nl\/pl\/wp-json\/wp\/v2\/types\/product"}],"wp:featuredmedia":[{"embeddable":true,"href":"https:\/\/cleopatra.nl\/pl\/wp-json\/wp\/v2\/media\/10118"}],"wp:attachment":[{"href":"https:\/\/cleopatra.nl\/pl\/wp-json\/wp\/v2\/media?parent=10139"}],"wp:term":[{"taxonomy":"product_brand","embeddable":true,"href":"https:\/\/cleopatra.nl\/pl\/wp-json\/wp\/v2\/product_brand?post=10139"},{"taxonomy":"product_cat","embeddable":true,"href":"https:\/\/cleopatra.nl\/pl\/wp-json\/wp\/v2\/product_cat?post=10139"},{"taxonomy":"product_tag","embeddable":true,"href":"https:\/\/cleopatra.nl\/pl\/wp-json\/wp\/v2\/product_tag?post=10139"}],"curies":[{"name":"wp","href":"https:\/\/api.w.org\/{rel}","templated":true}]}}