{"id":10140,"date":"2026-03-10T20:41:40","date_gmt":"2026-03-10T19:41:40","guid":{"rendered":"https:\/\/cleopatra.nl\/?post_type=product&#038;p=10140"},"modified":"2026-03-10T20:45:48","modified_gmt":"2026-03-10T19:45:48","slug":"zen-tea-100ml","status":"publish","type":"product","link":"https:\/\/cleopatra.nl\/pl\/shop\/cleopatra-scents\/zen-tea-100ml\/","title":{"rendered":"Zen Tea &#8211; 100ml"},"content":{"rendered":"<p><strong>Specyfikacja<\/strong><\/p>\n<p>Zen Tea to uspokajaj\u0105cy i harmonijny zapach, kt\u00f3ry uosabia spok\u00f3j i r\u00f3wnowag\u0119. Zapach zawiera delikatne nuty zielonej herbaty, zmieszane z subtelnymi nutami kwiat\u00f3w, takich jak ja\u015bmin lub lotos, uzupe\u0142nione subtelnymi akcentami zio\u0142owymi i cytrusowymi. Lekki, \u015bwie\u017cy i koj\u0105cy zapach przywo\u0142uje spokojn\u0105 chwil\u0119 uwa\u017cno\u015bci i wewn\u0119trznego spokoju - idealny do osi\u0105gni\u0119cia spokoju i jasno\u015bci w codziennym \u017cyciu.<\/p>\n<p>&nbsp;<\/p>\n<h4>Opakowanie<\/h4>\n<p>Luksusowe opakowanie z magnetycznym zamkni\u0119ciem. Pojemno\u015b\u0107 butelki wynosi 100 ml. Zar\u00f3wno butelka, jak i opakowanie nadaj\u0105 si\u0119 do recyklingu.<\/p>\n<h4><\/h4>\n<h4>Ostrze\u017cenie<\/h4>\n<p><strong>NL- Dyfuzor perfum z wk\u0142adem<\/strong>.<\/p>\n<p>OSTRZE\u017bENIE: Powoduje podra\u017cnienie sk\u00f3ry. Mo\u017ce powodowa\u0107 reakcj\u0119 alergiczn\u0105 sk\u00f3ry. Powoduje powa\u017cne podra\u017cnienie oczu. Dzia\u0142a toksycznie na organizmy wodne, powoduj\u0105c d\u0142ugotrwa\u0142e skutki. Podczas zasi\u0119gania porady lekarskiej nale\u017cy mie\u0107 pod r\u0119k\u0105 pojemnik lub etykiet\u0119. Przechowywa\u0107 w miejscu niedost\u0119pnym dla dzieci. Unika\u0107 wdychania opar\u00f3w. Unika\u0107 zrzut\u00f3w do \u015brodowiska. W PRZYPADKU KONTAKTU ZE SK\u00d3R\u0104: umy\u0107 du\u017c\u0105 ilo\u015bci\u0105 wody\/myd\u0142a. W PRZYPADKU KONTAKTU Z OCZAMI: ostro\u017cnie p\u0142uka\u0107 wod\u0105 przez kilka minut; usun\u0105\u0107 szk\u0142a kontaktowe, je\u015bli to mo\u017cliwe; kontynuowa\u0107 p\u0142ukanie. W przypadku podra\u017cnienia sk\u00f3ry lub wysypki: skonsultowa\u0107 si\u0119 z lekarzem. Zawarto\u015b\u0107\/opakowanie usuwa\u0107 do autoryzowanego zak\u0142adu utylizacji odpad\u00f3w. Unika\u0107 kontaktu zapachu z meblami, sk\u00f3r\u0105 lub impregnowanymi powierzchniami drewnianymi. W przypadku rozlania p\u0142ynu natychmiast go usun\u0105\u0107.<\/p>","protected":false},"excerpt":{"rendered":"<p>Specificatie Zen Tea is een kalmerende en harmonieuze geur die sereniteit en evenwicht belichaamt. De geur bevat zachte tonen van groene thee, vermengd met subtiele hints van bloemen zoals jasmijn of lotus, aangevuld met subtiele kruiden- en Citrus accenten. De geur is licht, fris en rustgevend en roept een vredig moment van mindfulness en innerlijke [&hellip;]<\/p>\n","protected":false},"featured_media":10119,"template":"","format":"standard","meta":{"_acf_changed":false},"product_brand":[],"product_cat":[298,328],"product_tag":[],"class_list":{"0":"post-10140","1":"product","2":"type-product","3":"status-publish","4":"format-standard","5":"has-post-thumbnail","7":"product_cat-cleopatra-scents","8":"product_cat-scents-100ml","10":"first","11":"instock","12":"taxable","13":"shipping-taxable","14":"purchasable","15":"product-type-simple"},"acf":[],"_links":{"self":[{"href":"https:\/\/cleopatra.nl\/pl\/wp-json\/wp\/v2\/product\/10140","targetHints":{"allow":["GET"]}}],"collection":[{"href":"https:\/\/cleopatra.nl\/pl\/wp-json\/wp\/v2\/product"}],"about":[{"href":"https:\/\/cleopatra.nl\/pl\/wp-json\/wp\/v2\/types\/product"}],"wp:featuredmedia":[{"embeddable":true,"href":"https:\/\/cleopatra.nl\/pl\/wp-json\/wp\/v2\/media\/10119"}],"wp:attachment":[{"href":"https:\/\/cleopatra.nl\/pl\/wp-json\/wp\/v2\/media?parent=10140"}],"wp:term":[{"taxonomy":"product_brand","embeddable":true,"href":"https:\/\/cleopatra.nl\/pl\/wp-json\/wp\/v2\/product_brand?post=10140"},{"taxonomy":"product_cat","embeddable":true,"href":"https:\/\/cleopatra.nl\/pl\/wp-json\/wp\/v2\/product_cat?post=10140"},{"taxonomy":"product_tag","embeddable":true,"href":"https:\/\/cleopatra.nl\/pl\/wp-json\/wp\/v2\/product_tag?post=10140"}],"curies":[{"name":"wp","href":"https:\/\/api.w.org\/{rel}","templated":true}]}}