{"id":10223,"date":"2026-03-28T15:24:58","date_gmt":"2026-03-28T14:24:58","guid":{"rendered":"https:\/\/cleopatra.nl\/?post_type=product&#038;p=10223"},"modified":"2026-04-26T21:18:54","modified_gmt":"2026-04-26T19:18:54","slug":"ijsmachines","status":"publish","type":"product","link":"https:\/\/cleopatra.nl\/pl\/shop\/ijsmachines\/","title":{"rendered":"Maszyny do lodu"},"content":{"rendered":"<p data-start=\"69\" data-end=\"423\">Nasze przemys\u0142owe maszyny do kruszenia lodu s\u0105 produkowane w Niemczech i s\u0105 znane ze swojej niezawodno\u015bci i wysokiej jako\u015bci od 1968 roku. Okre\u015blona wydajno\u015b\u0107 produkcyjna jest gwarantowana w realistycznych warunkach (temperatura otoczenia +20\u00b0C i temperatura wody +15\u00b0C), cz\u0119sto osi\u0105gaj\u0105c w praktyce nawet wy\u017csz\u0105 wydajno\u015b\u0107.<\/p>\n<p data-start=\"425\" data-end=\"783\">Aby uzyska\u0107 optymaln\u0105 wydajno\u015b\u0107, niezb\u0119dne jest odpowiednie \u015brodowisko instalacji. Maszyny s\u0105 standardowo ch\u0142odzone powietrzem i zaprojektowane do wydajnej pracy w podanych temperaturach. W wy\u017cszych temperaturach produkcja mo\u017ce si\u0119 zmniejszy\u0107, a \u017cywotno\u015b\u0107 mo\u017ce ulec pogorszeniu. W takim przypadku dost\u0119pne s\u0105 wersje ch\u0142odzone wod\u0105 lub dzielone, dostosowane do danej sytuacji.<\/p>\n<p data-start=\"785\" data-end=\"1013\">Dost\u0119pne s\u0105 r\u00f3\u017cne konstrukcje i konfiguracje, w tym elastyczne rozwi\u0105zania, w kt\u00f3rych komponenty mo\u017cna umieszcza\u0107 oddzielnie. Dost\u0119pna jest r\u00f3wnie\u017c pe\u0142na gama wytwornic lodu i system\u00f3w przechowywania.<\/p>\n<p data-start=\"1015\" data-end=\"1328\"><strong data-start=\"1015\" data-end=\"1036\">Wyb\u00f3r rodzaju lod\u00f3w<\/strong><br data-start=\"1036\" data-end=\"1039\" \/>W zale\u017cno\u015bci od zastosowania mo\u017cna wybra\u0107 l\u00f3d standardowy lub mikrol\u00f3d. Mikrol\u00f3d ma wi\u0119ksz\u0105 powierzchni\u0119 styku, dzia\u0142a szybciej i jest bardziej mi\u0119kki, dzi\u0119ki czemu jest szczeg\u00f3lnie odpowiedni do zastosowa\u0144 w odnowie biologicznej i saunach. Standardowy l\u00f3d topi si\u0119 wolniej i jest bardziej suchy.<\/p>\n<p data-start=\"1330\" data-end=\"1479\"><strong data-start=\"1330\" data-end=\"1356\">Zastosowanie i zu\u017cycie<\/strong><br data-start=\"1356\" data-end=\"1359\" \/>W przypadku peeling\u00f3w lodowych stosuje si\u0119 \u015brednio 0,5 kg lodu na r\u0119ce i nogi oraz oko\u0142o 1 kg na ca\u0142e cia\u0142o.<\/p>\n<p data-start=\"1481\" data-end=\"1732\"><strong data-start=\"1481\" data-end=\"1510\">Higiena i jako\u015b\u0107 wody<\/strong><br data-start=\"1510\" data-end=\"1513\" \/>Aby zapewni\u0107 optymalne dzia\u0142anie i higien\u0119, urz\u0105dzenia s\u0105 wyposa\u017cone w zaawansowany system filtracji wody. Zapobiega to zanieczyszczeniom, rozwojowi bakterii i osadzaniu si\u0119 kamienia oraz przyczynia si\u0119 do d\u0142u\u017cszej \u017cywotno\u015bci instalacji.<\/p>\n<p data-start=\"1734\" data-end=\"1943\"><strong data-start=\"1734\" data-end=\"1758\">Trwa\u0142y czynnik ch\u0142odniczy<\/strong><br data-start=\"1758\" data-end=\"1761\" \/>Urz\u0105dzenia s\u0105 standardowo wyposa\u017cone w przyjazny dla \u015brodowiska, naturalny czynnik ch\u0142odniczy o bardzo niskim wp\u0142ywie na \u015brodowisko.<\/p>","protected":false},"excerpt":{"rendered":"<p>Onze industri\u00eble breekijsmachines worden in Duitsland geproduceerd en staan al sinds 1968 bekend om hun betrouwbaarheid en hoge kwaliteit. De opgegeven productiecapaciteit wordt gegarandeerd onder realistische omstandigheden (+20\u00b0C omgevingstemperatuur en +15\u00b0C watertemperatuur), waarbij in de praktijk vaak zelfs hogere opbrengsten worden gerealiseerd. Voor optimale prestaties is een goede installatieomgeving essentieel. De machines zijn standaard luchtgekoeld [&hellip;]<\/p>\n","protected":false},"featured_media":10225,"template":"","format":"standard","meta":{"_acf_changed":false},"product_brand":[347],"product_cat":[71,331],"product_tag":[],"class_list":{"0":"post-10223","1":"product","2":"type-product","3":"status-publish","4":"format-standard","5":"has-post-thumbnail","7":"product_brand-cleopatra","8":"product_cat-shop","9":"product_cat-ijsmachine_wellness","11":"first","12":"onbackorder","13":"taxable","14":"shipping-taxable","15":"product-type-simple"},"acf":[],"_links":{"self":[{"href":"https:\/\/cleopatra.nl\/pl\/wp-json\/wp\/v2\/product\/10223","targetHints":{"allow":["GET"]}}],"collection":[{"href":"https:\/\/cleopatra.nl\/pl\/wp-json\/wp\/v2\/product"}],"about":[{"href":"https:\/\/cleopatra.nl\/pl\/wp-json\/wp\/v2\/types\/product"}],"wp:featuredmedia":[{"embeddable":true,"href":"https:\/\/cleopatra.nl\/pl\/wp-json\/wp\/v2\/media\/10225"}],"wp:attachment":[{"href":"https:\/\/cleopatra.nl\/pl\/wp-json\/wp\/v2\/media?parent=10223"}],"wp:term":[{"taxonomy":"product_brand","embeddable":true,"href":"https:\/\/cleopatra.nl\/pl\/wp-json\/wp\/v2\/product_brand?post=10223"},{"taxonomy":"product_cat","embeddable":true,"href":"https:\/\/cleopatra.nl\/pl\/wp-json\/wp\/v2\/product_cat?post=10223"},{"taxonomy":"product_tag","embeddable":true,"href":"https:\/\/cleopatra.nl\/pl\/wp-json\/wp\/v2\/product_tag?post=10223"}],"curies":[{"name":"wp","href":"https:\/\/api.w.org\/{rel}","templated":true}]}}