{"id":10229,"date":"2026-03-28T15:54:05","date_gmt":"2026-03-28T14:54:05","guid":{"rendered":"https:\/\/cleopatra.nl\/?post_type=product&#038;p=10229"},"modified":"2026-04-26T22:54:16","modified_gmt":"2026-04-26T20:54:16","slug":"verwarmde-lounger","status":"publish","type":"product","link":"https:\/\/cleopatra.nl\/pl\/shop\/verwarmde-lounger\/","title":{"rendered":"Verwarmde loungers | betegelbaar"},"content":{"rendered":"<p data-start=\"0\" data-end=\"374\">Ta podgrzewana le\u017canka zosta\u0142a zaprojektowana z my\u015bl\u0105 o optymalnym komforcie i relaksie. Sofa posiada zintegrowan\u0105 mat\u0119 grzewcz\u0105, kt\u00f3ra zapewnia r\u00f3wnomierne, przyjemne rozprowadzanie ciep\u0142a. Za pomoc\u0105 termostatu i timera mo\u017cna \u0142atwo ustawi\u0107 \u017c\u0105dan\u0105 temperatur\u0119 i czas u\u017cytkowania. Dzi\u0119ki mocy 2300 W le\u017cak mo\u017cna pod\u0142\u0105czy\u0107 bezpo\u015brednio do czystej grupy 230 V.<\/p>\n<p data-start=\"376\" data-end=\"592\">Ciep\u0142o sofy ma g\u0142\u0119boko relaksuj\u0105cy efekt: mi\u0119\u015bnie rozlu\u017aniaj\u0105 si\u0119, kr\u0105\u017cenie jest stymulowane, a cia\u0142o mo\u017ce w pe\u0142ni si\u0119 zregenerowa\u0107. To sprawia, \u017ce le\u017canka jest idealna do u\u017cytku w \u015brodowiskach wellness i spa.<\/p>\n<p data-start=\"594\" data-end=\"730\">Elektronika i po\u0142\u0105czenia s\u0105 \u0142atwo dost\u0119pne przez klap\u0119 serwisow\u0105, a po\u0142o\u017cenie przycisku mo\u017cna dowolnie ustawi\u0107.<\/p>\n<p data-start=\"732\" data-end=\"904\" data-is-last-node=\"\" data-is-only-node=\"\"><strong data-start=\"732\" data-end=\"743\">Uwaga:<\/strong> Przedstawiona ilustracja przedstawia wersj\u0119 z p\u0142ytkami. Dostarczamy ten model gotowy do wy\u0142o\u017cenia p\u0142ytkami, tj. bez p\u0142ytek, dzi\u0119ki czemu mo\u017cna go wyko\u0144czy\u0107 w ca\u0142o\u015bci we w\u0142asnym stylu.<\/p>\n<h3 data-start=\"732\" data-end=\"904\">Korzystanie z le\u017cak\u00f3w<\/h3>\n<p>Podgrzewane le\u017canki wy\u0142o\u017cone kafelkami s\u0105 jednym z najpopularniejszych miejsc relaksu dla wielu os\u00f3b odwiedzaj\u0105cych saun\u0119. Po intensywnej sesji w saunie lub orze\u017awiaj\u0105cym zimnym prysznicu oferuj\u0105 one w\u0142a\u015bciw\u0105 r\u00f3wnowag\u0119 mi\u0119dzy komfortem a regeneracj\u0105.<\/p>\n<p>Po wyj\u015bciu z sauny cia\u0142o jest rozgrzane, a pory otwarte. T\u0119tno jest wy\u017csze, a kr\u0105\u017cenie aktywne. P\u00f3\u017aniejsze zaj\u0119cie miejsca na podgrzewanej kamiennej le\u017cance daje cia\u0142u szans\u0119 na stopniowe och\u0142odzenie. Delikatne, r\u00f3wnomierne ciep\u0142o p\u0142ytek wspomaga ten proces w naturalny spos\u00f3b, bez uczucia nag\u0142ego lub niekomfortowego.<\/p>\n<p>Po zimnym prysznicu dzia\u0142a to odwrotnie, ale r\u00f3wnie przyjemnie. Cia\u0142o zosta\u0142o pobudzone przez zimno i reaguje zwi\u0119kszonym przep\u0142ywem krwi. Ciep\u0142o le\u017caka pomaga rozlu\u017ani\u0107 mi\u0119\u015bnie i przywraca r\u00f3wnowag\u0119 cia\u0142a. Kontrast mi\u0119dzy zimnem i ciep\u0142em tworzy r\u00f3wnie\u017c przyjemne uczucie, kt\u00f3re wiele os\u00f3b uwa\u017ca za orze\u017awiaj\u0105ce.<\/p>\n<p>Ponadto komfort odgrywa wa\u017cn\u0105 rol\u0119. G\u0142adkie, cz\u0119sto ergonomicznie ukszta\u0142towane le\u017canki w pe\u0142ni wspieraj\u0105 cia\u0142o. Mo\u017cesz rozlu\u017ani\u0107 mi\u0119\u015bnie, spowolni\u0107 oddech i naprawd\u0119 nie musisz nic robi\u0107 przez jaki\u015b czas. Ta chwila odpoczynku pomaga nie tylko w regeneracji fizycznej, ale tak\u017ce psychicznej. Kr\u00f3tko m\u00f3wi\u0105c, podgrzewane le\u017canki kaflowe s\u0105 istotn\u0105 cz\u0119\u015bci\u0105 sauny. Przed\u0142u\u017caj\u0105 dobre samopoczucie, wspomagaj\u0105 regeneracj\u0119 organizmu i sprawiaj\u0105, \u017ce ca\u0142y rytua\u0142 jest pe\u0142niejszy i przyjemniejszy.<\/p>","protected":false},"excerpt":{"rendered":"<p>Deze verwarmde lounger is ontworpen voor optimaal comfort en ontspanning. De bank is voorzien van een ge\u00efntegreerde verwarmingsmat die zorgt voor een gelijkmatige, aangename warmteverdeling. Via de thermostaat en timer stelt u eenvoudig de gewenste temperatuur en gebruiksduur in. Met een vermogen van 2300W kan de lounger direct worden aangesloten op een schone 230V groep. [&hellip;]<\/p>\n","protected":false},"featured_media":10231,"template":"","format":"standard","meta":{"_acf_changed":false},"product_brand":[347],"product_cat":[71,333],"product_tag":[],"class_list":{"0":"post-10229","1":"product","2":"type-product","3":"status-publish","4":"format-standard","5":"has-post-thumbnail","7":"product_brand-cleopatra","8":"product_cat-shop","9":"product_cat-heated_loungers","11":"first","12":"instock","13":"taxable","14":"shipping-taxable","15":"purchasable","16":"product-type-simple"},"acf":[],"_links":{"self":[{"href":"https:\/\/cleopatra.nl\/pl\/wp-json\/wp\/v2\/product\/10229","targetHints":{"allow":["GET"]}}],"collection":[{"href":"https:\/\/cleopatra.nl\/pl\/wp-json\/wp\/v2\/product"}],"about":[{"href":"https:\/\/cleopatra.nl\/pl\/wp-json\/wp\/v2\/types\/product"}],"wp:featuredmedia":[{"embeddable":true,"href":"https:\/\/cleopatra.nl\/pl\/wp-json\/wp\/v2\/media\/10231"}],"wp:attachment":[{"href":"https:\/\/cleopatra.nl\/pl\/wp-json\/wp\/v2\/media?parent=10229"}],"wp:term":[{"taxonomy":"product_brand","embeddable":true,"href":"https:\/\/cleopatra.nl\/pl\/wp-json\/wp\/v2\/product_brand?post=10229"},{"taxonomy":"product_cat","embeddable":true,"href":"https:\/\/cleopatra.nl\/pl\/wp-json\/wp\/v2\/product_cat?post=10229"},{"taxonomy":"product_tag","embeddable":true,"href":"https:\/\/cleopatra.nl\/pl\/wp-json\/wp\/v2\/product_tag?post=10229"}],"curies":[{"name":"wp","href":"https:\/\/api.w.org\/{rel}","templated":true}]}}