{"id":10684,"date":"2026-04-26T21:54:51","date_gmt":"2026-04-26T19:54:51","guid":{"rendered":"https:\/\/cleopatra.nl\/?post_type=product&#038;p=10684"},"modified":"2026-04-26T21:59:40","modified_gmt":"2026-04-26T19:59:40","slug":"stoombadmelk-eucamint-1-liter","status":"publish","type":"product","link":"https:\/\/cleopatra.nl\/pl\/shop\/bad-sauna-stoombad-geuren\/stoombadmelk-eucamint-1-liter\/","title":{"rendered":"Stoombadmelk Eucamint | 1 Liter"},"content":{"rendered":"<h4>CLEOPATRA STOOMBAD MELK<\/h4>\n<p>Kleopatra\u00a0<strong>perfumy do \u0142a\u017ani parowej<\/strong> to innowacyjny zapach, kt\u00f3ry jest bardzo ekonomiczny w u\u017cyciu. Perfumy do \u0142a\u017ani parowej s\u0105 wykonane z czystego olejku eterycznego 100% i bezwonnych adiuwant\u00f3w. Nadaje si\u0119 do u\u017cytku prywatnego i profesjonalnego. Dodatek do nazwy \"mleko\" wskazuje, \u017ce produkt jest bia\u0142y.<\/p>\n<p>Dost\u0119pne s\u0105 nast\u0119puj\u0105ce zapachy:<\/p>\n<ul>\n<li>Mleczko eukaliptusowe<\/li>\n<li>Mleko Eucamint<\/li>\n<\/ul>\n<p>Perfumy do \u0142a\u017ani parowej s\u0105 dost\u0119pne w eleganckich butelkach o pojemno\u015bci 1 l.<\/p>\n<p>Dawkowanie: Rozcie\u0144czy\u0107 wod\u0105 (1 cz\u0119\u015b\u0107 zapachu na 4 cz\u0119\u015bci wody).<\/p>","protected":false},"excerpt":{"rendered":"<p>Kleopatra\u00a0<strong>perfumy do \u0142a\u017ani parowej<\/strong> to innowacyjny zapach, kt\u00f3ry jest bardzo ekonomiczny w u\u017cyciu. Perfumy do \u0142a\u017ani parowej s\u0105 wykonane z czystego olejku eterycznego 100% i bezwonnych adiuwant\u00f3w. Nadaje si\u0119 do u\u017cytku prywatnego i profesjonalnego. Dodatek do nazwy \"mleko\" wskazuje, \u017ce produkt jest bia\u0142y.<\/p>","protected":false},"featured_media":3181,"template":"","format":"standard","meta":{"_acf_changed":false},"product_brand":[347],"product_cat":[77,71],"product_tag":[],"class_list":{"0":"post-10684","1":"product","2":"type-product","3":"status-publish","4":"format-standard","5":"has-post-thumbnail","7":"product_brand-cleopatra","8":"product_cat-bad-sauna-stoombad-geuren","9":"product_cat-shop","11":"first","12":"instock","13":"taxable","14":"shipping-taxable","15":"purchasable","16":"product-type-simple"},"acf":[],"_links":{"self":[{"href":"https:\/\/cleopatra.nl\/pl\/wp-json\/wp\/v2\/product\/10684","targetHints":{"allow":["GET"]}}],"collection":[{"href":"https:\/\/cleopatra.nl\/pl\/wp-json\/wp\/v2\/product"}],"about":[{"href":"https:\/\/cleopatra.nl\/pl\/wp-json\/wp\/v2\/types\/product"}],"wp:featuredmedia":[{"embeddable":true,"href":"https:\/\/cleopatra.nl\/pl\/wp-json\/wp\/v2\/media\/3181"}],"wp:attachment":[{"href":"https:\/\/cleopatra.nl\/pl\/wp-json\/wp\/v2\/media?parent=10684"}],"wp:term":[{"taxonomy":"product_brand","embeddable":true,"href":"https:\/\/cleopatra.nl\/pl\/wp-json\/wp\/v2\/product_brand?post=10684"},{"taxonomy":"product_cat","embeddable":true,"href":"https:\/\/cleopatra.nl\/pl\/wp-json\/wp\/v2\/product_cat?post=10684"},{"taxonomy":"product_tag","embeddable":true,"href":"https:\/\/cleopatra.nl\/pl\/wp-json\/wp\/v2\/product_tag?post=10684"}],"curies":[{"name":"wp","href":"https:\/\/api.w.org\/{rel}","templated":true}]}}