{"id":10694,"date":"2026-04-27T08:35:31","date_gmt":"2026-04-27T06:35:31","guid":{"rendered":"https:\/\/cleopatra.nl\/?post_type=product&#038;p=10694"},"modified":"2026-04-27T10:16:13","modified_gmt":"2026-04-27T08:16:13","slug":"handdouche-axor-starck-2-jet-chroom","status":"publish","type":"product","link":"https:\/\/cleopatra.nl\/pl\/spare-parts\/handdouche-axor-starck-2-jet-chroom\/","title":{"rendered":"Handdouche | Axor Starck | 2 jet | chroom"},"content":{"rendered":"<p>Hansgrohe Axor handdouche Stark, 2 jet in de kleur chroom<\/p>\n<h2>Artikelkenmerken<\/h2>\n<ul class=\"is-multicolumn\">\n<li>\n<div class=\"usp mb-6\" data-testid=\"product-usps\" data-v-284307b5=\"\">\n<ul>\n<li>diameter douchekop 68 x 24 mm<\/li>\n<li>Rain, MonoRain<\/li>\n<li>wisselen straalsoort door draaien straalplaat<\/li>\n<li>maximale doorstroomhoeveelheid bij 3 bar: 14,5 l\/min<\/li>\n<li>functie van: 6,4 l\/min<\/li>\n<li>afspoelbare filterring<\/li>\n<li>Kiwa K6053_Showers EN1112<\/li>\n<\/ul>\n<\/div>\n<div class=\"mt-6 pb-8\" data-v-284307b5=\"\">\n<div data-v-284307b5=\"\"><\/div>\n<div class=\"ws-heading-3 primary-black-fg pt-2 pb-4\" data-v-284307b5=\"\">Productinformatie<\/div>\n<div class=\"ws-body-text-s primary-black-fg pb-[36px] product-desc\" data-v-284307b5=\"\">\n<div data-v-284307b5=\"\">\n<p>AXOR Starck X handdouche met normale en softstraal<\/p>\n<p>De AXOR Starck X serie heeft een minimalistische vormgeving die zich kenmerkt door de geometrische ronde en vierkante vormen. Dit bijzondere design geeft door de symmetrie in het ontwerp een extra dimensie aan uw badkamer.<\/p>\n<\/div>\n<\/div>\n<\/div>\n<\/li>\n<\/ul>\n","protected":false},"excerpt":{"rendered":"<p>Chcesz wiedzie\u0107, jak wymieni\u0107 ten produkt? <a href=\"https:\/\/cleopatra.nl\/wp-content\/uploads\/26530000.pdf\" target=\"_blank\" rel=\"noopener\">Nast\u0119pnie kliknij instrukcj\u0119 serwisow\u0105<\/a><\/p>","protected":false},"featured_media":10696,"template":"","format":"standard","meta":{"_acf_changed":false},"product_brand":[347],"product_cat":[60,72,102,112,109,103],"product_tag":[],"class_list":{"0":"post-10694","1":"product","2":"type-product","3":"status-publish","4":"format-standard","5":"has-post-thumbnail","7":"product_brand-cleopatra","8":"product_cat-spare-parts","9":"product_cat-ligbad-accessoires","10":"product_cat-baden-onderdelen","11":"product_cat-kraan-onderdelen","12":"product_cat-overige","13":"product_cat-stoomcabine-onderdelen","14":"product_shipping_class-gratis-verzending","16":"first","17":"instock","18":"taxable","19":"shipping-taxable","20":"purchasable","21":"product-type-simple"},"acf":[],"_links":{"self":[{"href":"https:\/\/cleopatra.nl\/pl\/wp-json\/wp\/v2\/product\/10694","targetHints":{"allow":["GET"]}}],"collection":[{"href":"https:\/\/cleopatra.nl\/pl\/wp-json\/wp\/v2\/product"}],"about":[{"href":"https:\/\/cleopatra.nl\/pl\/wp-json\/wp\/v2\/types\/product"}],"wp:featuredmedia":[{"embeddable":true,"href":"https:\/\/cleopatra.nl\/pl\/wp-json\/wp\/v2\/media\/10696"}],"wp:attachment":[{"href":"https:\/\/cleopatra.nl\/pl\/wp-json\/wp\/v2\/media?parent=10694"}],"wp:term":[{"taxonomy":"product_brand","embeddable":true,"href":"https:\/\/cleopatra.nl\/pl\/wp-json\/wp\/v2\/product_brand?post=10694"},{"taxonomy":"product_cat","embeddable":true,"href":"https:\/\/cleopatra.nl\/pl\/wp-json\/wp\/v2\/product_cat?post=10694"},{"taxonomy":"product_tag","embeddable":true,"href":"https:\/\/cleopatra.nl\/pl\/wp-json\/wp\/v2\/product_tag?post=10694"}],"curies":[{"name":"wp","href":"https:\/\/api.w.org\/{rel}","templated":true}]}}