{"id":10698,"date":"2026-04-27T09:01:06","date_gmt":"2026-04-27T07:01:06","guid":{"rendered":"https:\/\/cleopatra.nl\/?post_type=product&#038;p=10698"},"modified":"2026-04-27T10:15:22","modified_gmt":"2026-04-27T08:15:22","slug":"badrandcombinatie-thermostaatkraan-organic","status":"publish","type":"product","link":"https:\/\/cleopatra.nl\/pl\/shop\/ligbaden-whirlpools\/ligbad-accessoires\/badrandcombinatie-thermostaatkraan-organic\/","title":{"rendered":"Badrandcombinatie Thermostaatkraan Organic"},"content":{"rendered":"<p><strong>Badrandcombinatie Thermostaatkraan Organic<\/strong><\/p>\n<p>Krany (armatura) w wannach Cleopatra s\u0105 marki Axor, nale\u017c\u0105cej do Hansgrohe, czo\u0142owego producenta kran\u00f3w.<br \/>\nDost\u0119pny w najpopularniejszych wyko\u0144czeniach Axor, ten wst\u0119pnie zmontowany termostat do wanny z g\u0142\u00f3wk\u0105 prysznicow\u0105 jest dostarczany w komplecie:<\/p>\n<ul>\n<li>Thermostaat<\/li>\n<li>Verzonken handdouche in beschermhuls (secuflex)<\/li>\n<li>Stop en omstelkraan<\/li>\n<li>Overloop, leegloop en inloopcombinatie<\/li>\n<\/ul>\n<p>De overloop combinatie is een veiligheid waarmee bij een te hoge waterstand het water via een gat verdwijnt naar de afvoer. De leegloop dient om het bad leeg te laten lopen en bij de inloop wordt het water het bad ingelaten. Een elegante en fijne manier om het bad te vullen.<\/p>\n<p>&nbsp;<\/p>\n<p><em>Aby uzyska\u0107 wi\u0119ksz\u0105 przejrzysto\u015b\u0107, mo\u017cesz <a href=\"https:\/\/cleopatra.nl\/wp-content\/uploads\/CLEOPATRA_BADEN_WHIRLPOOLS_2026.pdf\"><strong>tutaj<\/strong> <\/a>de brochure vinden van baden &amp; whirlpools (bezoek bladzijde 73 voor kranen<strong>)<\/strong><\/em><\/p>\n<p>&nbsp;<\/p>\n<p>Aby uzyska\u0107 wi\u0119cej informacji na temat r\u00f3\u017cnych pow\u0142ok kolorystycznych, skontaktuj si\u0119 z nami.<\/p>","protected":false},"excerpt":{"rendered":"<p>Badrandcombinatie Thermostaatkraan Organic De kranen (armaturen) op Cleopatra baden zijn van Axor, h\u00e9t merk van Hansgrohe, de topfabrikant van kranen. Deze voorgemonteerde badrandthermostaat met handdouche is verkrijgbaar in de meest voorkomende Axor uitvoeringen en wordt compleet geleverd met: Thermostaat Verzonken handdouche in beschermhuls (secuflex) Stop en omstelkraan Overloop, leegloop en inloopcombinatie De overloop combinatie is [&hellip;]<\/p>\n","protected":false},"featured_media":10700,"template":"","format":"standard","meta":{"_acf_changed":false},"product_brand":[347],"product_cat":[72,71],"product_tag":[],"class_list":{"0":"post-10698","1":"product","2":"type-product","3":"status-publish","4":"format-standard","5":"has-post-thumbnail","7":"product_brand-cleopatra","8":"product_cat-ligbad-accessoires","9":"product_cat-shop","11":"first","12":"instock","13":"taxable","14":"shipping-taxable","15":"purchasable","16":"product-type-simple"},"acf":[],"_links":{"self":[{"href":"https:\/\/cleopatra.nl\/pl\/wp-json\/wp\/v2\/product\/10698","targetHints":{"allow":["GET"]}}],"collection":[{"href":"https:\/\/cleopatra.nl\/pl\/wp-json\/wp\/v2\/product"}],"about":[{"href":"https:\/\/cleopatra.nl\/pl\/wp-json\/wp\/v2\/types\/product"}],"wp:featuredmedia":[{"embeddable":true,"href":"https:\/\/cleopatra.nl\/pl\/wp-json\/wp\/v2\/media\/10700"}],"wp:attachment":[{"href":"https:\/\/cleopatra.nl\/pl\/wp-json\/wp\/v2\/media?parent=10698"}],"wp:term":[{"taxonomy":"product_brand","embeddable":true,"href":"https:\/\/cleopatra.nl\/pl\/wp-json\/wp\/v2\/product_brand?post=10698"},{"taxonomy":"product_cat","embeddable":true,"href":"https:\/\/cleopatra.nl\/pl\/wp-json\/wp\/v2\/product_cat?post=10698"},{"taxonomy":"product_tag","embeddable":true,"href":"https:\/\/cleopatra.nl\/pl\/wp-json\/wp\/v2\/product_tag?post=10698"}],"curies":[{"name":"wp","href":"https:\/\/api.w.org\/{rel}","templated":true}]}}