{"id":10704,"date":"2026-04-27T09:13:22","date_gmt":"2026-04-27T07:13:22","guid":{"rendered":"https:\/\/cleopatra.nl\/?post_type=product&#038;p=10704"},"modified":"2026-04-27T09:51:24","modified_gmt":"2026-04-27T07:51:24","slug":"special-finishes-bad-whirlpool","status":"publish","type":"product","link":"https:\/\/cleopatra.nl\/pl\/shop\/ligbaden-whirlpools\/ligbad-accessoires\/special-finishes-bad-whirlpool\/","title":{"rendered":"Special finishes bad &#038; whirlpool"},"content":{"rendered":"<h3>SPECJALNE WYKO\u0143CZENIA<\/h3>\n<p>Czasami produkty i serie wymagaj\u0105 niewielkiej zmiany, aby \u0142azienka by\u0142a jeszcze bardziej dopasowana do Twojego gustu. Dzi\u0119ki specjalnym wyko\u0144czeniom Cleopatra indywidualizujemy nasze produkty z dba\u0142o\u015bci\u0105 o szczeg\u00f3\u0142y, zgodnie z osobistymi \u017cyczeniami klienta. Mog\u0105 to by\u0107 powierzchnie akrylowe, ale tak\u017ce specjalnie barwione elementy do zabudowy wanny lub wanny z hydromasa\u017cem. Specjalne wyko\u0144czenia s\u0105 mo\u017cliwe dla ka\u017cdej wanny i wanny z hydromasa\u017cem (z wyj\u0105tkiem wanien wolnostoj\u0105cych). Wysokiej jako\u015bci kolory wyko\u0144czenia s\u0105 produkowane w oparciu o technologi\u0119 PVD: nowoczesny i przyjazny dla \u015brodowiska proces produkcji specjalnych powierzchni.<\/p>\n<p>W por\u00f3wnaniu do galwanizowanych powierzchni chromowanych, pow\u0142oka ta jest bardziej odporna na zarysowania i detergenty oraz mniej podatna na korozj\u0119. Spersonalizuj swoj\u0105 wann\u0119 za pomoc\u0105 r\u00f3\u017cnych kolor\u00f3w w naszym specjalnym wyko\u0144czeniu\u00a0<a href=\"https:\/\/cleopatra.nl\/pl\/configurator\/special-finishes-visualisator\/\">konfigurator<\/a>\u00a0.<\/p>\n<p>&nbsp;<\/p>\n<p><strong>SPECJALNY KONFIGURATOR WYKO\u0143CZENIA<\/strong><\/p>\n<p>Je\u015bli chcesz zobaczy\u0107 wszystkie kolory na w\u0142asne oczy, mo\u017cesz to zrobi\u0107 w naszym dziale\u00a0<a href=\"https:\/\/cleopatra.nl\/pl\/configurator\/special-finishes-visualisator\/\">specjalny konfigurator wyko\u0144czenia<\/a><\/p>\n<p>&nbsp;<\/p>\n<h4>KOLORY<\/h4>\n<ul>\n<li>Polerowany chrom 020<\/li>\n<li>RVS Optics 800<\/li>\n<li>Polerowana z\u0142ota optyka 990<\/li>\n<li>Optyka 250 w kolorze szczotkowanego z\u0142ota<\/li>\n<li>Polerowane czerwone z\u0142oto 300<\/li>\n<li>Szczotkowane czerwone z\u0142oto 310<\/li>\n<li>Br\u0105z szczotkowany 140<\/li>\n<li>Polerowany czarny chrom 330<\/li>\n<li>Szczotkowany czarny chrom 340<\/li>\n<\/ul>\n<p><em>Aby uzyska\u0107 wi\u0119ksz\u0105 przejrzysto\u015b\u0107, mo\u017cesz <a href=\"https:\/\/cleopatra.nl\/wp-content\/uploads\/CLEOPATRA_BADEN_WHIRLPOOLS_2026.pdf\"><strong>tutaj<\/strong> <\/a>de brochure vinden van baden &amp; whirlpools.<\/em><\/p>\n<p>&nbsp;<\/p>\n<p>Aby uzyska\u0107 wi\u0119cej informacji na temat r\u00f3\u017cnych pow\u0142ok kolorystycznych, skontaktuj si\u0119 z nami.<\/p>","protected":false},"excerpt":{"rendered":"<p>SPECIALE AFWERKINGEN Soms hebben producten en series een kleine verandering nodig om de badkamer nog meer naar uw smaak te maken. Met Cleopatra special finishes individualiseren wij onze producten met oog voor detail volgens de persoonlijke wensen van de klant. Dit kunnen acryl oppervlakken zijn, maar ook speciaal gekleurde inbouwdelen voor het bad of de [&hellip;]<\/p>\n","protected":false},"featured_media":2446,"template":"","format":"standard","meta":{"_acf_changed":false},"product_brand":[347],"product_cat":[72,71],"product_tag":[],"class_list":{"0":"post-10704","1":"product","2":"type-product","3":"status-publish","4":"format-standard","5":"has-post-thumbnail","7":"product_brand-cleopatra","8":"product_cat-ligbad-accessoires","9":"product_cat-shop","11":"first","12":"instock","13":"taxable","14":"shipping-taxable","15":"purchasable","16":"product-type-simple"},"acf":[],"_links":{"self":[{"href":"https:\/\/cleopatra.nl\/pl\/wp-json\/wp\/v2\/product\/10704","targetHints":{"allow":["GET"]}}],"collection":[{"href":"https:\/\/cleopatra.nl\/pl\/wp-json\/wp\/v2\/product"}],"about":[{"href":"https:\/\/cleopatra.nl\/pl\/wp-json\/wp\/v2\/types\/product"}],"wp:featuredmedia":[{"embeddable":true,"href":"https:\/\/cleopatra.nl\/pl\/wp-json\/wp\/v2\/media\/2446"}],"wp:attachment":[{"href":"https:\/\/cleopatra.nl\/pl\/wp-json\/wp\/v2\/media?parent=10704"}],"wp:term":[{"taxonomy":"product_brand","embeddable":true,"href":"https:\/\/cleopatra.nl\/pl\/wp-json\/wp\/v2\/product_brand?post=10704"},{"taxonomy":"product_cat","embeddable":true,"href":"https:\/\/cleopatra.nl\/pl\/wp-json\/wp\/v2\/product_cat?post=10704"},{"taxonomy":"product_tag","embeddable":true,"href":"https:\/\/cleopatra.nl\/pl\/wp-json\/wp\/v2\/product_tag?post=10704"}],"curies":[{"name":"wp","href":"https:\/\/api.w.org\/{rel}","templated":true}]}}