{"id":2784,"date":"2022-04-21T10:47:41","date_gmt":"2022-04-21T08:47:41","guid":{"rendered":"https:\/\/cleopatra.medialoods.com\/?post_type=product&#038;p=2784"},"modified":"2026-04-26T08:55:55","modified_gmt":"2026-04-26T06:55:55","slug":"verbindingskabel-laadstation-2","status":"publish","type":"product","link":"https:\/\/cleopatra.nl\/pl\/spare-parts\/verbindingskabel-laadstation\/","title":{"rendered":"Kabel po\u0142\u0105czeniowy | stacja \u0142adowania pole master"},"content":{"rendered":"<p>Kabel po\u0142\u0105czeniowy stacji \u0142aduj\u0105cej<\/p>","protected":false},"excerpt":{"rendered":"<p>Kabel po\u0142\u0105czeniowy stacji \u0142aduj\u0105cej<\/p>","protected":false},"featured_media":2785,"template":"","format":"standard","meta":{"_acf_changed":false},"product_brand":[347],"product_cat":[60,102,107],"product_tag":[],"class_list":{"0":"post-2784","1":"product","2":"type-product","3":"status-publish","4":"format-standard","5":"has-post-thumbnail","7":"product_brand-cleopatra","8":"product_cat-spare-parts","9":"product_cat-baden-onderdelen","10":"product_cat-elektronica","11":"product_shipping_class-gratis-verzending","13":"first","14":"instock","15":"taxable","16":"shipping-taxable","17":"purchasable","18":"product-type-simple"},"acf":[],"_links":{"self":[{"href":"https:\/\/cleopatra.nl\/pl\/wp-json\/wp\/v2\/product\/2784","targetHints":{"allow":["GET"]}}],"collection":[{"href":"https:\/\/cleopatra.nl\/pl\/wp-json\/wp\/v2\/product"}],"about":[{"href":"https:\/\/cleopatra.nl\/pl\/wp-json\/wp\/v2\/types\/product"}],"wp:featuredmedia":[{"embeddable":true,"href":"https:\/\/cleopatra.nl\/pl\/wp-json\/wp\/v2\/media\/2785"}],"wp:attachment":[{"href":"https:\/\/cleopatra.nl\/pl\/wp-json\/wp\/v2\/media?parent=2784"}],"wp:term":[{"taxonomy":"product_brand","embeddable":true,"href":"https:\/\/cleopatra.nl\/pl\/wp-json\/wp\/v2\/product_brand?post=2784"},{"taxonomy":"product_cat","embeddable":true,"href":"https:\/\/cleopatra.nl\/pl\/wp-json\/wp\/v2\/product_cat?post=2784"},{"taxonomy":"product_tag","embeddable":true,"href":"https:\/\/cleopatra.nl\/pl\/wp-json\/wp\/v2\/product_tag?post=2784"}],"curies":[{"name":"wp","href":"https:\/\/api.w.org\/{rel}","templated":true}]}}