{"id":2800,"date":"2022-04-21T11:06:23","date_gmt":"2022-04-21T09:06:23","guid":{"rendered":"https:\/\/cleopatra.medialoods.com\/?post_type=product&#038;p=2800"},"modified":"2026-04-26T08:55:54","modified_gmt":"2026-04-26T06:55:54","slug":"d-profiel-3","status":"publish","type":"product","link":"https:\/\/cleopatra.nl\/pl\/spare-parts\/d-profiel\/","title":{"rendered":"Profil D"},"content":{"rendered":"<p>Typ profilu: Profil winylowy D<br \/>\nNadaje si\u0119 do szk\u0142a 8 mm<br \/>\nD\u0142ugo\u015b\u0107: 2,5 metra<\/p>","protected":false},"excerpt":{"rendered":"<p>Typ profilu: Profil winylowy D Odpowiedni do szk\u0142a o grubo\u015bci 8 mm D\u0142ugo\u015b\u0107: 2,5 metra<\/p>","protected":false},"featured_media":2801,"template":"","format":"standard","meta":{"_acf_changed":false},"product_brand":[347],"product_cat":[60,111,103],"product_tag":[],"class_list":{"0":"post-2800","1":"product","2":"type-product","3":"status-publish","4":"format-standard","5":"has-post-thumbnail","7":"product_brand-cleopatra","8":"product_cat-spare-parts","9":"product_cat-deuronderdelen","10":"product_cat-stoomcabine-onderdelen","11":"product_shipping_class-gratis-verzending","13":"first","14":"instock","15":"taxable","16":"shipping-taxable","17":"purchasable","18":"product-type-simple"},"acf":[],"_links":{"self":[{"href":"https:\/\/cleopatra.nl\/pl\/wp-json\/wp\/v2\/product\/2800","targetHints":{"allow":["GET"]}}],"collection":[{"href":"https:\/\/cleopatra.nl\/pl\/wp-json\/wp\/v2\/product"}],"about":[{"href":"https:\/\/cleopatra.nl\/pl\/wp-json\/wp\/v2\/types\/product"}],"wp:featuredmedia":[{"embeddable":true,"href":"https:\/\/cleopatra.nl\/pl\/wp-json\/wp\/v2\/media\/2801"}],"wp:attachment":[{"href":"https:\/\/cleopatra.nl\/pl\/wp-json\/wp\/v2\/media?parent=2800"}],"wp:term":[{"taxonomy":"product_brand","embeddable":true,"href":"https:\/\/cleopatra.nl\/pl\/wp-json\/wp\/v2\/product_brand?post=2800"},{"taxonomy":"product_cat","embeddable":true,"href":"https:\/\/cleopatra.nl\/pl\/wp-json\/wp\/v2\/product_cat?post=2800"},{"taxonomy":"product_tag","embeddable":true,"href":"https:\/\/cleopatra.nl\/pl\/wp-json\/wp\/v2\/product_tag?post=2800"}],"curies":[{"name":"wp","href":"https:\/\/api.w.org\/{rel}","templated":true}]}}