{"id":2802,"date":"2022-04-21T11:09:30","date_gmt":"2022-04-21T09:09:30","guid":{"rendered":"https:\/\/cleopatra.medialoods.com\/?post_type=product&#038;p=2802"},"modified":"2025-09-14T16:42:40","modified_gmt":"2025-09-14T14:42:40","slug":"d-profiel-kort-2","status":"publish","type":"product","link":"https:\/\/cleopatra.nl\/pl\/spare-parts\/d-profiel-kort\/","title":{"rendered":"Profil D | kr\u00f3tki"},"content":{"rendered":"<p>Typ profilu: Profil winylowy D-kr\u00f3tki<br \/>\nNadaje si\u0119 do szk\u0142a 8 mm<br \/>\nD\u0142ugo\u015b\u0107: 2,5 metra<\/p>","protected":false},"excerpt":{"rendered":"<p>Typ profilu: Profil winylowy D kr\u00f3tki Odpowiedni do szk\u0142a 8 mm D\u0142ugo\u015b\u0107: 2,5 metra<\/p>","protected":false},"featured_media":2803,"template":"","format":"standard","meta":{"_acf_changed":false},"product_brand":[],"product_cat":[60,111,103],"product_tag":[],"class_list":{"0":"post-2802","1":"product","2":"type-product","3":"status-publish","4":"format-standard","5":"has-post-thumbnail","7":"product_cat-spare-parts","8":"product_cat-deuronderdelen","9":"product_cat-stoomcabine-onderdelen","11":"first","12":"instock","13":"taxable","14":"shipping-taxable","15":"purchasable","16":"product-type-simple"},"acf":[],"_links":{"self":[{"href":"https:\/\/cleopatra.nl\/pl\/wp-json\/wp\/v2\/product\/2802","targetHints":{"allow":["GET"]}}],"collection":[{"href":"https:\/\/cleopatra.nl\/pl\/wp-json\/wp\/v2\/product"}],"about":[{"href":"https:\/\/cleopatra.nl\/pl\/wp-json\/wp\/v2\/types\/product"}],"wp:featuredmedia":[{"embeddable":true,"href":"https:\/\/cleopatra.nl\/pl\/wp-json\/wp\/v2\/media\/2803"}],"wp:attachment":[{"href":"https:\/\/cleopatra.nl\/pl\/wp-json\/wp\/v2\/media?parent=2802"}],"wp:term":[{"taxonomy":"product_brand","embeddable":true,"href":"https:\/\/cleopatra.nl\/pl\/wp-json\/wp\/v2\/product_brand?post=2802"},{"taxonomy":"product_cat","embeddable":true,"href":"https:\/\/cleopatra.nl\/pl\/wp-json\/wp\/v2\/product_cat?post=2802"},{"taxonomy":"product_tag","embeddable":true,"href":"https:\/\/cleopatra.nl\/pl\/wp-json\/wp\/v2\/product_tag?post=2802"}],"curies":[{"name":"wp","href":"https:\/\/api.w.org\/{rel}","templated":true}]}}