{"id":2813,"date":"2022-04-21T11:16:22","date_gmt":"2022-04-21T09:16:22","guid":{"rendered":"https:\/\/cleopatra.medialoods.com\/?post_type=product&#038;p=2813"},"modified":"2025-09-18T12:12:16","modified_gmt":"2025-09-18T10:12:16","slug":"hg-greep-allegroh-quattro-chroom-2","status":"publish","type":"product","link":"https:\/\/cleopatra.nl\/pl\/spare-parts\/hg-greep-allegroh-quattro-chroom\/","title":{"rendered":"Uchwyt | Allegroh Quattro | chrom"},"content":{"rendered":"<p>Uchwyt Hans Grohe Allegroh<br \/>\nKolor: chrom<\/p>\n<p>Nadaje si\u0119 do kranu z prze\u0142\u0105cznikiem i\/lub g\u0142\u00f3wki prysznicowej z kranem w\u0142\u0105czanym\/wy\u0142\u0105czanym<\/p>\n<p>Kabina Deltaline<br \/>\nKabina Alphaline<\/p>","protected":false},"excerpt":{"rendered":"<p>Chcesz wiedzie\u0107, jak wymieni\u0107 ten produkt? <a href=\"https:\/\/cleopatra.nl\/wp-content\/uploads\/36993000.pdf\">Nast\u0119pnie kliknij instrukcj\u0119 serwisow\u0105<\/a><br \/>\nObraz w podr\u0119czniku r\u00f3\u017cni si\u0119 od rzeczywisto\u015bci.<\/p>","protected":false},"featured_media":2814,"template":"","format":"standard","meta":{"_acf_changed":false},"product_brand":[],"product_cat":[60,112,103],"product_tag":[],"class_list":{"0":"post-2813","1":"product","2":"type-product","3":"status-publish","4":"format-standard","5":"has-post-thumbnail","7":"product_cat-spare-parts","8":"product_cat-kraan-onderdelen","9":"product_cat-stoomcabine-onderdelen","11":"first","12":"instock","13":"taxable","14":"shipping-taxable","15":"purchasable","16":"product-type-simple"},"acf":[],"_links":{"self":[{"href":"https:\/\/cleopatra.nl\/pl\/wp-json\/wp\/v2\/product\/2813","targetHints":{"allow":["GET"]}}],"collection":[{"href":"https:\/\/cleopatra.nl\/pl\/wp-json\/wp\/v2\/product"}],"about":[{"href":"https:\/\/cleopatra.nl\/pl\/wp-json\/wp\/v2\/types\/product"}],"wp:featuredmedia":[{"embeddable":true,"href":"https:\/\/cleopatra.nl\/pl\/wp-json\/wp\/v2\/media\/2814"}],"wp:attachment":[{"href":"https:\/\/cleopatra.nl\/pl\/wp-json\/wp\/v2\/media?parent=2813"}],"wp:term":[{"taxonomy":"product_brand","embeddable":true,"href":"https:\/\/cleopatra.nl\/pl\/wp-json\/wp\/v2\/product_brand?post=2813"},{"taxonomy":"product_cat","embeddable":true,"href":"https:\/\/cleopatra.nl\/pl\/wp-json\/wp\/v2\/product_cat?post=2813"},{"taxonomy":"product_tag","embeddable":true,"href":"https:\/\/cleopatra.nl\/pl\/wp-json\/wp\/v2\/product_tag?post=2813"}],"curies":[{"name":"wp","href":"https:\/\/api.w.org\/{rel}","templated":true}]}}