{"id":2817,"date":"2022-04-21T11:19:05","date_gmt":"2022-04-21T09:19:05","guid":{"rendered":"https:\/\/cleopatra.medialoods.com\/?post_type=product&#038;p=2817"},"modified":"2026-05-03T10:09:49","modified_gmt":"2026-05-03T08:09:49","slug":"hg-raindance-select-s120-2","status":"publish","type":"product","link":"https:\/\/cleopatra.nl\/pl\/spare-parts\/hg-raindance-select-s120\/","title":{"rendered":"G\u0142\u00f3wka prysznicowa | Raindance Select S | 120 3jet"},"content":{"rendered":"<p>Hansgrohe g\u0142\u00f3wka prysznicowa Raindance Select S 120<\/p>\n<h2>Cechy artyku\u0142u<\/h2>\n<ul class=\"is-multicolumn\">\n<li>\u015brednica g\u0142owicy prysznicowej 125 mm<\/li>\n<li>Deszcz, RainAir pe\u0142ny delikatny strumie\u0144 deszczu, Whirl intensywny strumie\u0144 masuj\u0105cy<\/li>\n<li>wygodny wyb\u00f3r strumienia za pomoc\u0105 przycisku Select<\/li>\n<li>maksymalne nat\u0119\u017cenie przep\u0142ywu przy 3 barach: 15 l\/min<\/li>\n<li>funkcja od: 8,8 l\/min<\/li>\n<li>z wewn\u0119trzn\u0105 wy\u015bci\u00f3\u0142k\u0105 wodn\u0105<\/li>\n<li>zmywalny pier\u015bcie\u0144 filtra<\/li>\n<li>Kiwa K6053_Showers EN1112<\/li>\n<\/ul>","protected":false},"excerpt":{"rendered":"<ul>\n<li>Chcesz wiedzie\u0107, jak wymieni\u0107 ten produkt? <a href=\"https:\/\/cleopatra.nl\/wp-content\/uploads\/26530000.pdf\" target=\"_blank\" rel=\"noopener\">Nast\u0119pnie kliknij instrukcj\u0119 serwisow\u0105<\/a><\/li>\n<li>Chcesz porady dotycz\u0105cej czyszczenia? <a href=\"https:\/\/cleopatra.nl\/wp-content\/uploads\/Service-handleiding-reinigingsadvies.pdf\" target=\"_blank\" rel=\"noopener\">Kliknij tutaj, aby uzyska\u0107 porady dotycz\u0105ce czyszczenia.<\/a><\/li>\n<\/ul>","protected":false},"featured_media":8867,"template":"","format":"standard","meta":{"_acf_changed":false},"product_brand":[347],"product_cat":[60,72,102,112,109,103],"product_tag":[],"class_list":{"0":"post-2817","1":"product","2":"type-product","3":"status-publish","4":"format-standard","5":"has-post-thumbnail","7":"product_brand-cleopatra","8":"product_cat-spare-parts","9":"product_cat-ligbad-accessoires","10":"product_cat-baden-onderdelen","11":"product_cat-kraan-onderdelen","12":"product_cat-overige","13":"product_cat-stoomcabine-onderdelen","15":"first","16":"instock","17":"taxable","18":"shipping-taxable","19":"purchasable","20":"product-type-simple"},"acf":[],"_links":{"self":[{"href":"https:\/\/cleopatra.nl\/pl\/wp-json\/wp\/v2\/product\/2817","targetHints":{"allow":["GET"]}}],"collection":[{"href":"https:\/\/cleopatra.nl\/pl\/wp-json\/wp\/v2\/product"}],"about":[{"href":"https:\/\/cleopatra.nl\/pl\/wp-json\/wp\/v2\/types\/product"}],"wp:featuredmedia":[{"embeddable":true,"href":"https:\/\/cleopatra.nl\/pl\/wp-json\/wp\/v2\/media\/8867"}],"wp:attachment":[{"href":"https:\/\/cleopatra.nl\/pl\/wp-json\/wp\/v2\/media?parent=2817"}],"wp:term":[{"taxonomy":"product_brand","embeddable":true,"href":"https:\/\/cleopatra.nl\/pl\/wp-json\/wp\/v2\/product_brand?post=2817"},{"taxonomy":"product_cat","embeddable":true,"href":"https:\/\/cleopatra.nl\/pl\/wp-json\/wp\/v2\/product_cat?post=2817"},{"taxonomy":"product_tag","embeddable":true,"href":"https:\/\/cleopatra.nl\/pl\/wp-json\/wp\/v2\/product_tag?post=2817"}],"curies":[{"name":"wp","href":"https:\/\/api.w.org\/{rel}","templated":true}]}}