{"id":2834,"date":"2022-04-21T11:34:40","date_gmt":"2022-04-21T09:34:40","guid":{"rendered":"https:\/\/cleopatra.medialoods.com\/?post_type=product&#038;p=2834"},"modified":"2026-04-26T08:55:53","modified_gmt":"2026-04-26T06:55:53","slug":"hans-grohe-wandhouder-2","status":"publish","type":"product","link":"https:\/\/cleopatra.nl\/pl\/spare-parts\/hans-grohe-wandhouder\/","title":{"rendered":"Wspornik \u015bcienny | Hansgrohe"},"content":{"rendered":"<p>Uniwersalny uchwyt \u015bcienny chrom<\/p>","protected":false},"excerpt":{"rendered":"<p>Chcesz wiedzie\u0107, jak wymieni\u0107 ten produkt? <a href=\"https:\/\/cleopatra.nl\/wp-content\/uploads\/28321000.pdf\">Nast\u0119pnie kliknij instrukcj\u0119 serwisow\u0105<\/a><\/p>","protected":false},"featured_media":2835,"template":"","format":"standard","meta":{"_acf_changed":false},"product_brand":[347],"product_cat":[60,113,103],"product_tag":[],"class_list":{"0":"post-2834","1":"product","2":"type-product","3":"status-publish","4":"format-standard","5":"has-post-thumbnail","7":"product_brand-cleopatra","8":"product_cat-spare-parts","9":"product_cat-overige-stoomcabine-onderdelen","10":"product_cat-stoomcabine-onderdelen","11":"product_shipping_class-gratis-verzending","13":"first","14":"instock","15":"taxable","16":"shipping-taxable","17":"purchasable","18":"product-type-simple"},"acf":[],"_links":{"self":[{"href":"https:\/\/cleopatra.nl\/pl\/wp-json\/wp\/v2\/product\/2834","targetHints":{"allow":["GET"]}}],"collection":[{"href":"https:\/\/cleopatra.nl\/pl\/wp-json\/wp\/v2\/product"}],"about":[{"href":"https:\/\/cleopatra.nl\/pl\/wp-json\/wp\/v2\/types\/product"}],"wp:featuredmedia":[{"embeddable":true,"href":"https:\/\/cleopatra.nl\/pl\/wp-json\/wp\/v2\/media\/2835"}],"wp:attachment":[{"href":"https:\/\/cleopatra.nl\/pl\/wp-json\/wp\/v2\/media?parent=2834"}],"wp:term":[{"taxonomy":"product_brand","embeddable":true,"href":"https:\/\/cleopatra.nl\/pl\/wp-json\/wp\/v2\/product_brand?post=2834"},{"taxonomy":"product_cat","embeddable":true,"href":"https:\/\/cleopatra.nl\/pl\/wp-json\/wp\/v2\/product_cat?post=2834"},{"taxonomy":"product_tag","embeddable":true,"href":"https:\/\/cleopatra.nl\/pl\/wp-json\/wp\/v2\/product_tag?post=2834"}],"curies":[{"name":"wp","href":"https:\/\/api.w.org\/{rel}","templated":true}]}}