{"id":2836,"date":"2022-04-21T11:36:05","date_gmt":"2022-04-21T09:36:05","guid":{"rendered":"https:\/\/cleopatra.medialoods.com\/?post_type=product&#038;p=2836"},"modified":"2026-04-26T08:55:53","modified_gmt":"2026-04-26T06:55:53","slug":"hg-allegroh-novo-thermostaatgreep-2","status":"publish","type":"product","link":"https:\/\/cleopatra.nl\/pl\/spare-parts\/hg-allegroh-novo-thermostaatgreep\/","title":{"rendered":"Uchwyt termostatyczny Allegroh Novo |"},"content":{"rendered":"<p>Uchwyt termostatu Allegroh<\/p>\n<p>Kolor: chrom<\/p>\n<p>Wi\u0119cej informacji na temat ich usuwania mo\u017cna znale\u017a\u0107 w podr\u0119czniku<\/p>","protected":false},"excerpt":{"rendered":"<p>Wi\u0119cej informacji na temat ich usuwania mo\u017cna znale\u017a\u0107 w instrukcji obs\u0142ugi:<\/p>\n<p><a href=\"https:\/\/cleopatra.nl\/wp-content\/uploads\/16__hrgi0054_pdf-92241000.pdf\">Instrukcja obs\u0142ugi pokr\u0119t\u0142a termostatu Allegroh Nova<\/a><\/p>","protected":false},"featured_media":2837,"template":"","format":"standard","meta":{"_acf_changed":false},"product_brand":[347],"product_cat":[60,112,103],"product_tag":[],"class_list":{"0":"post-2836","1":"product","2":"type-product","3":"status-publish","4":"format-standard","5":"has-post-thumbnail","7":"product_brand-cleopatra","8":"product_cat-spare-parts","9":"product_cat-kraan-onderdelen","10":"product_cat-stoomcabine-onderdelen","11":"product_shipping_class-gratis-verzending","13":"first","14":"instock","15":"taxable","16":"shipping-taxable","17":"purchasable","18":"product-type-simple"},"acf":[],"_links":{"self":[{"href":"https:\/\/cleopatra.nl\/pl\/wp-json\/wp\/v2\/product\/2836","targetHints":{"allow":["GET"]}}],"collection":[{"href":"https:\/\/cleopatra.nl\/pl\/wp-json\/wp\/v2\/product"}],"about":[{"href":"https:\/\/cleopatra.nl\/pl\/wp-json\/wp\/v2\/types\/product"}],"wp:featuredmedia":[{"embeddable":true,"href":"https:\/\/cleopatra.nl\/pl\/wp-json\/wp\/v2\/media\/2837"}],"wp:attachment":[{"href":"https:\/\/cleopatra.nl\/pl\/wp-json\/wp\/v2\/media?parent=2836"}],"wp:term":[{"taxonomy":"product_brand","embeddable":true,"href":"https:\/\/cleopatra.nl\/pl\/wp-json\/wp\/v2\/product_brand?post=2836"},{"taxonomy":"product_cat","embeddable":true,"href":"https:\/\/cleopatra.nl\/pl\/wp-json\/wp\/v2\/product_cat?post=2836"},{"taxonomy":"product_tag","embeddable":true,"href":"https:\/\/cleopatra.nl\/pl\/wp-json\/wp\/v2\/product_tag?post=2836"}],"curies":[{"name":"wp","href":"https:\/\/api.w.org\/{rel}","templated":true}]}}