{"id":2838,"date":"2022-04-21T11:37:05","date_gmt":"2022-04-21T09:37:05","guid":{"rendered":"https:\/\/cleopatra.medialoods.com\/?post_type=product&#038;p=2838"},"modified":"2026-04-26T08:55:52","modified_gmt":"2026-04-26T06:55:52","slug":"ph-serviceset-lampring-mfdu-chroom-2","status":"publish","type":"product","link":"https:\/\/cleopatra.nl\/pl\/spare-parts\/ph-serviceset-lampring-mfdu-chroom\/","title":{"rendered":"Zestaw serwisowy | Wielofunkcyjny modu\u0142 dachowy Lampring | chrom"},"content":{"rendered":"<p>Pier\u015bcie\u0144 lampy MFDU chrom<\/p>\n<p>Bez szk\u0142a lampy<\/p>","protected":false},"excerpt":{"rendered":"<p>Chcesz wiedzie\u0107, jak wymieni\u0107 ten produkt? <a href=\"https:\/\/cleopatra.nl\/wp-content\/uploads\/21885000e.pdf\" target=\"_blank\" rel=\"noopener\">Nast\u0119pnie kliknij instrukcj\u0119 serwisow\u0105<\/a><\/p>","protected":false},"featured_media":2839,"template":"","format":"standard","meta":{"_acf_changed":false},"product_brand":[347],"product_cat":[60,113,103],"product_tag":[],"class_list":{"0":"post-2838","1":"product","2":"type-product","3":"status-publish","4":"format-standard","5":"has-post-thumbnail","7":"product_brand-cleopatra","8":"product_cat-spare-parts","9":"product_cat-overige-stoomcabine-onderdelen","10":"product_cat-stoomcabine-onderdelen","11":"product_shipping_class-gratis-verzending","13":"first","14":"instock","15":"taxable","16":"shipping-taxable","17":"purchasable","18":"product-type-simple"},"acf":[],"_links":{"self":[{"href":"https:\/\/cleopatra.nl\/pl\/wp-json\/wp\/v2\/product\/2838","targetHints":{"allow":["GET"]}}],"collection":[{"href":"https:\/\/cleopatra.nl\/pl\/wp-json\/wp\/v2\/product"}],"about":[{"href":"https:\/\/cleopatra.nl\/pl\/wp-json\/wp\/v2\/types\/product"}],"wp:featuredmedia":[{"embeddable":true,"href":"https:\/\/cleopatra.nl\/pl\/wp-json\/wp\/v2\/media\/2839"}],"wp:attachment":[{"href":"https:\/\/cleopatra.nl\/pl\/wp-json\/wp\/v2\/media?parent=2838"}],"wp:term":[{"taxonomy":"product_brand","embeddable":true,"href":"https:\/\/cleopatra.nl\/pl\/wp-json\/wp\/v2\/product_brand?post=2838"},{"taxonomy":"product_cat","embeddable":true,"href":"https:\/\/cleopatra.nl\/pl\/wp-json\/wp\/v2\/product_cat?post=2838"},{"taxonomy":"product_tag","embeddable":true,"href":"https:\/\/cleopatra.nl\/pl\/wp-json\/wp\/v2\/product_tag?post=2838"}],"curies":[{"name":"wp","href":"https:\/\/api.w.org\/{rel}","templated":true}]}}