{"id":2851,"date":"2022-04-21T12:10:05","date_gmt":"2022-04-21T10:10:05","guid":{"rendered":"https:\/\/cleopatra.medialoods.com\/?post_type=product&#038;p=2851"},"modified":"2025-09-19T08:31:58","modified_gmt":"2025-09-19T06:31:58","slug":"ph-serviceset-harspatroonfilter-2","status":"publish","type":"product","link":"https:\/\/cleopatra.nl\/pl\/spare-parts\/ph-serviceset-harspatroonfilter\/","title":{"rendered":"Zestaw serwisowy | filtr z wk\u0142adem \u017cywicznym"},"content":{"rendered":"<p>Wymienny filtr do filtr\u00f3w zmi\u0119kczaj\u0105cych Cleopatra.<\/p>\n<p>Nie ma wskazania, czy wk\u0142ad filtra jest zu\u017cyty.<br \/>\nPojemno\u015b\u0107 jednego wk\u0142adu wystarcza do oczyszczenia \u015brednio 450 litr\u00f3w wody.<\/p>","protected":false},"excerpt":{"rendered":"<p>Chcesz wiedzie\u0107, jak wymieni\u0107 ten produkt? <a href=\"https:\/\/cleopatra.nl\/wp-content\/uploads\/30934620-1.pdf\" target=\"_blank\" rel=\"noopener\">Nast\u0119pnie kliknij instrukcj\u0119 serwisow\u0105<\/a><\/p>","protected":false},"featured_media":2852,"template":"","format":"standard","meta":{"_acf_changed":false},"product_brand":[],"product_cat":[60,114,115,116,118,117,104],"product_tag":[],"class_list":{"0":"post-2851","1":"product","2":"type-product","3":"status-publish","4":"format-standard","5":"has-post-thumbnail","7":"product_cat-spare-parts","8":"product_cat-hs-generator","9":"product_cat-pro-steam","10":"product_cat-steam-brain","11":"product_cat-steam-smart","12":"product_cat-steam-one","13":"product_cat-stoomtechniek","15":"first","16":"instock","17":"taxable","18":"shipping-taxable","19":"purchasable","20":"product-type-simple"},"acf":[],"_links":{"self":[{"href":"https:\/\/cleopatra.nl\/pl\/wp-json\/wp\/v2\/product\/2851","targetHints":{"allow":["GET"]}}],"collection":[{"href":"https:\/\/cleopatra.nl\/pl\/wp-json\/wp\/v2\/product"}],"about":[{"href":"https:\/\/cleopatra.nl\/pl\/wp-json\/wp\/v2\/types\/product"}],"wp:featuredmedia":[{"embeddable":true,"href":"https:\/\/cleopatra.nl\/pl\/wp-json\/wp\/v2\/media\/2852"}],"wp:attachment":[{"href":"https:\/\/cleopatra.nl\/pl\/wp-json\/wp\/v2\/media?parent=2851"}],"wp:term":[{"taxonomy":"product_brand","embeddable":true,"href":"https:\/\/cleopatra.nl\/pl\/wp-json\/wp\/v2\/product_brand?post=2851"},{"taxonomy":"product_cat","embeddable":true,"href":"https:\/\/cleopatra.nl\/pl\/wp-json\/wp\/v2\/product_cat?post=2851"},{"taxonomy":"product_tag","embeddable":true,"href":"https:\/\/cleopatra.nl\/pl\/wp-json\/wp\/v2\/product_tag?post=2851"}],"curies":[{"name":"wp","href":"https:\/\/api.w.org\/{rel}","templated":true}]}}