{"id":2856,"date":"2022-04-21T12:13:01","date_gmt":"2022-04-21T10:13:01","guid":{"rendered":"https:\/\/cleopatra.medialoods.com\/?post_type=product&#038;p=2856"},"modified":"2026-04-26T08:55:52","modified_gmt":"2026-04-26T06:55:52","slug":"ph-serviceset-slang-v-eucapomp-dd500-601","status":"publish","type":"product","link":"https:\/\/cleopatra.nl\/pl\/spare-parts\/ph-serviceset-slang-v-eucapomp-dd500-600\/","title":{"rendered":"Zestaw serwisowy | W\u0105\u017c do pompy zapachowej | u\u017cywany przed 03-2012"},"content":{"rendered":"<p>Zestaw serwisowy PH w\u0105\u017c v.Euca pompa DD500\/600 &lt;03.12<\/p>\n<p>*Porada; wymienia\u0107 raz na 2 lata, zapobiega to wysychaniu w\u0119\u017ca.<\/p>","protected":false},"excerpt":{"rendered":"<p>Chcesz wiedzie\u0107, jak wymieni\u0107 ten produkt? <a href=\"https:\/\/cleopatra.nl\/wp-content\/uploads\/96798000.pdf\" target=\"_blank\" rel=\"noopener\">Nast\u0119pnie kliknij instrukcj\u0119 serwisow\u0105<\/a><\/p>","protected":false},"featured_media":2857,"template":"","format":"standard","meta":{"_acf_changed":false},"product_brand":[347],"product_cat":[60,114,115,104],"product_tag":[],"class_list":{"0":"post-2856","1":"product","2":"type-product","3":"status-publish","4":"format-standard","5":"has-post-thumbnail","7":"product_brand-cleopatra","8":"product_cat-spare-parts","9":"product_cat-hs-generator","10":"product_cat-pro-steam","11":"product_cat-stoomtechniek","12":"product_shipping_class-gratis-verzending","14":"first","15":"instock","16":"taxable","17":"shipping-taxable","18":"purchasable","19":"product-type-simple"},"acf":[],"_links":{"self":[{"href":"https:\/\/cleopatra.nl\/pl\/wp-json\/wp\/v2\/product\/2856","targetHints":{"allow":["GET"]}}],"collection":[{"href":"https:\/\/cleopatra.nl\/pl\/wp-json\/wp\/v2\/product"}],"about":[{"href":"https:\/\/cleopatra.nl\/pl\/wp-json\/wp\/v2\/types\/product"}],"wp:featuredmedia":[{"embeddable":true,"href":"https:\/\/cleopatra.nl\/pl\/wp-json\/wp\/v2\/media\/2857"}],"wp:attachment":[{"href":"https:\/\/cleopatra.nl\/pl\/wp-json\/wp\/v2\/media?parent=2856"}],"wp:term":[{"taxonomy":"product_brand","embeddable":true,"href":"https:\/\/cleopatra.nl\/pl\/wp-json\/wp\/v2\/product_brand?post=2856"},{"taxonomy":"product_cat","embeddable":true,"href":"https:\/\/cleopatra.nl\/pl\/wp-json\/wp\/v2\/product_cat?post=2856"},{"taxonomy":"product_tag","embeddable":true,"href":"https:\/\/cleopatra.nl\/pl\/wp-json\/wp\/v2\/product_tag?post=2856"}],"curies":[{"name":"wp","href":"https:\/\/api.w.org\/{rel}","templated":true}]}}