{"id":2875,"date":"2022-04-21T12:31:23","date_gmt":"2022-04-21T10:31:23","guid":{"rendered":"https:\/\/cleopatra.medialoods.com\/?post_type=product&#038;p=2875"},"modified":"2026-04-26T08:55:51","modified_gmt":"2026-04-26T06:55:51","slug":"elektronikabox-schak-kast-k4-prosteam-2","status":"publish","type":"product","link":"https:\/\/cleopatra.nl\/pl\/spare-parts\/elektronikabox-schak-kast-k4-prosteam\/","title":{"rendered":"Skrzynka elektroniki | szafa sterownicza K4 Prosteam"},"content":{"rendered":"<p>Skrzynka elektroniki (skrzynka prze\u0142\u0105cznik\u00f3w) K4-Prosteam<\/p>","protected":false},"excerpt":{"rendered":"<p>Chcesz wiedzie\u0107, jak wymieni\u0107 ten produkt? <a href=\"https:\/\/cleopatra.nl\/wp-content\/uploads\/30504810.pdf\" target=\"_blank\" rel=\"noopener\">Nast\u0119pnie kliknij instrukcj\u0119 serwisow\u0105<\/a><\/p>","protected":false},"featured_media":2876,"template":"","format":"standard","meta":{"_acf_changed":false},"product_brand":[347],"product_cat":[60,115,119,104],"product_tag":[],"class_list":{"0":"post-2875","1":"product","2":"type-product","3":"status-publish","4":"format-standard","5":"has-post-thumbnail","7":"product_brand-cleopatra","8":"product_cat-spare-parts","9":"product_cat-pro-steam","10":"product_cat-stoomcomponent","11":"product_cat-stoomtechniek","12":"product_shipping_class-gratis-verzending","14":"first","15":"instock","16":"taxable","17":"shipping-taxable","18":"purchasable","19":"product-type-simple"},"acf":[],"_links":{"self":[{"href":"https:\/\/cleopatra.nl\/pl\/wp-json\/wp\/v2\/product\/2875","targetHints":{"allow":["GET"]}}],"collection":[{"href":"https:\/\/cleopatra.nl\/pl\/wp-json\/wp\/v2\/product"}],"about":[{"href":"https:\/\/cleopatra.nl\/pl\/wp-json\/wp\/v2\/types\/product"}],"wp:featuredmedia":[{"embeddable":true,"href":"https:\/\/cleopatra.nl\/pl\/wp-json\/wp\/v2\/media\/2876"}],"wp:attachment":[{"href":"https:\/\/cleopatra.nl\/pl\/wp-json\/wp\/v2\/media?parent=2875"}],"wp:term":[{"taxonomy":"product_brand","embeddable":true,"href":"https:\/\/cleopatra.nl\/pl\/wp-json\/wp\/v2\/product_brand?post=2875"},{"taxonomy":"product_cat","embeddable":true,"href":"https:\/\/cleopatra.nl\/pl\/wp-json\/wp\/v2\/product_cat?post=2875"},{"taxonomy":"product_tag","embeddable":true,"href":"https:\/\/cleopatra.nl\/pl\/wp-json\/wp\/v2\/product_tag?post=2875"}],"curies":[{"name":"wp","href":"https:\/\/api.w.org\/{rel}","templated":true}]}}