{"id":2877,"date":"2022-04-21T12:32:23","date_gmt":"2022-04-21T10:32:23","guid":{"rendered":"https:\/\/cleopatra.medialoods.com\/?post_type=product&#038;p=2877"},"modified":"2026-04-26T08:55:51","modified_gmt":"2026-04-26T06:55:51","slug":"magneetventiel-230-vac-ip68-1-2-bu-incl-kabel-600-mm-2","status":"publish","type":"product","link":"https:\/\/cleopatra.nl\/pl\/spare-parts\/magneetventiel-230-vac-ip68-1-2-bu-incl-kabel-600-mm\/","title":{"rendered":"Zaw\u00f3r elektromagnetyczny | 230 Vac IP68 | 1\/2\u2033 bu | \u0142\u0105cznie z kablem 600 mm"},"content":{"rendered":"<p>Zaw\u00f3r elektromagnetyczny 230 Vac IP68 1\/2 bu z kablem 600 mm<\/p>","protected":false},"excerpt":{"rendered":"<p>Zaw\u00f3r elektromagnetyczny 230 Vac IP68 1\/2 bu z kablem 600 mm<\/p>","protected":false},"featured_media":2878,"template":"","format":"standard","meta":{"_acf_changed":false},"product_brand":[347],"product_cat":[60,115,116,117,104],"product_tag":[],"class_list":{"0":"post-2877","1":"product","2":"type-product","3":"status-publish","4":"format-standard","5":"has-post-thumbnail","7":"product_brand-cleopatra","8":"product_cat-spare-parts","9":"product_cat-pro-steam","10":"product_cat-steam-brain","11":"product_cat-steam-one","12":"product_cat-stoomtechniek","13":"product_shipping_class-gratis-verzending","15":"first","16":"instock","17":"taxable","18":"shipping-taxable","19":"purchasable","20":"product-type-simple"},"acf":[],"_links":{"self":[{"href":"https:\/\/cleopatra.nl\/pl\/wp-json\/wp\/v2\/product\/2877","targetHints":{"allow":["GET"]}}],"collection":[{"href":"https:\/\/cleopatra.nl\/pl\/wp-json\/wp\/v2\/product"}],"about":[{"href":"https:\/\/cleopatra.nl\/pl\/wp-json\/wp\/v2\/types\/product"}],"wp:featuredmedia":[{"embeddable":true,"href":"https:\/\/cleopatra.nl\/pl\/wp-json\/wp\/v2\/media\/2878"}],"wp:attachment":[{"href":"https:\/\/cleopatra.nl\/pl\/wp-json\/wp\/v2\/media?parent=2877"}],"wp:term":[{"taxonomy":"product_brand","embeddable":true,"href":"https:\/\/cleopatra.nl\/pl\/wp-json\/wp\/v2\/product_brand?post=2877"},{"taxonomy":"product_cat","embeddable":true,"href":"https:\/\/cleopatra.nl\/pl\/wp-json\/wp\/v2\/product_cat?post=2877"},{"taxonomy":"product_tag","embeddable":true,"href":"https:\/\/cleopatra.nl\/pl\/wp-json\/wp\/v2\/product_tag?post=2877"}],"curies":[{"name":"wp","href":"https:\/\/api.w.org\/{rel}","templated":true}]}}