{"id":2932,"date":"2022-04-21T15:06:43","date_gmt":"2022-04-21T13:06:43","guid":{"rendered":"https:\/\/cleopatra.medialoods.com\/?post_type=product&#038;p=2932"},"modified":"2026-04-26T08:55:49","modified_gmt":"2026-04-26T06:55:49","slug":"cilinder-4576","status":"publish","type":"product","link":"https:\/\/cleopatra.nl\/pl\/spare-parts\/cilinder-1562\/","title":{"rendered":"Cylinder 1562"},"content":{"rendered":"<p>Cylinder funkcyjny<\/p>\n<ul>\n<li>15 kg pary na godzin\u0119<\/li>\n<li>6 elektrod<\/li>\n<li>230 V<\/li>\n<\/ul>\n<p>Ten cylinder jest odpowiedni dla nast\u0119puj\u0105cych generator\u00f3w pary Cleopatra:<\/p>\n<ul>\n<li>Cleo Basic<\/li>\n<li>Cleo Total<\/li>\n<li>Cleo Vital<\/li>\n<li>Cleo Elite<\/li>\n<\/ul>","protected":false},"excerpt":{"rendered":"<p>Charakterystyka cylindra 15 kg pary na godzin\u0119 6 elektrod 230 V Ten cylinder nadaje si\u0119 do nast\u0119puj\u0105cych generator\u00f3w pary Cleopatra: Cleo Basic Cleo Total Cleo Vital Cleo Elite<\/p>","protected":false},"featured_media":7986,"template":"","format":"standard","meta":{"_acf_changed":false},"product_brand":[347],"product_cat":[60,120,105],"product_tag":[],"class_list":{"0":"post-2932","1":"product","2":"type-product","3":"status-publish","4":"format-standard","5":"has-post-thumbnail","7":"product_brand-cleopatra","8":"product_cat-spare-parts","9":"product_cat-cilinders","10":"product_cat-professioneel","11":"product_shipping_class-gratis-verzending","13":"first","14":"instock","15":"taxable","16":"shipping-taxable","17":"purchasable","18":"product-type-simple"},"acf":[],"_links":{"self":[{"href":"https:\/\/cleopatra.nl\/pl\/wp-json\/wp\/v2\/product\/2932","targetHints":{"allow":["GET"]}}],"collection":[{"href":"https:\/\/cleopatra.nl\/pl\/wp-json\/wp\/v2\/product"}],"about":[{"href":"https:\/\/cleopatra.nl\/pl\/wp-json\/wp\/v2\/types\/product"}],"wp:featuredmedia":[{"embeddable":true,"href":"https:\/\/cleopatra.nl\/pl\/wp-json\/wp\/v2\/media\/7986"}],"wp:attachment":[{"href":"https:\/\/cleopatra.nl\/pl\/wp-json\/wp\/v2\/media?parent=2932"}],"wp:term":[{"taxonomy":"product_brand","embeddable":true,"href":"https:\/\/cleopatra.nl\/pl\/wp-json\/wp\/v2\/product_brand?post=2932"},{"taxonomy":"product_cat","embeddable":true,"href":"https:\/\/cleopatra.nl\/pl\/wp-json\/wp\/v2\/product_cat?post=2932"},{"taxonomy":"product_tag","embeddable":true,"href":"https:\/\/cleopatra.nl\/pl\/wp-json\/wp\/v2\/product_tag?post=2932"}],"curies":[{"name":"wp","href":"https:\/\/api.w.org\/{rel}","templated":true}]}}