{"id":2979,"date":"2022-04-22T12:07:24","date_gmt":"2022-04-22T10:07:24","guid":{"rendered":"https:\/\/cleopatra.medialoods.com\/?post_type=product&#038;p=2979"},"modified":"2025-09-14T16:24:38","modified_gmt":"2025-09-14T14:24:38","slug":"afvoerslang-22-mm-05-meter","status":"publish","type":"product","link":"https:\/\/cleopatra.nl\/pl\/spare-parts\/afvoerslang-22-mm-05-m\/","title":{"rendered":"W\u0105\u017c spustowy | 22 mm | 0,5 metra"},"content":{"rendered":"<p>W\u0105\u017c spustowy 22 mm (0,5 metra)<\/p>","protected":false},"excerpt":{"rendered":"<p>W\u0105\u017c spustowy 22 mm (0,5 metra)<\/p>","protected":false},"featured_media":2980,"template":"","format":"standard","meta":{"_acf_changed":false},"product_brand":[],"product_cat":[60,134,105],"product_tag":[],"class_list":{"0":"post-2979","1":"product","2":"type-product","3":"status-publish","4":"format-standard","5":"has-post-thumbnail","7":"product_cat-spare-parts","8":"product_cat-overige-professioneel","9":"product_cat-professioneel","11":"first","12":"instock","13":"taxable","14":"shipping-taxable","15":"purchasable","16":"product-type-simple"},"acf":[],"_links":{"self":[{"href":"https:\/\/cleopatra.nl\/pl\/wp-json\/wp\/v2\/product\/2979","targetHints":{"allow":["GET"]}}],"collection":[{"href":"https:\/\/cleopatra.nl\/pl\/wp-json\/wp\/v2\/product"}],"about":[{"href":"https:\/\/cleopatra.nl\/pl\/wp-json\/wp\/v2\/types\/product"}],"wp:featuredmedia":[{"embeddable":true,"href":"https:\/\/cleopatra.nl\/pl\/wp-json\/wp\/v2\/media\/2980"}],"wp:attachment":[{"href":"https:\/\/cleopatra.nl\/pl\/wp-json\/wp\/v2\/media?parent=2979"}],"wp:term":[{"taxonomy":"product_brand","embeddable":true,"href":"https:\/\/cleopatra.nl\/pl\/wp-json\/wp\/v2\/product_brand?post=2979"},{"taxonomy":"product_cat","embeddable":true,"href":"https:\/\/cleopatra.nl\/pl\/wp-json\/wp\/v2\/product_cat?post=2979"},{"taxonomy":"product_tag","embeddable":true,"href":"https:\/\/cleopatra.nl\/pl\/wp-json\/wp\/v2\/product_tag?post=2979"}],"curies":[{"name":"wp","href":"https:\/\/api.w.org\/{rel}","templated":true}]}}