{"id":3069,"date":"2022-04-22T13:44:03","date_gmt":"2022-04-22T11:44:03","guid":{"rendered":"https:\/\/cleopatra.medialoods.com\/?post_type=product&#038;p=3069"},"modified":"2025-09-14T16:13:25","modified_gmt":"2025-09-14T14:13:25","slug":"verloop-afvoer-75-63-41","status":"publish","type":"product","link":"https:\/\/cleopatra.nl\/pl\/spare-parts\/verloop-afvoer\/","title":{"rendered":"Przelew odp\u0142ywowy | 75\/63\/40 mm"},"content":{"rendered":"<p>Prze\u0142\u0105cznik odp\u0142ywu 75\/63\/40<\/p>","protected":false},"excerpt":{"rendered":"<p>Prze\u0142\u0105cznik odp\u0142ywu 75\/63\/40<\/p>","protected":false},"featured_media":3070,"template":"","format":"standard","meta":{"_acf_changed":false},"product_brand":[],"product_cat":[60,134,105],"product_tag":[],"class_list":{"0":"post-3069","1":"product","2":"type-product","3":"status-publish","4":"format-standard","5":"has-post-thumbnail","7":"product_cat-spare-parts","8":"product_cat-overige-professioneel","9":"product_cat-professioneel","11":"first","12":"instock","13":"taxable","14":"shipping-taxable","15":"purchasable","16":"product-type-simple"},"acf":[],"_links":{"self":[{"href":"https:\/\/cleopatra.nl\/pl\/wp-json\/wp\/v2\/product\/3069","targetHints":{"allow":["GET"]}}],"collection":[{"href":"https:\/\/cleopatra.nl\/pl\/wp-json\/wp\/v2\/product"}],"about":[{"href":"https:\/\/cleopatra.nl\/pl\/wp-json\/wp\/v2\/types\/product"}],"wp:featuredmedia":[{"embeddable":true,"href":"https:\/\/cleopatra.nl\/pl\/wp-json\/wp\/v2\/media\/3070"}],"wp:attachment":[{"href":"https:\/\/cleopatra.nl\/pl\/wp-json\/wp\/v2\/media?parent=3069"}],"wp:term":[{"taxonomy":"product_brand","embeddable":true,"href":"https:\/\/cleopatra.nl\/pl\/wp-json\/wp\/v2\/product_brand?post=3069"},{"taxonomy":"product_cat","embeddable":true,"href":"https:\/\/cleopatra.nl\/pl\/wp-json\/wp\/v2\/product_cat?post=3069"},{"taxonomy":"product_tag","embeddable":true,"href":"https:\/\/cleopatra.nl\/pl\/wp-json\/wp\/v2\/product_tag?post=3069"}],"curies":[{"name":"wp","href":"https:\/\/api.w.org\/{rel}","templated":true}]}}