{"id":3082,"date":"2022-04-22T15:34:13","date_gmt":"2022-04-22T13:34:13","guid":{"rendered":"https:\/\/cleopatra.medialoods.com\/?post_type=product&#038;p=3082"},"modified":"2025-11-05T14:34:50","modified_gmt":"2025-11-05T13:34:50","slug":"lugano-340-o-177cm","status":"publish","type":"product","link":"https:\/\/cleopatra.nl\/pl\/shop\/ligbaden-whirlpools\/premium-ligbaden\/cleopatra-ligbad-lugano-340\/","title":{"rendered":"Lugano 340 | \u00d8 177 cm"},"content":{"rendered":"<h4><strong>CLEOPATRA LIGBAD LUGANO \u00d8 177cm<br \/>\n<\/strong><\/h4>\n<p>The<strong>\u00a0Kleopatra<\/strong>\u00a0<b>k\u0105piel<\/b>\u00a0Lugano 340 to bardzo przestronna i okr\u0105g\u0142a wanna wykonana z bia\u0142ego akrylu. Idealna wanna, aby uczyni\u0107 \u0142azienk\u0119 bardziej estetyczn\u0105 lub aby m\u00f3c k\u0105pa\u0107 si\u0119 z ca\u0142\u0105 rodzin\u0105! Oparcia s\u0105 skonstruowane tak, aby mo\u017cna by\u0142o naprawd\u0119 zrelaksowa\u0107 si\u0119 w wannie.<\/p>\n<p>\u015arednica wanny wynosi 1770 mm, a g\u0142\u0119boko\u015b\u0107 445 mm.  Rysunek i instrukcja monta\u017cu wanny znajduj\u0105 si\u0119 w dolnej cz\u0119\u015bci opisu produktu.<\/p>\n<p>Zobaczy\u0107 lub do\u015bwiadczy\u0107 wanny Lugano?  Zapraszamy do Cleopatry\u00a0<a href=\"https:\/\/cleopatra.nl\/pl\/cleopatra-showroom\/\" target=\"_blank\" rel=\"noopener noreferrer\">showroom<\/a>\u00a0w Zaandam lub w\u00a0<a href=\"https:\/\/cleopatra.nl\/pl\/verkooppunten\/\" target=\"_blank\" rel=\"noopener noreferrer\">sklep sanitarny<\/a>\u00a0w Twojej okolicy!<\/p>\n<p>Wanna jest dostarczana wraz z zestawem wanien.<\/p>\n<p>Odp\u0142yw przelewowy nale\u017cy zam\u00f3wi\u0107 osobno (patrz Odpowiednie produkty).<\/p>\n<p>Na tej wysokiej jako\u015bci wannie mo\u017cna zainstalowa\u0107 bateri\u0119 wannow\u0105 i prysznic. Estetyczny wygl\u0105d zapobiega monta\u017cowi w \u015bcianach.<\/p>\n<h4><\/h4>\n<h4>JAKO\u015a\u0106 K\u0104PIELI<\/h4>\n<p>Jako\u015b\u0107 naszych wanien jest najwa\u017cniejsza w Cleopatra. Wanna pozostanie pi\u0119kna i bia\u0142a przez lata dzi\u0119ki 6 mm warstwie akrylu, w tym solidnemu wzmocnieniu dna brzeg\u00f3w wanny.<\/p>\n<h4><\/h4>\n<h4>AKCESORIA DO K\u0104PIELI<\/h4>\n<ul>\n<li><em>Po\u0142\u0105czenie przelewu i odp\u0142ywu Cleoplus.<\/em> Wysokiej jako\u015bci produkt w chromowanym wyko\u0144czeniu.<\/li>\n<\/ul>\n<ul>\n<li><em>Po\u0142\u0105czenie Cleofill.<\/em> Wysokiej jako\u015bci produkt w chromowanym wyko\u0144czeniu. Zamiast wylewki wanna jest nape\u0142niana za pomoc\u0105 przelewu.<\/li>\n<\/ul>\n<ul>\n<li><em>Baterie wannowe.<\/em>\u00a0Najwy\u017cszej jako\u015bci baterie wannowe Hansgrohe do wyboru w kilku modelach. Standardowym wyko\u0144czeniem jest chrom, ale mo\u017cliwe s\u0105 r\u00f3wnie\u017c inne wyko\u0144czenia. Baterie wannowe s\u0105 montowane na wannie w naszej fabryce, dzi\u0119ki czemu wanna jest gotowa do instalacji!<\/li>\n<\/ul>\n<ul>\n<li><em>Uchwyt.<\/em>\u00a0Chromowany uchwyt o pi\u0119knym kszta\u0142cie. Sprawia, \u017ce wchodzenie i wychodzenie z wanny jest \u0142atwiejsze i bezpieczniejsze!<\/li>\n<\/ul>\n<ul>\n<li><em>Kolorowe \u015bwiat\u0142o.<\/em>\u00a0Wysokiej jako\u015bci o\u015bwietlenie wanny, w tym dwa \u015bwiat\u0142a LED i sterowanie montowane na kraw\u0119dzi wanny.<\/li>\n<\/ul>\n<ul>\n<li><em>Poduszka pod szyj\u0119.<\/em>\u00a0Wygodna poduszka, kt\u00f3ra dopasowuje si\u0119 do kszta\u0142tu g\u0142owy. Niezast\u0105piona dla przyjemno\u015bci k\u0105pieli.<\/li>\n<\/ul>\n<ul>\n<li><em>Olejki do k\u0105pieli.<\/em>\u00a0Piel\u0119gnuj\u0105cy sk\u00f3r\u0119, bezpieczny dla akrylu k\u0105pielowego i dost\u0119pny w 7 pysznych zapachach.<\/li>\n<\/ul>\n<h4><\/h4>\n<h4>SYSTEM HYDROMASA\u017bU<\/h4>\n<p>Dzi\u0119ki wysokiej jako\u015bci systemowi hydromasa\u017cu k\u0105piel w wannie staje si\u0119 jeszcze przyjemniejsza.<\/p>","protected":false},"excerpt":{"rendered":"<p>The<strong>\u00a0Kleopatra<\/strong>\u00a0<b>k\u0105piel<\/b>\u00a0Lugano 340 to bardzo przestronna i okr\u0105g\u0142a wanna wykonana z bia\u0142ego akrylu. Idealna wanna, aby uczyni\u0107 \u0142azienk\u0119 bardziej estetyczn\u0105 lub aby m\u00f3c k\u0105pa\u0107 si\u0119 z ca\u0142\u0105 rodzin\u0105! Oparcia s\u0105 skonstruowane tak, aby mo\u017cna by\u0142o naprawd\u0119 zrelaksowa\u0107 si\u0119 w wannie.<\/p>","protected":false},"featured_media":3084,"template":"","format":"standard","meta":{"_acf_changed":false},"product_brand":[],"product_cat":[84,76,71],"product_tag":[],"class_list":{"0":"post-3082","1":"product","2":"type-product","3":"status-publish","4":"format-standard","5":"has-post-thumbnail","7":"product_cat-premium-ligbaden","8":"product_cat-ligbaden-whirlpools","9":"product_cat-shop","11":"first","12":"instock","13":"taxable","14":"shipping-taxable","15":"purchasable","16":"product-type-simple"},"acf":[],"_links":{"self":[{"href":"https:\/\/cleopatra.nl\/pl\/wp-json\/wp\/v2\/product\/3082","targetHints":{"allow":["GET"]}}],"collection":[{"href":"https:\/\/cleopatra.nl\/pl\/wp-json\/wp\/v2\/product"}],"about":[{"href":"https:\/\/cleopatra.nl\/pl\/wp-json\/wp\/v2\/types\/product"}],"wp:featuredmedia":[{"embeddable":true,"href":"https:\/\/cleopatra.nl\/pl\/wp-json\/wp\/v2\/media\/3084"}],"wp:attachment":[{"href":"https:\/\/cleopatra.nl\/pl\/wp-json\/wp\/v2\/media?parent=3082"}],"wp:term":[{"taxonomy":"product_brand","embeddable":true,"href":"https:\/\/cleopatra.nl\/pl\/wp-json\/wp\/v2\/product_brand?post=3082"},{"taxonomy":"product_cat","embeddable":true,"href":"https:\/\/cleopatra.nl\/pl\/wp-json\/wp\/v2\/product_cat?post=3082"},{"taxonomy":"product_tag","embeddable":true,"href":"https:\/\/cleopatra.nl\/pl\/wp-json\/wp\/v2\/product_tag?post=3082"}],"curies":[{"name":"wp","href":"https:\/\/api.w.org\/{rel}","templated":true}]}}