{"id":3089,"date":"2022-04-27T19:02:45","date_gmt":"2022-04-27T17:02:45","guid":{"rendered":"https:\/\/cleopatra.medialoods.com\/?post_type=product&#038;p=3089"},"modified":"2025-01-02T11:31:49","modified_gmt":"2025-01-02T10:31:49","slug":"cleofill-overloop-leegloop-inloop","status":"publish","type":"product","link":"https:\/\/cleopatra.nl\/pl\/shop\/ligbad-accessoires\/cleofill-overloop-leegloop-inloop\/","title":{"rendered":"Cleofill Overflow, Empty &amp; Walk-in"},"content":{"rendered":"<p><strong>Luksusowe po\u0142\u0105czenie przelewu, odp\u0142ywu i wlotu<\/strong><\/p>\n<p>Ta kombinacja przelewu, odp\u0142ywu i wlotu jest standardowo wyposa\u017cona w:<br \/>\n- Wszystkie baterie wannowe<br \/>\n- Zamiast wylewki kranowej na brzegu wanny mo\u017cna wybra\u0107 t\u0119 kombinacj\u0119 nape\u0142niania wanny. W tym przypadku wanna jest nape\u0142niana przez przelew, kt\u00f3ry dzia\u0142a r\u00f3wnie\u017c jako kombinacja walk-in i jest r\u00f3wnie\u017c kombinacj\u0105 odp\u0142ywow\u0105.<\/p>","protected":false},"excerpt":{"rendered":"<p>Luksusowa kombinacja przelewu, odp\u0142ywu i dop\u0142ywu Ta kombinacja przelewu, odp\u0142ywu i dop\u0142ywu jest standardowym wyposa\u017ceniem: - Wszystkie kombinacje brzegu wanny (baterie) - Zamiast wylewki baterii na brzegu wanny mo\u017cna wybra\u0107 t\u0119 kombinacj\u0119 nape\u0142niania wanny. W tym przypadku wanna jest nape\u0142niana przez przelew, kt\u00f3ry dzia\u0142a r\u00f3wnie\u017c jako po\u0142\u0105czenie dop\u0142ywu i odp\u0142ywu.<\/p>","protected":false},"featured_media":3090,"template":"","format":"standard","meta":{"_acf_changed":false},"product_brand":[],"product_cat":[72,71],"product_tag":[152,151,150],"class_list":{"0":"post-3089","1":"product","2":"type-product","3":"status-publish","4":"format-standard","5":"has-post-thumbnail","7":"product_cat-ligbad-accessoires","8":"product_cat-shop","9":"product_tag-inloop","10":"product_tag-leegloop","11":"product_tag-overloop","13":"first","14":"instock","15":"taxable","16":"shipping-taxable","17":"purchasable","18":"product-type-simple"},"acf":[],"_links":{"self":[{"href":"https:\/\/cleopatra.nl\/pl\/wp-json\/wp\/v2\/product\/3089","targetHints":{"allow":["GET"]}}],"collection":[{"href":"https:\/\/cleopatra.nl\/pl\/wp-json\/wp\/v2\/product"}],"about":[{"href":"https:\/\/cleopatra.nl\/pl\/wp-json\/wp\/v2\/types\/product"}],"wp:featuredmedia":[{"embeddable":true,"href":"https:\/\/cleopatra.nl\/pl\/wp-json\/wp\/v2\/media\/3090"}],"wp:attachment":[{"href":"https:\/\/cleopatra.nl\/pl\/wp-json\/wp\/v2\/media?parent=3089"}],"wp:term":[{"taxonomy":"product_brand","embeddable":true,"href":"https:\/\/cleopatra.nl\/pl\/wp-json\/wp\/v2\/product_brand?post=3089"},{"taxonomy":"product_cat","embeddable":true,"href":"https:\/\/cleopatra.nl\/pl\/wp-json\/wp\/v2\/product_cat?post=3089"},{"taxonomy":"product_tag","embeddable":true,"href":"https:\/\/cleopatra.nl\/pl\/wp-json\/wp\/v2\/product_tag?post=3089"}],"curies":[{"name":"wp","href":"https:\/\/api.w.org\/{rel}","templated":true}]}}