{"id":3091,"date":"2022-04-27T19:02:45","date_gmt":"2022-04-27T17:02:45","guid":{"rendered":"https:\/\/cleopatra.medialoods.com\/?post_type=product&#038;p=3091"},"modified":"2026-04-27T09:56:25","modified_gmt":"2026-04-27T07:56:25","slug":"cleoplus-overloop-leegloop","status":"publish","type":"product","link":"https:\/\/cleopatra.nl\/pl\/shop\/ligbad-accessoires\/cleoplus-overflow-deflate\/","title":{"rendered":"Przelewanie i opr\u00f3\u017cnianie Cleoplus"},"content":{"rendered":"<p><strong>Luksusowe po\u0142\u0105czenie przelewu i odp\u0142ywu<\/strong><\/p>\n<p>Ta kombinacja przelew\/puste jest standardowo wyposa\u017cona w:<\/p>\n<p>Wszystkie wanny Cleopatra z systemem hydromasa\u017cu<br \/>\nWszystkie wanny Luxus Line i LoungePool bez systemu<\/p>\n<p>Cleoplus jest r\u00f3wnie\u017c dost\u0119pny jako opcja dla wanien bez systemu:<\/p>\n<ul>\n<li>Linia Premium<\/li>\n<li>Linia WellPool<\/li>\n<\/ul>","protected":false},"excerpt":{"rendered":"<p>Luksusowa kombinacja przelewu i odp\u0142ywu Ta kombinacja przelewu i odp\u0142ywu jest standardem we: Wszystkie wanny Cleopatra z systemem hydromasa\u017cu Wszystkie wanny Luxus Line i LoungePool bez systemu Przelew Cleoplus jest r\u00f3wnie\u017c dost\u0119pny jako opcja dla wanien bez systemu: Linia Premium Linia WellPool<\/p>","protected":false},"featured_media":3092,"template":"","format":"standard","meta":{"_acf_changed":false},"product_brand":[347],"product_cat":[72,71],"product_tag":[151,150],"class_list":{"0":"post-3091","1":"product","2":"type-product","3":"status-publish","4":"format-standard","5":"has-post-thumbnail","7":"product_brand-cleopatra","8":"product_cat-ligbad-accessoires","9":"product_cat-shop","10":"product_tag-leegloop","11":"product_tag-overloop","13":"first","14":"instock","15":"taxable","16":"shipping-taxable","17":"purchasable","18":"product-type-simple"},"acf":[],"_links":{"self":[{"href":"https:\/\/cleopatra.nl\/pl\/wp-json\/wp\/v2\/product\/3091","targetHints":{"allow":["GET"]}}],"collection":[{"href":"https:\/\/cleopatra.nl\/pl\/wp-json\/wp\/v2\/product"}],"about":[{"href":"https:\/\/cleopatra.nl\/pl\/wp-json\/wp\/v2\/types\/product"}],"wp:featuredmedia":[{"embeddable":true,"href":"https:\/\/cleopatra.nl\/pl\/wp-json\/wp\/v2\/media\/3092"}],"wp:attachment":[{"href":"https:\/\/cleopatra.nl\/pl\/wp-json\/wp\/v2\/media?parent=3091"}],"wp:term":[{"taxonomy":"product_brand","embeddable":true,"href":"https:\/\/cleopatra.nl\/pl\/wp-json\/wp\/v2\/product_brand?post=3091"},{"taxonomy":"product_cat","embeddable":true,"href":"https:\/\/cleopatra.nl\/pl\/wp-json\/wp\/v2\/product_cat?post=3091"},{"taxonomy":"product_tag","embeddable":true,"href":"https:\/\/cleopatra.nl\/pl\/wp-json\/wp\/v2\/product_tag?post=3091"}],"curies":[{"name":"wp","href":"https:\/\/api.w.org\/{rel}","templated":true}]}}