{"id":3097,"date":"2022-04-27T19:02:20","date_gmt":"2022-04-27T17:02:20","guid":{"rendered":"https:\/\/cleopatra.medialoods.com\/?post_type=product&#038;p=3097"},"modified":"2026-04-26T21:18:53","modified_gmt":"2026-04-26T19:18:53","slug":"extra-hydro-jets","status":"publish","type":"product","link":"https:\/\/cleopatra.nl\/pl\/shop\/extra-hydro-jets\/","title":{"rendered":"Dodatkowe dysze wodne"},"content":{"rendered":"<p><strong>Dodatkowe dysze wodne<\/strong><\/p>\n<p>W systemie Hydro i Spa\/Hydro<\/p>\n<p>Czy chcia\u0142by\u015b mie\u0107 dwie dodatkowe dysze przy stopach lub z ty\u0142u? Mo\u017cliwe pozycje dodatkowych dysz hydromasa\u017cu s\u0105 wskazane na rysunku ka\u017cdej wanny.<\/p>\n<p>Nale\u017cy zwr\u00f3ci\u0107 uwag\u0119 na maksymaln\u0105 liczb\u0119 dysz wskazan\u0105 dla ka\u017cdej wanny. Instalacja dodatkowych dysz obowi\u0105zuje za dwie sztuki.<\/p>","protected":false},"excerpt":{"rendered":"<p>Extra Hydro Jets Bij Hydro en Spa\/Hydro systeem Wilt u nog twee jets extra bij de voeten of in de rug? De mogelijke posities van extra hydro jets staan bij elk bad in de tekening aangegeven. Let wel op het maximum aantal jets aangegeven bij elk bad. De inbouw van extra jets geldt per twee [&hellip;]<\/p>\n","protected":false},"featured_media":3098,"template":"","format":"standard","meta":{"_acf_changed":false},"product_brand":[347],"product_cat":[71,72],"product_tag":[154],"class_list":{"0":"post-3097","1":"product","2":"type-product","3":"status-publish","4":"format-standard","5":"has-post-thumbnail","7":"product_brand-cleopatra","8":"product_cat-shop","9":"product_cat-ligbad-accessoires","10":"product_tag-extra-hydro-jets","12":"first","13":"instock","14":"taxable","15":"shipping-taxable","16":"purchasable","17":"product-type-simple"},"acf":[],"_links":{"self":[{"href":"https:\/\/cleopatra.nl\/pl\/wp-json\/wp\/v2\/product\/3097","targetHints":{"allow":["GET"]}}],"collection":[{"href":"https:\/\/cleopatra.nl\/pl\/wp-json\/wp\/v2\/product"}],"about":[{"href":"https:\/\/cleopatra.nl\/pl\/wp-json\/wp\/v2\/types\/product"}],"wp:featuredmedia":[{"embeddable":true,"href":"https:\/\/cleopatra.nl\/pl\/wp-json\/wp\/v2\/media\/3098"}],"wp:attachment":[{"href":"https:\/\/cleopatra.nl\/pl\/wp-json\/wp\/v2\/media?parent=3097"}],"wp:term":[{"taxonomy":"product_brand","embeddable":true,"href":"https:\/\/cleopatra.nl\/pl\/wp-json\/wp\/v2\/product_brand?post=3097"},{"taxonomy":"product_cat","embeddable":true,"href":"https:\/\/cleopatra.nl\/pl\/wp-json\/wp\/v2\/product_cat?post=3097"},{"taxonomy":"product_tag","embeddable":true,"href":"https:\/\/cleopatra.nl\/pl\/wp-json\/wp\/v2\/product_tag?post=3097"}],"curies":[{"name":"wp","href":"https:\/\/api.w.org\/{rel}","templated":true}]}}