{"id":3101,"date":"2022-04-27T19:02:19","date_gmt":"2022-04-27T17:02:19","guid":{"rendered":"https:\/\/cleopatra.medialoods.com\/?post_type=product&#038;p=3101"},"modified":"2026-04-26T21:18:54","modified_gmt":"2026-04-26T19:18:54","slug":"handgreep","status":"publish","type":"product","link":"https:\/\/cleopatra.nl\/pl\/shop\/handgreep\/","title":{"rendered":"Uchwyt"},"content":{"rendered":"<p><strong>Uchwyt<\/strong><\/p>\n<p>Pi\u0119knie ukszta\u0142towane uchwyty u\u0142atwiaj\u0105 wsiadanie i wysiadanie.<\/p>","protected":false},"excerpt":{"rendered":"<p>Uchwyt Pi\u0119knie wyprofilowane uchwyty u\u0142atwiaj\u0105 wsiadanie i wysiadanie.<\/p>","protected":false},"featured_media":3102,"template":"","format":"standard","meta":{"_acf_changed":false},"product_brand":[347],"product_cat":[71,72],"product_tag":[154],"class_list":{"0":"post-3101","1":"product","2":"type-product","3":"status-publish","4":"format-standard","5":"has-post-thumbnail","7":"product_brand-cleopatra","8":"product_cat-shop","9":"product_cat-ligbad-accessoires","10":"product_tag-extra-hydro-jets","12":"first","13":"instock","14":"taxable","15":"shipping-taxable","16":"purchasable","17":"product-type-simple"},"acf":[],"_links":{"self":[{"href":"https:\/\/cleopatra.nl\/pl\/wp-json\/wp\/v2\/product\/3101","targetHints":{"allow":["GET"]}}],"collection":[{"href":"https:\/\/cleopatra.nl\/pl\/wp-json\/wp\/v2\/product"}],"about":[{"href":"https:\/\/cleopatra.nl\/pl\/wp-json\/wp\/v2\/types\/product"}],"wp:featuredmedia":[{"embeddable":true,"href":"https:\/\/cleopatra.nl\/pl\/wp-json\/wp\/v2\/media\/3102"}],"wp:attachment":[{"href":"https:\/\/cleopatra.nl\/pl\/wp-json\/wp\/v2\/media?parent=3101"}],"wp:term":[{"taxonomy":"product_brand","embeddable":true,"href":"https:\/\/cleopatra.nl\/pl\/wp-json\/wp\/v2\/product_brand?post=3101"},{"taxonomy":"product_cat","embeddable":true,"href":"https:\/\/cleopatra.nl\/pl\/wp-json\/wp\/v2\/product_cat?post=3101"},{"taxonomy":"product_tag","embeddable":true,"href":"https:\/\/cleopatra.nl\/pl\/wp-json\/wp\/v2\/product_tag?post=3101"}],"curies":[{"name":"wp","href":"https:\/\/api.w.org\/{rel}","templated":true}]}}