{"id":3112,"date":"2022-04-25T14:18:00","date_gmt":"2022-04-25T12:18:00","guid":{"rendered":"https:\/\/cleopatra.medialoods.com\/?post_type=product&#038;p=3112"},"modified":"2026-04-26T21:18:51","modified_gmt":"2026-04-26T19:18:51","slug":"acryl-polish-500-ml","status":"publish","type":"product","link":"https:\/\/cleopatra.nl\/pl\/shop\/bad-sauna-stoombad-geuren\/acryl-polish-500-ml\/","title":{"rendered":"Acrylic Polish | 500 ml"},"content":{"rendered":"<h4>ACRYL POLISH<\/h4>\n<p>Kleopatra\u00a0<strong>lakier akrylowy<\/strong>\u00a0zosta\u0142 specjalnie opracowany do bezpiecznego czyszczenia powierzchni wanien akrylowych, \u0142a\u017ani parowych i prysznic\u00f3w parowych.<\/p>\n<p>Lekkie uszkodzenia, takie jak drobne zadrapania i plamy, znikaj\u0105, a pierwotny po\u0142ysk powraca. Po zabiegu pozostaje warstwa ochronna, kt\u00f3ra zapobiega tworzeniu si\u0119 kamienia i brudu.<\/p>\n<p>Zawarto\u015b\u0107 butelki lakieru akrylowego: 500 ml<\/p>\n<h4>INSTRUKCJA OBS\u0141UGI<\/h4>\n<p>Przed u\u017cyciem dobrze wstrz\u0105sn\u0105\u0107 butelk\u0105.<\/p>\n<p>U\u017cyj wilgotnej szmatki, aby na\u0142o\u017cy\u0107 produkt na powierzchni\u0119 okr\u0119\u017cnymi ruchami. Po\u015bwi\u0119\u0107 nieco g\u0142\u0119bszym uszkodzeniom nieco wi\u0119cej uwagi. Odczekaj kilka minut, a\u017c powierzchnia wyschnie. Nast\u0119pnie wypoleruj such\u0105 szmatk\u0105.<\/p>","protected":false},"excerpt":{"rendered":"<p>Kleopatra\u00a0<strong>lakier akrylowy<\/strong> zosta\u0142 specjalnie opracowany do bezpiecznego czyszczenia powierzchni wanien akrylowych, \u0142a\u017ani parowych i prysznic\u00f3w parowych. Niewielkie uszkodzenia, takie jak drobne zadrapania i plamy znikaj\u0105, a pierwotny po\u0142ysk powraca. Po zabiegu pozostaje warstwa ochronna, kt\u00f3ra zapobiega tworzeniu si\u0119 kamienia i brudu. Zawarto\u015b\u0107 jednej butelki pasty do akrylu: 500 ml<\/p>","protected":false},"featured_media":3113,"template":"","format":"standard","meta":{"_acf_changed":false},"product_brand":[347],"product_cat":[77,71],"product_tag":[],"class_list":{"0":"post-3112","1":"product","2":"type-product","3":"status-publish","4":"format-standard","5":"has-post-thumbnail","7":"product_brand-cleopatra","8":"product_cat-bad-sauna-stoombad-geuren","9":"product_cat-shop","11":"first","12":"outofstock","13":"taxable","14":"shipping-taxable","15":"purchasable","16":"product-type-simple"},"acf":[],"_links":{"self":[{"href":"https:\/\/cleopatra.nl\/pl\/wp-json\/wp\/v2\/product\/3112","targetHints":{"allow":["GET"]}}],"collection":[{"href":"https:\/\/cleopatra.nl\/pl\/wp-json\/wp\/v2\/product"}],"about":[{"href":"https:\/\/cleopatra.nl\/pl\/wp-json\/wp\/v2\/types\/product"}],"wp:featuredmedia":[{"embeddable":true,"href":"https:\/\/cleopatra.nl\/pl\/wp-json\/wp\/v2\/media\/3113"}],"wp:attachment":[{"href":"https:\/\/cleopatra.nl\/pl\/wp-json\/wp\/v2\/media?parent=3112"}],"wp:term":[{"taxonomy":"product_brand","embeddable":true,"href":"https:\/\/cleopatra.nl\/pl\/wp-json\/wp\/v2\/product_brand?post=3112"},{"taxonomy":"product_cat","embeddable":true,"href":"https:\/\/cleopatra.nl\/pl\/wp-json\/wp\/v2\/product_cat?post=3112"},{"taxonomy":"product_tag","embeddable":true,"href":"https:\/\/cleopatra.nl\/pl\/wp-json\/wp\/v2\/product_tag?post=3112"}],"curies":[{"name":"wp","href":"https:\/\/api.w.org\/{rel}","templated":true}]}}