{"id":3114,"date":"2022-04-25T14:12:29","date_gmt":"2022-04-25T12:12:29","guid":{"rendered":"https:\/\/cleopatra.medialoods.com\/?post_type=product&#038;p=3114"},"modified":"2026-04-26T22:00:38","modified_gmt":"2026-04-26T20:00:38","slug":"bad-whirlpool-olie-set-5-x-250-ml","status":"publish","type":"product","link":"https:\/\/cleopatra.nl\/pl\/shop\/bad-whirlpool-olie-set-5-x-250-ml\/","title":{"rendered":"Zestaw olejk\u00f3w do k\u0105pieli i hydromasa\u017cu | 5 x 250 ml"},"content":{"rendered":"<h3><b>ZESTAW OLEJK\u00d3W DO K\u0104PIELI I HYDROMASA\u017bU CLEOPATRA (5 ZAPACH\u00d3W)<\/b><\/h3>\n<p>&nbsp;<\/p>\n<p>Nowy<b>\u00a0Olejek do k\u0105pieli Kleopatra<\/b>\u00a0to specjalnie opracowana aromaterapia do stosowania w wannach, jacuzzi i spa na \u015bwie\u017cym powietrzu. Olejek do k\u0105pieli sk\u0142ada si\u0119 ze starannie dobranych olejk\u00f3w eterycznych i zi\u00f3\u0142 i ca\u0142kowicie rozpuszcza si\u0119 w wodzie do k\u0105pieli.<\/p>\n<p>&nbsp;<\/p>\n<p>Produkt jest niet\u0142usty i nie wp\u0142ywa na technologi\u0119 hydromasa\u017cu\/spa.<\/p>\n<p>&nbsp;<\/p>\n<p>W tym zestawie znajduj\u0105 si\u0119 nast\u0119puj\u0105ce pyszne zapachy.<\/p>\n<ul>\n<li><strong><em>BERGAMOT<\/em><\/strong>: cytrusowy zapach stosowany w aromaterapii w celu wytworzenia si\u0142y i energii.<\/li>\n<\/ul>\n<ul>\n<li><strong><em>PAFRUM CLEOPATRY<\/em>:<\/strong> Unikalne po\u0142\u0105czenie Yi Yi Ren (chi\u0144skiego zio\u0142a) i bia\u0142ego lotosu. Rezultatem jest lekko s\u0142odki, delikatny i koj\u0105cy zapach.<\/li>\n<\/ul>\n<ul>\n<li><strong><em>SUSZONE DREWNO<\/em>:<\/strong> Zachwycaj\u0105ca mieszanka pi\u017cma i drewna. Ten ciep\u0142y, drzewny zapach wniesie kawa\u0142ek natury do Twojej \u0142azienki!<\/li>\n<\/ul>\n<ul>\n<li><strong><em>EUCALYPTUS<\/em>:<\/strong> Eukaliptus z odrobin\u0105 rozmarynu. Eukaliptus jest skuteczny w przezi\u0119bieniach i ma dzia\u0142anie orze\u017awiaj\u0105ce.<\/li>\n<\/ul>\n<ul>\n<li><strong><em>REGION \u015aR\u00d3DZIEMNOMORSKI<\/em>:<\/strong> Orze\u017awiaj\u0105cy zapach alg wzbogacony delikatn\u0105 nut\u0105 lotosu. Dzia\u0142a relaksuj\u0105co i koj\u0105co.<\/li>\n<\/ul>\n<p>&nbsp;<\/p>\n<h4>INSTRUKCJA OBS\u0141UGI<\/h4>\n<p><strong>SPIS TRE\u015aCI<\/strong><\/p>\n<p>Zawarto\u015b\u0107 butelki olejku do k\u0105pieli wynosi 250 ml; butelka jest przezroczysta i ma atrakcyjny wygl\u0105d.<\/p>\n<p><strong>POTLIFE<\/strong><\/p>\n<p>Okres trwa\u0142o\u015bci 12 miesi\u0119cy w oryginalnym opakowaniu. Olejek do k\u0105pieli mo\u017ce straci\u0107 kolor pod wp\u0142ywem promieniowania UV.<\/p>\n<p><strong>DOSING<\/strong><\/p>\n<p>Obietnica temperatury wody ok. 36\u00b0C, doda\u0107 25 ml oleju do k\u0105pieli na 200 litr\u00f3w wody do k\u0105pieli.<\/p>\n<p><strong>PRZECHOWYWANIE<\/strong><\/p>\n<p>Przechowywa\u0107 w oryginalnym opakowaniu w miejscu niedost\u0119pnym dla dzieci.<\/p>\n<p><strong>W PRZYPADKU KONTAKTU WZROKOWEGO<\/strong><\/p>\n<p>Delikatnie p\u0142uka\u0107 wod\u0105 przez kilka minut<\/p>\n<p><strong>NADWRA\u017bLIWO\u015a\u0106<\/strong><\/p>\n<p>Mo\u017ce powodowa\u0107 reakcje alergiczne u ludzi w kontakcie<\/p>\n<p><strong>SK\u0141ADNIKI INCI<\/strong><\/p>\n<p>Glikol dipropylenowy; perfumy; CI 42090<\/p>\n<p>&nbsp;<\/p>","protected":false},"excerpt":{"rendered":"<p>Nowy<b>\u00a0Olejek do k\u0105pieli Kleopatra<\/b>\u00a0to specjalnie opracowana aromaterapia do stosowania w wannach, jacuzzi i spa na \u015bwie\u017cym powietrzu. Olejek do k\u0105pieli sk\u0142ada si\u0119 ze starannie dobranych olejk\u00f3w eterycznych i zi\u00f3\u0142 i ca\u0142kowicie rozpuszcza si\u0119 w wodzie do k\u0105pieli.<\/p>","protected":false},"featured_media":3115,"template":"","format":"standard","meta":{"_acf_changed":false},"product_brand":[347],"product_cat":[71,77],"product_tag":[],"class_list":{"0":"post-3114","1":"product","2":"type-product","3":"status-publish","4":"format-standard","5":"has-post-thumbnail","7":"product_brand-cleopatra","8":"product_cat-shop","9":"product_cat-bad-sauna-stoombad-geuren","11":"first","12":"instock","13":"taxable","14":"shipping-taxable","15":"purchasable","16":"product-type-simple"},"acf":[],"_links":{"self":[{"href":"https:\/\/cleopatra.nl\/pl\/wp-json\/wp\/v2\/product\/3114","targetHints":{"allow":["GET"]}}],"collection":[{"href":"https:\/\/cleopatra.nl\/pl\/wp-json\/wp\/v2\/product"}],"about":[{"href":"https:\/\/cleopatra.nl\/pl\/wp-json\/wp\/v2\/types\/product"}],"wp:featuredmedia":[{"embeddable":true,"href":"https:\/\/cleopatra.nl\/pl\/wp-json\/wp\/v2\/media\/3115"}],"wp:attachment":[{"href":"https:\/\/cleopatra.nl\/pl\/wp-json\/wp\/v2\/media?parent=3114"}],"wp:term":[{"taxonomy":"product_brand","embeddable":true,"href":"https:\/\/cleopatra.nl\/pl\/wp-json\/wp\/v2\/product_brand?post=3114"},{"taxonomy":"product_cat","embeddable":true,"href":"https:\/\/cleopatra.nl\/pl\/wp-json\/wp\/v2\/product_cat?post=3114"},{"taxonomy":"product_tag","embeddable":true,"href":"https:\/\/cleopatra.nl\/pl\/wp-json\/wp\/v2\/product_tag?post=3114"}],"curies":[{"name":"wp","href":"https:\/\/api.w.org\/{rel}","templated":true}]}}